{"id":11,"date":"2020-07-07T16:25:55","date_gmt":"2020-07-07T14:25:55","guid":{"rendered":"https:\/\/metart.metropolitan.ac.rs\/?page_id=11"},"modified":"2024-07-16T09:07:25","modified_gmt":"2024-07-16T07:07:25","slug":"dizajn-interaktivnih-medija","status":"publish","type":"page","link":"https:\/\/metart.metropolitan.ac.rs\/2023\/dizajn-interaktivnih-medija\/","title":{"rendered":"Dizajn interaktivnih medija"},"content":{"rendered":"<div class=\"jas-container mt__50 mb__40\">\n<div class=\"black-b\">\n<p><a href=\"https:\/\/www.metropolitan.ac.rs\/fakultet-digitalnih-umetnosti-2\/dizajn-interaktivnih-medija\/\" rel=\"noopener\" target=\"_blank\">Diz\u0430jn inter\u0430ktivnih medij\u0430<\/a>, k\u0430o jedn\u0430 od obl\u0430sti primenjenih umetnosti, n\u0430 jedinstven n\u0430\u010din objedinjuje pr\u0430kti\u010dnu i estetsku str\u0430nu umetnosti. Program omogu\u0107ava sticanje teorijskih, stru\u010dnih i prakti\u010dnih znanja iz oblasti digitalnih umetnosti, grafi\u010dkog dizajna i \u0161ireg spektra dru\u0161tveno-humanisti\u010dkih predmeta. Studenti Dizajna interaktivnih medija sti\u010du znanja o tehnolo\u0161kim i estetskim osobinama i mogu\u0107nostima veb dizajna i animacije, kao i dizajna ra\u010dunarskih igara, ali i o svim segmentima procesa kreiranja animiranog filma i kratkih animiranih formi. Tako\u0111e, studenti u\u010de kako da re\u0161avaju kompleksne zadatake u razli\u010ditim novomedijskim okru\u017eenjima, kao \u0161to su napredna upotreba videa, izrada 3D video igara, obrada i primena zvuka, aplikativni interfejs dizajn, korporativni interaktivni interfejs dizajn, dizajn karaktera i okru\u017eenja za video igre.<\/p>\n<\/div>\n<\/div>\n<div class=\"meni me-ll\"><a href=\"https:\/\/metart.metropolitan.ac.rs\/2023\/3d-modelovanje\/\" class=\"link-link\">3D modelovanje<\/a><\/div>\n<div class=\"meni me-ll\"><a href=\"https:\/\/metart.metropolitan.ac.rs\/2023\/animirana-grafika\/\" class=\"link-link\">Animirana Grafika<\/a><\/div>\n<div class=\"meni me-ll\"><a href=\"https:\/\/metart.metropolitan.ac.rs\/2023\/crtanje\/\" class=\"link-link\">Crtanje<\/a><\/div>\n<div class=\"meni me-ll\"><a href=\"https:\/\/metart.metropolitan.ac.rs\/2023\/graficki-dizajn-2\/\" class=\"link-link\">Grafi\u010dki dizajn<\/a><\/div>\n<div class=\"meni me-ll\"><a href=\"https:\/\/metart.metropolitan.ac.rs\/2023\/digitalna-fotografija\/\" class=\"link-link\">Digitalna fotografija<\/a><\/div>\n<p><!--\n\n<div class=\"meni me-ll\"><a href=\"https:\/\/metart.metropolitan.ac.rs\/2023\/digitalni-video\/\" class=\"link-link\">Digitalni video<\/a><\/div>\n\n--><br \/>\n<!--\n\n<div class=\"meni me-ll\"><a href=\"https:\/\/metart.metropolitan.ac.rs\/2023\/dizajn-interakcije-i-korisnickog-iskustva\/\" class=\"link-link\">Dizajn interakcije i korisni\u010dkog iskustva<\/a><\/div>\n\n--><br \/>\n<!--\n\n<div class=\"meni me-ll\"><a href=\"https:\/\/metart.metropolitan.ac.rs\/2023\/izrada-racunarske-animacije\/\" class=\"link-link\">Izrada ra\u010dunarske animacije<\/a><\/div>\n\n--><\/p>\n<div class=\"meni me-ll\"><a href=\"https:\/\/metart.metropolitan.ac.rs\/2023\/ilustracija\/\" class=\"link-link\">Ilustracija<\/a><\/div>\n<div class=\"meni me-ll\"><a href=\"https:\/\/metart.metropolitan.ac.rs\/2023\/istorija-dizajna\/\" class=\"link-link\">Istorija dizajna<\/a><\/div>\n<div class=\"meni me-ll\"><a href=\"https:\/\/metart.metropolitan.ac.rs\/2023\/istorija-moderne-umetnosti\/\" class=\"link-link\">Istorija moderne umetnosti<\/a><\/div>\n<div class=\"meni me-ll\"><a href=\"https:\/\/metart.metropolitan.ac.rs\/2023\/istorija-umetnosti-novog-veka\/\" class=\"link-link\">Istorija umetnosti novog veka<\/a><\/div>\n<div class=\"meni me-ll\"><a href=\"https:\/\/metart.metropolitan.ac.rs\/2023\/istorija-umetnosti-starog-i-srednjeg-veka\/\" class=\"link-link\">Istorija umetnosti starog i srednjeg veka<\/a><\/div>\n<div class=\"meni me-ll\"><a href=\"https:\/\/metart.metropolitan.ac.rs\/2023\/tipografija\/\" class=\"link-link\">Tipografija<\/a><\/div>\n<p><!--\n\n<div class=\"meni me-ll\"><a href=\"https:\/\/metart.metropolitan.ac.rs\/2023\/osnove-grafickog-dizajna\/\" class=\"link-link\">Osnove grafi\u010dkog dizajna<\/a><\/div>\n\n--><\/p>\n<div class=\"meni me-ll\"><a href=\"https:\/\/metart.metropolitan.ac.rs\/2023\/vizuelni-efekti\/\" class=\"link-link\">Vizuelni efekti<\/a><\/div>\n<p><!--\n\n<div class=\"meni me-ll\"><a href=\"https:\/\/metart.metropolitan.ac.rs\/2023\/uvod-u-animaciju\/\" class=\"link-link\">Uvod u animaciju<\/a><\/div>\n\n--><br \/>\n<!--\n\n<div class=\"meni me-ll\"><a href=\"https:\/\/metart.metropolitan.ac.rs\/2023\/veb-dizajn-1\/\" class=\"link-link\">Veb dizajn 1<\/a><\/div>\n\n--><br \/>\n<!--\n\n<div class=\"meni me-ll\"><a href=\"https:\/\/metart.metropolitan.ac.rs\/2023\/veb-dizajn-2\/\" class=\"link-link\">Veb dizajn 2<\/a><\/div>\n\n--><\/p>\n","protected":false},"excerpt":{"rendered":"<p>Diz\u0430jn inter\u0430ktivnih medij\u0430, k\u0430o jedn\u0430 od obl\u0430sti primenjenih umetnosti, n\u0430 jedinstven n\u0430\u010din objedinjuje pr\u0430kti\u010dnu i estetsku str\u0430nu umetnosti. Program omogu\u0107ava sticanje teorijskih, stru\u010dnih i prakti\u010dnih znanja iz oblasti digitalnih umetnosti, grafi\u010dkog dizajna i \u0161ireg spektra dru\u0161tveno-humanisti\u010dkih predmeta. Studenti Dizajna interaktivnih medija sti\u010du znanja o tehnolo\u0161kim i estetskim osobinama i mogu\u0107nostima veb dizajna i animacije, kao [&hellip;]<\/p>\n","protected":false},"author":1,"featured_media":0,"parent":0,"menu_order":0,"comment_status":"closed","ping_status":"closed","template":"page-puna.php","meta":{"footnotes":""},"_links":{"self":[{"href":"https:\/\/metart.metropolitan.ac.rs\/2023\/wp-json\/wp\/v2\/pages\/11"}],"collection":[{"href":"https:\/\/metart.metropolitan.ac.rs\/2023\/wp-json\/wp\/v2\/pages"}],"about":[{"href":"https:\/\/metart.metropolitan.ac.rs\/2023\/wp-json\/wp\/v2\/types\/page"}],"author":[{"embeddable":true,"href":"https:\/\/metart.metropolitan.ac.rs\/2023\/wp-json\/wp\/v2\/users\/1"}],"replies":[{"embeddable":true,"href":"https:\/\/metart.metropolitan.ac.rs\/2023\/wp-json\/wp\/v2\/comments?post=11"}],"version-history":[{"count":0,"href":"https:\/\/metart.metropolitan.ac.rs\/2023\/wp-json\/wp\/v2\/pages\/11\/revisions"}],"wp:attachment":[{"href":"https:\/\/metart.metropolitan.ac.rs\/2023\/wp-json\/wp\/v2\/media?parent=11"}],"curies":[{"name":"wp","href":"https:\/\/api.w.org\/{rel}","templated":true}]}}