{"id":13,"date":"2020-07-07T16:26:06","date_gmt":"2020-07-07T14:26:06","guid":{"rendered":"https:\/\/metart.metropolitan.ac.rs\/?page_id=13"},"modified":"2024-07-16T09:07:46","modified_gmt":"2024-07-16T07:07:46","slug":"modni-dizajn","status":"publish","type":"page","link":"https:\/\/metart.metropolitan.ac.rs\/2023\/modni-dizajn\/","title":{"rendered":"Modni dizajn"},"content":{"rendered":"<div class=\"jas-container mt__50 mb__40\">\n<div class=\"black-b\">\n<p><a href=\"https:\/\/www.metropolitan.ac.rs\/fakultet-digitalnih-umetnosti-2\/modni-dizajn\/\" rel=\"noopener\" target=\"_blank\">Modni dizajn<\/a> je postao jedan od najatraktivnijih oblasti dizajna, ali i deo veoma zahtevnih grana svetske industrije. U prakti\u010dnom smislu modni dizajn omogu\u0107ava implementaciju i drugih zna\u010dajnih grana primenjene umetnosti. Studenti Modnog dizajna u\u010de se da razumeju zna\u010daj komunikacije i kriti\u010dkog razmi\u0161ljanja globalne industrije. Studije Modnog dizajna na Univerzitetu Metropolitan su istovremeno i izazov i inspiracija, spajaju\u0107i umetni\u010dke, tehni\u010dke i teorijske elemente u realisti\u010dan pristup modnoj industriji. Diplomirani modni dizajneri mogu u individualnom ili timskom radu da demonstriraju znanje iz svih aspekata modnog dizajna &#8211; od modne skice, kako autorske tako i industrijske, kompjuterskih aplikacija, pa sve do realizacije modne kolekcije, samih odevnih komada. Studenti koji zavr\u0161e ovaj smer tako\u0111e su stekli znanja iz oblasti modnog marketinga neophodna u uspe\u0161nom tr\u017ei\u0161nom pozicioniranju.<\/p>\n<\/div>\n<\/div>\n<div class=\"meni me-ll\"><a href=\"https:\/\/metart.metropolitan.ac.rs\/2023\/crtanje\/\" class=\"link-link\">Crtanje<\/a><\/div>\n<p><!--\n\n<div class=\"meni me-ll\"><a href=\"https:\/\/metart.metropolitan.ac.rs\/2023\/crtanje-i-slikanje-za-modni-dizajn\/\" class=\"link-link\">Crtanje i slikanje za modni dizajn<\/a><\/div>\n\n--><!--\n\n<div class=\"meni me-ll\"><a href=\"https:\/\/metart.metropolitan.ac.rs\/2023\/anatomsko-crtanje\/\" class=\"link-link\">Anatomsko crtanje<\/a><\/div>\n\n--><\/p>\n<div class=\"meni me-ll\"><a href=\"https:\/\/metart.metropolitan.ac.rs\/2023\/osnove-savremenog-odevanja\/\" class=\"link-link\">Osnove savremenog odevanja<\/a><\/div>\n<p><!--\n\n<div class=\"meni me-ll\"><a href=\"https:\/\/metart.metropolitan.ac.rs\/2023\/dizajn-tekstila-2\/\" class=\"link-link\">Dizajn tekstila 2<\/a><\/div>\n\n--><\/p>\n<div class=\"meni me-ll\"><a href=\"https:\/\/metart.metropolitan.ac.rs\/2023\/digitalna-fotografija\/\" class=\"link-link\">Digitalna fotografija<\/a><\/div>\n<div class=\"meni me-ll\"><a href=\"https:\/\/metart.metropolitan.ac.rs\/2023\/modne-tehnike\/\" class=\"link-link\">Modne tehnike<\/a><\/div>\n<p><!--\n\n<div class=\"meni me-ll\"><a href=\"https:\/\/metart.metropolitan.ac.rs\/2023\/3d-modni-dizajn\/\" class=\"link-link\">3D modni dizajn<\/a><\/div>\n\n--><\/p>\n<div class=\"meni me-ll\"><a href=\"https:\/\/metart.metropolitan.ac.rs\/2023\/modni-detalji\/\" class=\"link-link\">Modni detalji<\/a><\/div>\n<p><!--\n\n<div class=\"meni me-ll\"><a href=\"https:\/\/metart.metropolitan.ac.rs\/2023\/kostimografija-1\/\" class=\"link-link\">Kostimografija 1<\/a><\/div>\n\n--><br \/>\n<!--\n\n<div class=\"meni me-ll\"><a href=\"https:\/\/metart.metropolitan.ac.rs\/2023\/kostimografija-2\/\" class=\"link-link\">Kostimografija 2<\/a><\/div>\n\n--><\/p>\n<div class=\"meni me-ll\"><a href=\"https:\/\/metart.metropolitan.ac.rs\/2023\/modni-dizajn-1\/\" class=\"link-link\">Modni dizajn 1<\/a><\/div>\n<div class=\"meni me-ll\"><a href=\"https:\/\/metart.metropolitan.ac.rs\/2023\/modni-dizajn-4\/\" class=\"link-link\">Modni dizajn 4<\/a><\/div>\n<div class=\"meni me-ll\"><a href=\"https:\/\/metart.metropolitan.ac.rs\/2023\/modna-ilustracija\/\" class=\"link-link\">Modna ilustracija<\/a><\/div>\n<div class=\"meni me-ll\"><a href=\"https:\/\/metart.metropolitan.ac.rs\/2023\/modni-dizajn\/uvod-u-modnu-ilustraciju\/\" class=\"link-link\">Uvod u modnu ilustraciju<\/a><\/div>\n","protected":false},"excerpt":{"rendered":"<p>Modni dizajn je postao jedan od najatraktivnijih oblasti dizajna, ali i deo veoma zahtevnih grana svetske industrije. U prakti\u010dnom smislu modni dizajn omogu\u0107ava implementaciju i drugih zna\u010dajnih grana primenjene umetnosti. Studenti Modnog dizajna u\u010de se da razumeju zna\u010daj komunikacije i kriti\u010dkog razmi\u0161ljanja globalne industrije. Studije Modnog dizajna na Univerzitetu Metropolitan su istovremeno i izazov i [&hellip;]<\/p>\n","protected":false},"author":1,"featured_media":0,"parent":0,"menu_order":0,"comment_status":"closed","ping_status":"closed","template":"page-puna.php","meta":{"footnotes":""},"_links":{"self":[{"href":"https:\/\/metart.metropolitan.ac.rs\/2023\/wp-json\/wp\/v2\/pages\/13"}],"collection":[{"href":"https:\/\/metart.metropolitan.ac.rs\/2023\/wp-json\/wp\/v2\/pages"}],"about":[{"href":"https:\/\/metart.metropolitan.ac.rs\/2023\/wp-json\/wp\/v2\/types\/page"}],"author":[{"embeddable":true,"href":"https:\/\/metart.metropolitan.ac.rs\/2023\/wp-json\/wp\/v2\/users\/1"}],"replies":[{"embeddable":true,"href":"https:\/\/metart.metropolitan.ac.rs\/2023\/wp-json\/wp\/v2\/comments?post=13"}],"version-history":[{"count":0,"href":"https:\/\/metart.metropolitan.ac.rs\/2023\/wp-json\/wp\/v2\/pages\/13\/revisions"}],"wp:attachment":[{"href":"https:\/\/metart.metropolitan.ac.rs\/2023\/wp-json\/wp\/v2\/media?parent=13"}],"curies":[{"name":"wp","href":"https:\/\/api.w.org\/{rel}","templated":true}]}}