{"id":2032,"date":"2021-06-28T12:20:43","date_gmt":"2021-06-28T10:20:43","guid":{"rendered":"https:\/\/metart.metropolitan.ac.rs\/?page_id=2032"},"modified":"2023-06-23T12:39:36","modified_gmt":"2023-06-23T10:39:36","slug":"dizajn-pakovanja","status":"publish","type":"page","link":"https:\/\/metart.metropolitan.ac.rs\/2023\/dizajn-pakovanja\/","title":{"rendered":"Dizajn pakovanja"},"content":{"rendered":"<div id=\"jig1\" class=\"justified-image-grid jig-15beaa924adc0df4d5992cf3a76221ac jig-preset-global\"><div class=\"jig-clearfix\"><\/div><noscript id=\"jig1-html\" class=\"justified-image-grid-html\" data-lazy-src=\"skiplazyload\" data-src=\"skipunveillazyload\"><ul><li><a href=\"https:\/\/metart.metropolitan.ac.rs\/2023\/wp-content\/uploads\/2023\/06\/M-T-AD310-Dizajn-pakovanja-3-683x1024.jpg\"><img loading=\"lazy\" decoding=\"async\" src=\"https:\/\/metart.metropolitan.ac.rs\/2023\/wp-content\/plugins\/justified-image-grid\/timthumb.php?src=https%3A%2F%2Fmetart.metropolitan.ac.rs%2F2023%2Fwp-content%2Fuploads%2F2023%2F06%2FM-T-AD310-Dizajn-pakovanja-3-683x1024.jpg&amp;h=380&amp;q=90&amp;f=.jpg\" alt=\"M T - AD310 - Dizajn pakovanja 3\" width=\"253\" height=\"380\" \/><\/a><p class=\"jig-HTMLdescription\">M T - AD310 - Dizajn pakovanja 3<br\/><\/p><\/li><li><a href=\"https:\/\/metart.metropolitan.ac.rs\/2023\/wp-content\/uploads\/2023\/06\/M-T-AD310-Dizajn-pakovanja-683x1024.jpg\"><img loading=\"lazy\" decoding=\"async\" src=\"https:\/\/metart.metropolitan.ac.rs\/2023\/wp-content\/plugins\/justified-image-grid\/timthumb.php?src=https%3A%2F%2Fmetart.metropolitan.ac.rs%2F2023%2Fwp-content%2Fuploads%2F2023%2F06%2FM-T-AD310-Dizajn-pakovanja-683x1024.jpg&amp;h=380&amp;q=90&amp;f=.jpg\" alt=\"M T - AD310 - Dizajn pakovanja\" width=\"253\" height=\"380\" \/><\/a><p class=\"jig-HTMLdescription\">M T - AD310 - Dizajn pakovanja<br\/><\/p><\/li><li><a href=\"https:\/\/metart.metropolitan.ac.rs\/2023\/wp-content\/uploads\/2023\/06\/Milica-Gasic-AD310-Dizajn-pakovanja-1024x680.jpg\"><img loading=\"lazy\" decoding=\"async\" src=\"https:\/\/metart.metropolitan.ac.rs\/2023\/wp-content\/plugins\/justified-image-grid\/timthumb.php?src=https%3A%2F%2Fmetart.metropolitan.ac.rs%2F2023%2Fwp-content%2Fuploads%2F2023%2F06%2FMilica-Gasic-AD310-Dizajn-pakovanja-1024x680.jpg&amp;h=380&amp;q=90&amp;f=.jpg\" alt=\"Milica Ga\u0161i\u0107 - AD310 - Dizajn pakovanja\" width=\"572\" height=\"380\" \/><\/a><p class=\"jig-HTMLdescription\">Milica Ga\u0161i\u0107 - AD310 - Dizajn pakovanja<br\/><\/p><\/li><li><a href=\"https:\/\/metart.metropolitan.ac.rs\/2023\/wp-content\/uploads\/2023\/06\/Nora-Sabanovic-AD310-Dizajn-pakovanja-2-1024x683.jpg\"><img loading=\"lazy\" decoding=\"async\" src=\"https:\/\/metart.metropolitan.ac.rs\/2023\/wp-content\/plugins\/justified-image-grid\/timthumb.php?src=https%3A%2F%2Fmetart.metropolitan.ac.rs%2F2023%2Fwp-content%2Fuploads%2F2023%2F06%2FNora-Sabanovic-AD310-Dizajn-pakovanja-2-1024x683.jpg&amp;h=380&amp;q=90&amp;f=.jpg\" alt=\"Nora \u0160abanovic- AD310 - Dizajn pakovanja 2\" width=\"569\" height=\"380\" \/><\/a><p class=\"jig-HTMLdescription\">Nora \u0160abanovic- AD310 - Dizajn pakovanja 2<br\/><\/p><\/li><li><a href=\"https:\/\/metart.metropolitan.ac.rs\/2023\/wp-content\/uploads\/2023\/06\/Nora-Sabanovic-AD310-Dizajn-pakovanja-3-1024x1024.jpg\"><img loading=\"lazy\" decoding=\"async\" src=\"https:\/\/metart.metropolitan.ac.rs\/2023\/wp-content\/plugins\/justified-image-grid\/timthumb.php?src=https%3A%2F%2Fmetart.metropolitan.ac.rs%2F2023%2Fwp-content%2Fuploads%2F2023%2F06%2FNora-Sabanovic-AD310-Dizajn-pakovanja-3-1024x1024.jpg&amp;h=380&amp;q=90&amp;f=.jpg\" alt=\"Nora \u0160abanovic- AD310 - Dizajn pakovanja 3\" width=\"380\" height=\"380\" \/><\/a><p class=\"jig-HTMLdescription\">Nora \u0160abanovic- AD310 - Dizajn pakovanja 3<br\/><\/p><\/li><li><a href=\"https:\/\/metart.metropolitan.ac.rs\/2023\/wp-content\/uploads\/2023\/06\/Nora-Sabanovic-AD310-Dizajn-pakovanja-4-1024x683.jpg\"><img loading=\"lazy\" decoding=\"async\" src=\"https:\/\/metart.metropolitan.ac.rs\/2023\/wp-content\/plugins\/justified-image-grid\/timthumb.php?src=https%3A%2F%2Fmetart.metropolitan.ac.rs%2F2023%2Fwp-content%2Fuploads%2F2023%2F06%2FNora-Sabanovic-AD310-Dizajn-pakovanja-4-1024x683.jpg&amp;h=380&amp;q=90&amp;f=.jpg\" alt=\"Nora \u0160abanovic- AD310 - Dizajn pakovanja 4\" width=\"569\" height=\"380\" \/><\/a><p class=\"jig-HTMLdescription\">Nora \u0160abanovic- AD310 - Dizajn pakovanja 4<br\/><\/p><\/li><li><a href=\"https:\/\/metart.metropolitan.ac.rs\/2023\/wp-content\/uploads\/2023\/06\/Nora-Sabanovic-AD310-Dizajn-pakovanja-5-1024x1024.jpg\"><img loading=\"lazy\" decoding=\"async\" src=\"https:\/\/metart.metropolitan.ac.rs\/2023\/wp-content\/plugins\/justified-image-grid\/timthumb.php?src=https%3A%2F%2Fmetart.metropolitan.ac.rs%2F2023%2Fwp-content%2Fuploads%2F2023%2F06%2FNora-Sabanovic-AD310-Dizajn-pakovanja-5-1024x1024.jpg&amp;h=380&amp;q=90&amp;f=.jpg\" alt=\"Nora \u0160abanovic- AD310 - Dizajn pakovanja 5\" width=\"380\" height=\"380\" \/><\/a><p class=\"jig-HTMLdescription\">Nora \u0160abanovic- AD310 - Dizajn pakovanja 5<br\/><\/p><\/li><li><a href=\"https:\/\/metart.metropolitan.ac.rs\/2023\/wp-content\/uploads\/2023\/06\/Nora-Sabanovic-AD310-Dizajn-pakovanja-6-1024x731.jpg\"><img loading=\"lazy\" decoding=\"async\" src=\"https:\/\/metart.metropolitan.ac.rs\/2023\/wp-content\/plugins\/justified-image-grid\/timthumb.php?src=https%3A%2F%2Fmetart.metropolitan.ac.rs%2F2023%2Fwp-content%2Fuploads%2F2023%2F06%2FNora-Sabanovic-AD310-Dizajn-pakovanja-6-1024x731.jpg&amp;h=380&amp;q=90&amp;f=.jpg\" alt=\"Nora \u0160abanovic- AD310 - Dizajn pakovanja 6\" width=\"532\" height=\"380\" \/><\/a><p class=\"jig-HTMLdescription\">Nora \u0160abanovic- AD310 - Dizajn pakovanja 6<br\/><\/p><\/li><li><a href=\"https:\/\/metart.metropolitan.ac.rs\/2023\/wp-content\/uploads\/2023\/06\/Nora-Sabanovic-AD310-Dizajn-pakovanja-7-1024x1024.jpg\"><img loading=\"lazy\" decoding=\"async\" src=\"https:\/\/metart.metropolitan.ac.rs\/2023\/wp-content\/plugins\/justified-image-grid\/timthumb.php?src=https%3A%2F%2Fmetart.metropolitan.ac.rs%2F2023%2Fwp-content%2Fuploads%2F2023%2F06%2FNora-Sabanovic-AD310-Dizajn-pakovanja-7-1024x1024.jpg&amp;h=380&amp;q=90&amp;f=.jpg\" alt=\"Nora \u0160abanovic- AD310 - Dizajn pakovanja 7\" width=\"380\" height=\"380\" \/><\/a><p class=\"jig-HTMLdescription\">Nora \u0160abanovic- AD310 - Dizajn pakovanja 7<br\/><\/p><\/li><li><a href=\"https:\/\/metart.metropolitan.ac.rs\/2023\/wp-content\/uploads\/2023\/06\/Nora-Sabanovic-AD310-Dizajn-pakovanja-1024x683.jpg\"><img loading=\"lazy\" decoding=\"async\" src=\"https:\/\/metart.metropolitan.ac.rs\/2023\/wp-content\/plugins\/justified-image-grid\/timthumb.php?src=https%3A%2F%2Fmetart.metropolitan.ac.rs%2F2023%2Fwp-content%2Fuploads%2F2023%2F06%2FNora-Sabanovic-AD310-Dizajn-pakovanja-1024x683.jpg&amp;h=380&amp;q=90&amp;f=.jpg\" alt=\"Nora \u0160abanovic- AD310 - Dizajn pakovanja\" width=\"569\" height=\"380\" \/><\/a><p class=\"jig-HTMLdescription\">Nora \u0160abanovic- AD310 - Dizajn pakovanja<br\/><\/p><\/li><li><a href=\"https:\/\/metart.metropolitan.ac.rs\/2023\/wp-content\/uploads\/2023\/06\/Dusan-Milesevic-AD310-Dizajn-pakovanja-681x1024.jpg\"><img loading=\"lazy\" decoding=\"async\" src=\"https:\/\/metart.metropolitan.ac.rs\/2023\/wp-content\/plugins\/justified-image-grid\/timthumb.php?src=https%3A%2F%2Fmetart.metropolitan.ac.rs%2F2023%2Fwp-content%2Fuploads%2F2023%2F06%2FDusan-Milesevic-AD310-Dizajn-pakovanja-681x1024.jpg&amp;h=380&amp;q=90&amp;f=.jpg\" alt=\"Du\u0161an Mile\u0161evi\u0107 - AD310 - Dizajn pakovanja\" width=\"252\" height=\"380\" \/><\/a><p class=\"jig-HTMLdescription\">Du\u0161an Mile\u0161evi\u0107 - AD310 - Dizajn pakovanja<br\/><\/p><\/li><li><a href=\"https:\/\/metart.metropolitan.ac.rs\/2023\/wp-content\/uploads\/2023\/06\/M-T-AD310-Dizajn-pakovanja-2-683x1024.jpg\"><img loading=\"lazy\" decoding=\"async\" src=\"https:\/\/metart.metropolitan.ac.rs\/2023\/wp-content\/plugins\/justified-image-grid\/timthumb.php?src=https%3A%2F%2Fmetart.metropolitan.ac.rs%2F2023%2Fwp-content%2Fuploads%2F2023%2F06%2FM-T-AD310-Dizajn-pakovanja-2-683x1024.jpg&amp;h=380&amp;q=90&amp;f=.jpg\" alt=\"M T - AD310 - Dizajn pakovanja 2\" width=\"253\" height=\"380\" \/><\/a><p class=\"jig-HTMLdescription\">M T - AD310 - Dizajn pakovanja 2<br\/><\/p><\/li><\/ul><\/noscript><\/div>\n","protected":false},"excerpt":{"rendered":"","protected":false},"author":2,"featured_media":0,"parent":0,"menu_order":0,"comment_status":"closed","ping_status":"closed","template":"page-puna.php","meta":{"footnotes":""},"_links":{"self":[{"href":"https:\/\/metart.metropolitan.ac.rs\/2023\/wp-json\/wp\/v2\/pages\/2032"}],"collection":[{"href":"https:\/\/metart.metropolitan.ac.rs\/2023\/wp-json\/wp\/v2\/pages"}],"about":[{"href":"https:\/\/metart.metropolitan.ac.rs\/2023\/wp-json\/wp\/v2\/types\/page"}],"author":[{"embeddable":true,"href":"https:\/\/metart.metropolitan.ac.rs\/2023\/wp-json\/wp\/v2\/users\/2"}],"replies":[{"embeddable":true,"href":"https:\/\/metart.metropolitan.ac.rs\/2023\/wp-json\/wp\/v2\/comments?post=2032"}],"version-history":[{"count":0,"href":"https:\/\/metart.metropolitan.ac.rs\/2023\/wp-json\/wp\/v2\/pages\/2032\/revisions"}],"wp:attachment":[{"href":"https:\/\/metart.metropolitan.ac.rs\/2023\/wp-json\/wp\/v2\/media?parent=2032"}],"curies":[{"name":"wp","href":"https:\/\/api.w.org\/{rel}","templated":true}]}}