{"id":2415,"date":"2021-06-28T13:23:06","date_gmt":"2021-06-28T11:23:06","guid":{"rendered":"https:\/\/metart.metropolitan.ac.rs\/?page_id=2415"},"modified":"2023-06-26T15:41:56","modified_gmt":"2023-06-26T13:41:56","slug":"istorija-umetnosti-novog-veka","status":"publish","type":"page","link":"https:\/\/metart.metropolitan.ac.rs\/2023\/istorija-umetnosti-novog-veka\/","title":{"rendered":"Istorija umetnosti novog veka"},"content":{"rendered":"<div id=\"jig1\" class=\"justified-image-grid jig-41778863cd6e08b3bb963dd5d7a1b213 jig-preset-global\"><div class=\"jig-clearfix\"><\/div><noscript id=\"jig1-html\" class=\"justified-image-grid-html\" data-lazy-src=\"skiplazyload\" data-src=\"skipunveillazyload\"><ul><li><a href=\"https:\/\/metart.metropolitan.ac.rs\/2023\/wp-content\/uploads\/2023\/06\/Andrej-Nikolov-AD112-Istorija-umetnosti-novog-veka-1024x724.jpg\"><img loading=\"lazy\" decoding=\"async\" src=\"https:\/\/metart.metropolitan.ac.rs\/2023\/wp-content\/plugins\/justified-image-grid\/timthumb.php?src=https%3A%2F%2Fmetart.metropolitan.ac.rs%2F2023%2Fwp-content%2Fuploads%2F2023%2F06%2FAndrej-Nikolov-AD112-Istorija-umetnosti-novog-veka-1024x724.jpg&amp;h=380&amp;q=90&amp;f=.jpg\" alt=\"Andrej Nikolov - AD112 - Istorija umetnosti novog veka\" width=\"537\" height=\"380\" \/><\/a><p class=\"jig-HTMLdescription\">Andrej Nikolov - AD112 - Istorija umetnosti novog veka<br\/><\/p><\/li><li><a href=\"https:\/\/metart.metropolitan.ac.rs\/2023\/wp-content\/uploads\/2023\/06\/Bojana-Jeremic-AD112-Istorija-umetnosti-novog-veka-2-724x1024.jpg\"><img loading=\"lazy\" decoding=\"async\" src=\"https:\/\/metart.metropolitan.ac.rs\/2023\/wp-content\/plugins\/justified-image-grid\/timthumb.php?src=https%3A%2F%2Fmetart.metropolitan.ac.rs%2F2023%2Fwp-content%2Fuploads%2F2023%2F06%2FBojana-Jeremic-AD112-Istorija-umetnosti-novog-veka-2-724x1024.jpg&amp;h=380&amp;q=90&amp;f=.jpg\" alt=\"Bojana Jeremi\u0107 - AD112 - Istorija umetnosti novog veka 2\" width=\"268\" height=\"380\" \/><\/a><p class=\"jig-HTMLdescription\">Bojana Jeremi\u0107 - AD112 - Istorija umetnosti novog veka 2<br\/><\/p><\/li><li><a href=\"https:\/\/metart.metropolitan.ac.rs\/2023\/wp-content\/uploads\/2023\/06\/Bojana-Jeremic-AD112-Istorija-umetnosti-novog-veka-724x1024.jpg\"><img loading=\"lazy\" decoding=\"async\" src=\"https:\/\/metart.metropolitan.ac.rs\/2023\/wp-content\/plugins\/justified-image-grid\/timthumb.php?src=https%3A%2F%2Fmetart.metropolitan.ac.rs%2F2023%2Fwp-content%2Fuploads%2F2023%2F06%2FBojana-Jeremic-AD112-Istorija-umetnosti-novog-veka-724x1024.jpg&amp;h=380&amp;q=90&amp;f=.jpg\" alt=\"Bojana Jeremi\u0107 - AD112 - Istorija umetnosti novog veka\" width=\"268\" height=\"380\" \/><\/a><p class=\"jig-HTMLdescription\">Bojana Jeremi\u0107 - AD112 - Istorija umetnosti novog veka<br\/><\/p><\/li><li><a href=\"https:\/\/metart.metropolitan.ac.rs\/2023\/wp-content\/uploads\/2023\/06\/Danica-Petrovic-AD112-Istorija-umetnosti-novog-veka-724x1024.jpg\"><img loading=\"lazy\" decoding=\"async\" src=\"https:\/\/metart.metropolitan.ac.rs\/2023\/wp-content\/plugins\/justified-image-grid\/timthumb.php?src=https%3A%2F%2Fmetart.metropolitan.ac.rs%2F2023%2Fwp-content%2Fuploads%2F2023%2F06%2FDanica-Petrovic-AD112-Istorija-umetnosti-novog-veka-724x1024.jpg&amp;h=380&amp;q=90&amp;f=.jpg\" alt=\"Danica Petrovi\u0107 - AD112 - Istorija umetnosti novog veka\" width=\"268\" height=\"380\" \/><\/a><p class=\"jig-HTMLdescription\">Danica Petrovi\u0107 - AD112 - Istorija umetnosti novog veka<br\/><\/p><\/li><li><a href=\"https:\/\/metart.metropolitan.ac.rs\/2023\/wp-content\/uploads\/2023\/06\/Darisa-Kornja-AD112-Istorija-umetnosti-novog-veka-724x1024.jpg\"><img loading=\"lazy\" decoding=\"async\" src=\"https:\/\/metart.metropolitan.ac.rs\/2023\/wp-content\/plugins\/justified-image-grid\/timthumb.php?src=https%3A%2F%2Fmetart.metropolitan.ac.rs%2F2023%2Fwp-content%2Fuploads%2F2023%2F06%2FDarisa-Kornja-AD112-Istorija-umetnosti-novog-veka-724x1024.jpg&amp;h=380&amp;q=90&amp;f=.jpg\" alt=\"Darisa Kornja - AD112 - Istorija umetnosti novog veka\" width=\"268\" height=\"380\" \/><\/a><p class=\"jig-HTMLdescription\">Darisa Kornja - AD112 - Istorija umetnosti novog veka<br\/><\/p><\/li><li><a href=\"https:\/\/metart.metropolitan.ac.rs\/2023\/wp-content\/uploads\/2023\/06\/Dunja-Vidicki-AD112-Istorija-umetnosti-novog-veka-724x1024.jpg\"><img loading=\"lazy\" decoding=\"async\" src=\"https:\/\/metart.metropolitan.ac.rs\/2023\/wp-content\/plugins\/justified-image-grid\/timthumb.php?src=https%3A%2F%2Fmetart.metropolitan.ac.rs%2F2023%2Fwp-content%2Fuploads%2F2023%2F06%2FDunja-Vidicki-AD112-Istorija-umetnosti-novog-veka-724x1024.jpg&amp;h=380&amp;q=90&amp;f=.jpg\" alt=\"Dunja Vidicki - AD112 - Istorija umetnosti novog veka\" width=\"268\" height=\"380\" \/><\/a><p class=\"jig-HTMLdescription\">Dunja Vidicki - AD112 - Istorija umetnosti novog veka<br\/><\/p><\/li><li><a href=\"https:\/\/metart.metropolitan.ac.rs\/2023\/wp-content\/uploads\/2023\/06\/Jana-Andric-AD112-Istorija-umetnosti-novog-veka-677x1024.jpg\"><img loading=\"lazy\" decoding=\"async\" src=\"https:\/\/metart.metropolitan.ac.rs\/2023\/wp-content\/plugins\/justified-image-grid\/timthumb.php?src=https%3A%2F%2Fmetart.metropolitan.ac.rs%2F2023%2Fwp-content%2Fuploads%2F2023%2F06%2FJana-Andric-AD112-Istorija-umetnosti-novog-veka-677x1024.jpg&amp;h=380&amp;q=90&amp;f=.jpg\" alt=\"Jana Andri\u0107 - AD112 - Istorija umetnosti novog veka\" width=\"251\" height=\"380\" \/><\/a><p class=\"jig-HTMLdescription\">Jana Andri\u0107 - AD112 - Istorija umetnosti novog veka<br\/><\/p><\/li><li><a href=\"https:\/\/metart.metropolitan.ac.rs\/2023\/wp-content\/uploads\/2023\/06\/Jelena-Cvetkovic-AD112-Istorija-umetnosti-novog-veka.jpg\"><img loading=\"lazy\" decoding=\"async\" src=\"https:\/\/metart.metropolitan.ac.rs\/2023\/wp-content\/plugins\/justified-image-grid\/timthumb.php?src=https%3A%2F%2Fmetart.metropolitan.ac.rs%2F2023%2Fwp-content%2Fuploads%2F2023%2F06%2FJelena-Cvetkovic-AD112-Istorija-umetnosti-novog-veka.jpg&amp;h=380&amp;q=90&amp;f=.jpg\" alt=\"Jelena Cvetkovi\u0107 - AD112 - Istorija umetnosti novog veka\" width=\"268\" height=\"380\" \/><\/a><p class=\"jig-HTMLdescription\">Jelena Cvetkovi\u0107 - AD112 - Istorija umetnosti novog veka<br\/><\/p><\/li><li><a href=\"https:\/\/metart.metropolitan.ac.rs\/2023\/wp-content\/uploads\/2023\/06\/Jovan-NIkolic-AD112-Istorija-umetnosti-novog-veka-720x1024.jpg\"><img loading=\"lazy\" decoding=\"async\" src=\"https:\/\/metart.metropolitan.ac.rs\/2023\/wp-content\/plugins\/justified-image-grid\/timthumb.php?src=https%3A%2F%2Fmetart.metropolitan.ac.rs%2F2023%2Fwp-content%2Fuploads%2F2023%2F06%2FJovan-NIkolic-AD112-Istorija-umetnosti-novog-veka-720x1024.jpg&amp;h=380&amp;q=90&amp;f=.jpg\" alt=\"Jovan NIkoli\u0107 - AD112 - Istorija umetnosti novog veka\" width=\"267\" height=\"380\" \/><\/a><p class=\"jig-HTMLdescription\">Jovan NIkoli\u0107 - AD112 - Istorija umetnosti novog veka<br\/><\/p><\/li><li><a href=\"https:\/\/metart.metropolitan.ac.rs\/2023\/wp-content\/uploads\/2023\/06\/Jovanovic-Vuk-AD112-Istorija-umetnosti-novog-veka-724x1024.jpg\"><img loading=\"lazy\" decoding=\"async\" src=\"https:\/\/metart.metropolitan.ac.rs\/2023\/wp-content\/plugins\/justified-image-grid\/timthumb.php?src=https%3A%2F%2Fmetart.metropolitan.ac.rs%2F2023%2Fwp-content%2Fuploads%2F2023%2F06%2FJovanovic-Vuk-AD112-Istorija-umetnosti-novog-veka-724x1024.jpg&amp;h=380&amp;q=90&amp;f=.jpg\" alt=\"Jovanovi\u0107 Vuk - AD112 - Istorija umetnosti novog veka\" width=\"268\" height=\"380\" \/><\/a><p class=\"jig-HTMLdescription\">Jovanovi\u0107 Vuk - AD112 - Istorija umetnosti novog veka<br\/><\/p><\/li><li><a href=\"https:\/\/metart.metropolitan.ac.rs\/2023\/wp-content\/uploads\/2023\/06\/Kristina-Djordjevic-AD112-Istorija-umetnosti-novog-veka.jpg\"><img loading=\"lazy\" decoding=\"async\" src=\"https:\/\/metart.metropolitan.ac.rs\/2023\/wp-content\/plugins\/justified-image-grid\/timthumb.php?src=https%3A%2F%2Fmetart.metropolitan.ac.rs%2F2023%2Fwp-content%2Fuploads%2F2023%2F06%2FKristina-Djordjevic-AD112-Istorija-umetnosti-novog-veka.jpg&amp;h=380&amp;q=90&amp;f=.jpg\" alt=\"Kristina Djordjevic - AD112 - Istorija umetnosti novog veka\" width=\"268\" height=\"380\" \/><\/a><p class=\"jig-HTMLdescription\">Kristina Djordjevic - AD112 - Istorija umetnosti novog veka<br\/><\/p><\/li><li><a href=\"https:\/\/metart.metropolitan.ac.rs\/2023\/wp-content\/uploads\/2023\/06\/Kristina-Srejic-AD112-Istorija-umetnosti-novog-veka-724x1024.jpg\"><img loading=\"lazy\" decoding=\"async\" src=\"https:\/\/metart.metropolitan.ac.rs\/2023\/wp-content\/plugins\/justified-image-grid\/timthumb.php?src=https%3A%2F%2Fmetart.metropolitan.ac.rs%2F2023%2Fwp-content%2Fuploads%2F2023%2F06%2FKristina-Srejic-AD112-Istorija-umetnosti-novog-veka-724x1024.jpg&amp;h=380&amp;q=90&amp;f=.jpg\" alt=\"Kristina Sreji\u0107 - AD112 - Istorija umetnosti novog veka\" width=\"268\" height=\"380\" \/><\/a><p class=\"jig-HTMLdescription\">Kristina Sreji\u0107 - AD112 - Istorija umetnosti novog veka<br\/><\/p><\/li><li><a href=\"https:\/\/metart.metropolitan.ac.rs\/2023\/wp-content\/uploads\/2023\/06\/Lara-Simic-AD112-Istorija-umetnosti-novog-veka-724x1024.jpg\"><img loading=\"lazy\" decoding=\"async\" src=\"https:\/\/metart.metropolitan.ac.rs\/2023\/wp-content\/plugins\/justified-image-grid\/timthumb.php?src=https%3A%2F%2Fmetart.metropolitan.ac.rs%2F2023%2Fwp-content%2Fuploads%2F2023%2F06%2FLara-Simic-AD112-Istorija-umetnosti-novog-veka-724x1024.jpg&amp;h=380&amp;q=90&amp;f=.jpg\" alt=\"Lara Simi\u0107 - AD112 - Istorija umetnosti novog veka\" width=\"268\" height=\"380\" \/><\/a><p class=\"jig-HTMLdescription\">Lara Simi\u0107 - AD112 - Istorija umetnosti novog veka<br\/><\/p><\/li><li><a href=\"https:\/\/metart.metropolitan.ac.rs\/2023\/wp-content\/uploads\/2023\/06\/Lena-Antic-AD112-Istorija-umetnosti-novog-veka-2-724x1024.jpg\"><img loading=\"lazy\" decoding=\"async\" src=\"https:\/\/metart.metropolitan.ac.rs\/2023\/wp-content\/plugins\/justified-image-grid\/timthumb.php?src=https%3A%2F%2Fmetart.metropolitan.ac.rs%2F2023%2Fwp-content%2Fuploads%2F2023%2F06%2FLena-Antic-AD112-Istorija-umetnosti-novog-veka-2-724x1024.jpg&amp;h=380&amp;q=90&amp;f=.jpg\" alt=\"Lena Anti\u0107 - AD112 - Istorija umetnosti novog veka 2\" width=\"268\" height=\"380\" \/><\/a><p class=\"jig-HTMLdescription\">Lena Anti\u0107 - AD112 - Istorija umetnosti novog veka 2<br\/><\/p><\/li><li><a href=\"https:\/\/metart.metropolitan.ac.rs\/2023\/wp-content\/uploads\/2023\/06\/Lena-Antic-AD112-Istorija-umetnosti-novog-veka-724x1024.jpg\"><img loading=\"lazy\" decoding=\"async\" src=\"https:\/\/metart.metropolitan.ac.rs\/2023\/wp-content\/plugins\/justified-image-grid\/timthumb.php?src=https%3A%2F%2Fmetart.metropolitan.ac.rs%2F2023%2Fwp-content%2Fuploads%2F2023%2F06%2FLena-Antic-AD112-Istorija-umetnosti-novog-veka-724x1024.jpg&amp;h=380&amp;q=90&amp;f=.jpg\" alt=\"Lena Anti\u0107 - AD112 - Istorija umetnosti novog veka\" width=\"268\" height=\"380\" \/><\/a><p class=\"jig-HTMLdescription\">Lena Anti\u0107 - AD112 - Istorija umetnosti novog veka<br\/><\/p><\/li><li><a href=\"https:\/\/metart.metropolitan.ac.rs\/2023\/wp-content\/uploads\/2023\/06\/Lidija-Sekulic-AD112-Istorija-umetnosti-novog-veka-818x1024.jpg\"><img loading=\"lazy\" decoding=\"async\" src=\"https:\/\/metart.metropolitan.ac.rs\/2023\/wp-content\/plugins\/justified-image-grid\/timthumb.php?src=https%3A%2F%2Fmetart.metropolitan.ac.rs%2F2023%2Fwp-content%2Fuploads%2F2023%2F06%2FLidija-Sekulic-AD112-Istorija-umetnosti-novog-veka-818x1024.jpg&amp;h=380&amp;q=90&amp;f=.jpg\" alt=\"Lidija Sekuli\u0107 - AD112 - Istorija umetnosti novog veka\" width=\"303\" height=\"380\" \/><\/a><p class=\"jig-HTMLdescription\">Lidija Sekuli\u0107 - AD112 - Istorija umetnosti novog veka<br\/><\/p><\/li><li><a href=\"https:\/\/metart.metropolitan.ac.rs\/2023\/wp-content\/uploads\/2023\/06\/Luka-Radojicic-AD112-Istorija-umetnosti-novog-veka-724x1024.png\"><img loading=\"lazy\" decoding=\"async\" src=\"https:\/\/metart.metropolitan.ac.rs\/2023\/wp-content\/plugins\/justified-image-grid\/timthumb.php?src=https%3A%2F%2Fmetart.metropolitan.ac.rs%2F2023%2Fwp-content%2Fuploads%2F2023%2F06%2FLuka-Radojicic-AD112-Istorija-umetnosti-novog-veka-724x1024.png&amp;h=380&amp;q=90&amp;f=.png\" alt=\"Luka Radoji\u010di\u0107 - AD112 - Istorija umetnosti novog veka\" width=\"268\" height=\"380\" \/><\/a><p class=\"jig-HTMLdescription\">Luka Radoji\u010di\u0107 - AD112 - Istorija umetnosti novog veka<br\/><\/p><\/li><li><a href=\"https:\/\/metart.metropolitan.ac.rs\/2023\/wp-content\/uploads\/2023\/06\/Marijana-Krezovic-AD112-Istorija-umetnosti-novog-veka-739x1024.jpg\"><img loading=\"lazy\" decoding=\"async\" src=\"https:\/\/metart.metropolitan.ac.rs\/2023\/wp-content\/plugins\/justified-image-grid\/timthumb.php?src=https%3A%2F%2Fmetart.metropolitan.ac.rs%2F2023%2Fwp-content%2Fuploads%2F2023%2F06%2FMarijana-Krezovic-AD112-Istorija-umetnosti-novog-veka-739x1024.jpg&amp;h=380&amp;q=90&amp;f=.jpg\" alt=\"Marijana Krezovi\u0107 - AD112 - Istorija umetnosti novog veka\" width=\"274\" height=\"380\" \/><\/a><p class=\"jig-HTMLdescription\">Marijana Krezovi\u0107 - AD112 - Istorija umetnosti novog veka<br\/><\/p><\/li><li><a href=\"https:\/\/metart.metropolitan.ac.rs\/2023\/wp-content\/uploads\/2023\/06\/Marijana-Vasic-AD112-Istorija-umetnosti-novog-veka-724x1024.jpg\"><img loading=\"lazy\" decoding=\"async\" src=\"https:\/\/metart.metropolitan.ac.rs\/2023\/wp-content\/plugins\/justified-image-grid\/timthumb.php?src=https%3A%2F%2Fmetart.metropolitan.ac.rs%2F2023%2Fwp-content%2Fuploads%2F2023%2F06%2FMarijana-Vasic-AD112-Istorija-umetnosti-novog-veka-724x1024.jpg&amp;h=380&amp;q=90&amp;f=.jpg\" alt=\"Marijana Vasi\u0107 - AD112 - Istorija umetnosti novog veka\" width=\"268\" height=\"380\" \/><\/a><p class=\"jig-HTMLdescription\">Marijana Vasi\u0107 - AD112 - Istorija umetnosti novog veka<br\/><\/p><\/li><li><a href=\"https:\/\/metart.metropolitan.ac.rs\/2023\/wp-content\/uploads\/2023\/06\/Mihailo-Vasovic-AD112-Istorija-umetnosti-novog-veka-717x1024.jpg\"><img loading=\"lazy\" decoding=\"async\" src=\"https:\/\/metart.metropolitan.ac.rs\/2023\/wp-content\/plugins\/justified-image-grid\/timthumb.php?src=https%3A%2F%2Fmetart.metropolitan.ac.rs%2F2023%2Fwp-content%2Fuploads%2F2023%2F06%2FMihailo-Vasovic-AD112-Istorija-umetnosti-novog-veka-717x1024.jpg&amp;h=380&amp;q=90&amp;f=.jpg\" alt=\"Mihailo Vasovi\u0107 - AD112 - Istorija umetnosti novog veka\" width=\"266\" height=\"380\" \/><\/a><p class=\"jig-HTMLdescription\">Mihailo Vasovi\u0107 - AD112 - Istorija umetnosti novog veka<br\/><\/p><\/li><li><a href=\"https:\/\/metart.metropolitan.ac.rs\/2023\/wp-content\/uploads\/2023\/06\/Milos-Markovic-AD112-Istorija-umetnosti-novog-veka.png\"><img loading=\"lazy\" decoding=\"async\" src=\"https:\/\/metart.metropolitan.ac.rs\/2023\/wp-content\/plugins\/justified-image-grid\/timthumb.php?src=https%3A%2F%2Fmetart.metropolitan.ac.rs%2F2023%2Fwp-content%2Fuploads%2F2023%2F06%2FMilos-Markovic-AD112-Istorija-umetnosti-novog-veka.png&amp;h=380&amp;q=90&amp;f=.png\" alt=\"Milo\u0161 Markovi\u0107 - AD112 - Istorija umetnosti novog veka\" width=\"270\" height=\"380\" \/><\/a><p class=\"jig-HTMLdescription\">Milo\u0161 Markovi\u0107 - AD112 - Istorija umetnosti novog veka<br\/><\/p><\/li><li><a href=\"https:\/\/metart.metropolitan.ac.rs\/2023\/wp-content\/uploads\/2023\/06\/Natalija-Celic-AD112-Istorija-umetnosti-novog-veka-724x1024.jpg\"><img loading=\"lazy\" decoding=\"async\" src=\"https:\/\/metart.metropolitan.ac.rs\/2023\/wp-content\/plugins\/justified-image-grid\/timthumb.php?src=https%3A%2F%2Fmetart.metropolitan.ac.rs%2F2023%2Fwp-content%2Fuploads%2F2023%2F06%2FNatalija-Celic-AD112-Istorija-umetnosti-novog-veka-724x1024.jpg&amp;h=380&amp;q=90&amp;f=.jpg\" alt=\"Natalija \u010celi\u0107 - AD112 - Istorija umetnosti novog veka\" width=\"268\" height=\"380\" \/><\/a><p class=\"jig-HTMLdescription\">Natalija \u010celi\u0107 - AD112 - Istorija umetnosti novog veka<br\/><\/p><\/li><li><a href=\"https:\/\/metart.metropolitan.ac.rs\/2023\/wp-content\/uploads\/2023\/06\/Natasa-Jovicic-AD112-Istorija-umetnosti-novog-veka-768x1024.jpg\"><img loading=\"lazy\" decoding=\"async\" src=\"https:\/\/metart.metropolitan.ac.rs\/2023\/wp-content\/plugins\/justified-image-grid\/timthumb.php?src=https%3A%2F%2Fmetart.metropolitan.ac.rs%2F2023%2Fwp-content%2Fuploads%2F2023%2F06%2FNatasa-Jovicic-AD112-Istorija-umetnosti-novog-veka-768x1024.jpg&amp;h=380&amp;q=90&amp;f=.jpg\" alt=\"Nata\u0161a Jovi\u010di\u0107 - AD112 - Istorija umetnosti novog veka\" width=\"285\" height=\"380\" \/><\/a><p class=\"jig-HTMLdescription\">Nata\u0161a Jovi\u010di\u0107 - AD112 - Istorija umetnosti novog veka<br\/><\/p><\/li><li><a href=\"https:\/\/metart.metropolitan.ac.rs\/2023\/wp-content\/uploads\/2023\/06\/Neda-Simic-AD112-Istorija-umetnosti-novog-veka-724x1024.jpg\"><img loading=\"lazy\" decoding=\"async\" src=\"https:\/\/metart.metropolitan.ac.rs\/2023\/wp-content\/plugins\/justified-image-grid\/timthumb.php?src=https%3A%2F%2Fmetart.metropolitan.ac.rs%2F2023%2Fwp-content%2Fuploads%2F2023%2F06%2FNeda-Simic-AD112-Istorija-umetnosti-novog-veka-724x1024.jpg&amp;h=380&amp;q=90&amp;f=.jpg\" alt=\"Neda Simi\u0107 - AD112 - Istorija umetnosti novog veka\" width=\"268\" height=\"380\" \/><\/a><p class=\"jig-HTMLdescription\">Neda Simi\u0107 - AD112 - Istorija umetnosti novog veka<br\/><\/p><\/li><li><a href=\"https:\/\/metart.metropolitan.ac.rs\/2023\/wp-content\/uploads\/2023\/06\/Nina-Borisavljevic-AD112-Istorija-umetnosti-novog-veka-724x1024.jpg\"><img loading=\"lazy\" decoding=\"async\" src=\"https:\/\/metart.metropolitan.ac.rs\/2023\/wp-content\/plugins\/justified-image-grid\/timthumb.php?src=https%3A%2F%2Fmetart.metropolitan.ac.rs%2F2023%2Fwp-content%2Fuploads%2F2023%2F06%2FNina-Borisavljevic-AD112-Istorija-umetnosti-novog-veka-724x1024.jpg&amp;h=380&amp;q=90&amp;f=.jpg\" alt=\"Nina Borisavljevi\u0107 - AD112 - Istorija umetnosti novog veka\" width=\"268\" height=\"380\" \/><\/a><p class=\"jig-HTMLdescription\">Nina Borisavljevi\u0107 - AD112 - Istorija umetnosti novog veka<br\/><\/p><\/li><li><a href=\"https:\/\/metart.metropolitan.ac.rs\/2023\/wp-content\/uploads\/2023\/06\/Stefan-Stanisic-AD112-Istorija-umetnosti-novog-veka-724x1024.jpg\"><img loading=\"lazy\" decoding=\"async\" src=\"https:\/\/metart.metropolitan.ac.rs\/2023\/wp-content\/plugins\/justified-image-grid\/timthumb.php?src=https%3A%2F%2Fmetart.metropolitan.ac.rs%2F2023%2Fwp-content%2Fuploads%2F2023%2F06%2FStefan-Stanisic-AD112-Istorija-umetnosti-novog-veka-724x1024.jpg&amp;h=380&amp;q=90&amp;f=.jpg\" alt=\"Stefan Stani\u0161i\u0107 - AD112 - Istorija umetnosti novog veka\" width=\"268\" height=\"380\" \/><\/a><p class=\"jig-HTMLdescription\">Stefan Stani\u0161i\u0107 - AD112 - Istorija umetnosti novog veka<br\/><\/p><\/li><li><a href=\"https:\/\/metart.metropolitan.ac.rs\/2023\/wp-content\/uploads\/2023\/06\/Tamara-Maksimovic-AD112-Istorija-umetnosti-novog-veka-724x1024.jpg\"><img loading=\"lazy\" decoding=\"async\" src=\"https:\/\/metart.metropolitan.ac.rs\/2023\/wp-content\/plugins\/justified-image-grid\/timthumb.php?src=https%3A%2F%2Fmetart.metropolitan.ac.rs%2F2023%2Fwp-content%2Fuploads%2F2023%2F06%2FTamara-Maksimovic-AD112-Istorija-umetnosti-novog-veka-724x1024.jpg&amp;h=380&amp;q=90&amp;f=.jpg\" alt=\"Tamara Maksimovi\u0107 - AD112 - Istorija umetnosti novog veka\" width=\"268\" height=\"380\" \/><\/a><p class=\"jig-HTMLdescription\">Tamara Maksimovi\u0107 - AD112 - Istorija umetnosti novog veka<br\/><\/p><\/li><li><a href=\"https:\/\/metart.metropolitan.ac.rs\/2023\/wp-content\/uploads\/2023\/06\/Teodora-DJokic-AD112-Istorija-umetnosti-novog-veka-711x1024.jpeg\"><img loading=\"lazy\" decoding=\"async\" src=\"https:\/\/metart.metropolitan.ac.rs\/2023\/wp-content\/plugins\/justified-image-grid\/timthumb.php?src=https%3A%2F%2Fmetart.metropolitan.ac.rs%2F2023%2Fwp-content%2Fuploads%2F2023%2F06%2FTeodora-DJokic-AD112-Istorija-umetnosti-novog-veka-711x1024.jpeg&amp;h=380&amp;q=90&amp;f=.jpeg\" alt=\"Teodora \u0110oki\u0107 - AD112 - Istorija umetnosti novog veka\" width=\"263\" height=\"380\" \/><\/a><p class=\"jig-HTMLdescription\">Teodora \u0110oki\u0107 - AD112 - Istorija umetnosti novog veka<br\/><\/p><\/li><li><a href=\"https:\/\/metart.metropolitan.ac.rs\/2023\/wp-content\/uploads\/2023\/06\/Teodora-Majstorovic-AD112-Istorija-umetnosti-novog-veka-724x1024.jpg\"><img loading=\"lazy\" decoding=\"async\" src=\"https:\/\/metart.metropolitan.ac.rs\/2023\/wp-content\/plugins\/justified-image-grid\/timthumb.php?src=https%3A%2F%2Fmetart.metropolitan.ac.rs%2F2023%2Fwp-content%2Fuploads%2F2023%2F06%2FTeodora-Majstorovic-AD112-Istorija-umetnosti-novog-veka-724x1024.jpg&amp;h=380&amp;q=90&amp;f=.jpg\" alt=\"Teodora Majstorovi\u0107 - AD112 - Istorija umetnosti novog veka\" width=\"268\" height=\"380\" \/><\/a><p class=\"jig-HTMLdescription\">Teodora Majstorovi\u0107 - AD112 - Istorija umetnosti novog veka<br\/><\/p><\/li><li><a href=\"https:\/\/metart.metropolitan.ac.rs\/2023\/wp-content\/uploads\/2023\/06\/Aleksa-Paunovic-AD112-Istorija-umetnosti-novog-veka-724x1024.jpg\"><img loading=\"lazy\" decoding=\"async\" src=\"https:\/\/metart.metropolitan.ac.rs\/2023\/wp-content\/plugins\/justified-image-grid\/timthumb.php?src=https%3A%2F%2Fmetart.metropolitan.ac.rs%2F2023%2Fwp-content%2Fuploads%2F2023%2F06%2FAleksa-Paunovic-AD112-Istorija-umetnosti-novog-veka-724x1024.jpg&amp;h=380&amp;q=90&amp;f=.jpg\" alt=\"Aleksa Paunovi\u0107 - AD112 - Istorija umetnosti novog veka\" width=\"268\" height=\"380\" \/><\/a><p class=\"jig-HTMLdescription\">Aleksa Paunovi\u0107 - AD112 - Istorija umetnosti novog veka<br\/><\/p><\/li><li><a href=\"https:\/\/metart.metropolitan.ac.rs\/2023\/wp-content\/uploads\/2023\/06\/Aleksandra-Veselinovic-AD112-Istorija-umetnosti-novog-veka-724x1024.png\"><img loading=\"lazy\" decoding=\"async\" src=\"https:\/\/metart.metropolitan.ac.rs\/2023\/wp-content\/plugins\/justified-image-grid\/timthumb.php?src=https%3A%2F%2Fmetart.metropolitan.ac.rs%2F2023%2Fwp-content%2Fuploads%2F2023%2F06%2FAleksandra-Veselinovic-AD112-Istorija-umetnosti-novog-veka-724x1024.png&amp;h=380&amp;q=90&amp;f=.png\" alt=\"Aleksandra Veselinovi\u0107 - AD112 - Istorija umetnosti novog veka\" width=\"268\" height=\"380\" \/><\/a><p class=\"jig-HTMLdescription\">Aleksandra Veselinovi\u0107 - AD112 - Istorija umetnosti novog veka<br\/><\/p><\/li><li><a href=\"https:\/\/metart.metropolitan.ac.rs\/2023\/wp-content\/uploads\/2023\/06\/Ana-Markovic-AD112-Istorija-umetnosti-novog-veka-724x1024.png\"><img loading=\"lazy\" decoding=\"async\" src=\"https:\/\/metart.metropolitan.ac.rs\/2023\/wp-content\/plugins\/justified-image-grid\/timthumb.php?src=https%3A%2F%2Fmetart.metropolitan.ac.rs%2F2023%2Fwp-content%2Fuploads%2F2023%2F06%2FAna-Markovic-AD112-Istorija-umetnosti-novog-veka-724x1024.png&amp;h=380&amp;q=90&amp;f=.png\" alt=\"Ana Markovi\u0107 - AD112 - Istorija umetnosti novog veka\" width=\"268\" height=\"380\" \/><\/a><p class=\"jig-HTMLdescription\">Ana Markovi\u0107 - AD112 - Istorija umetnosti novog veka<br\/><\/p><\/li><li><a href=\"https:\/\/metart.metropolitan.ac.rs\/2023\/wp-content\/uploads\/2023\/06\/Ana-Radovanovic-AD112-Istorija-umetnosti-novog-veka-724x1024.jpg\"><img loading=\"lazy\" decoding=\"async\" src=\"https:\/\/metart.metropolitan.ac.rs\/2023\/wp-content\/plugins\/justified-image-grid\/timthumb.php?src=https%3A%2F%2Fmetart.metropolitan.ac.rs%2F2023%2Fwp-content%2Fuploads%2F2023%2F06%2FAna-Radovanovic-AD112-Istorija-umetnosti-novog-veka-724x1024.jpg&amp;h=380&amp;q=90&amp;f=.jpg\" alt=\"Ana Radovanovi\u0107 - AD112 - Istorija umetnosti novog veka\" width=\"268\" height=\"380\" \/><\/a><p class=\"jig-HTMLdescription\">Ana Radovanovi\u0107 - AD112 - Istorija umetnosti novog veka<br\/><\/p><\/li><li><a href=\"https:\/\/metart.metropolitan.ac.rs\/2023\/wp-content\/uploads\/2023\/06\/Ana-Vrbic-AD112-Istorija-umetnosti-novog-veka-724x1024.jpg\"><img loading=\"lazy\" decoding=\"async\" src=\"https:\/\/metart.metropolitan.ac.rs\/2023\/wp-content\/plugins\/justified-image-grid\/timthumb.php?src=https%3A%2F%2Fmetart.metropolitan.ac.rs%2F2023%2Fwp-content%2Fuploads%2F2023%2F06%2FAna-Vrbic-AD112-Istorija-umetnosti-novog-veka-724x1024.jpg&amp;h=380&amp;q=90&amp;f=.jpg\" alt=\"Ana Vrbi\u0107 - AD112 - Istorija umetnosti novog veka\" width=\"268\" height=\"380\" \/><\/a><p class=\"jig-HTMLdescription\">Ana Vrbi\u0107 - AD112 - Istorija umetnosti novog veka<br\/><\/p><\/li><\/ul><\/noscript><\/div>\n","protected":false},"excerpt":{"rendered":"","protected":false},"author":2,"featured_media":0,"parent":0,"menu_order":0,"comment_status":"closed","ping_status":"closed","template":"page-puna.php","meta":{"footnotes":""},"_links":{"self":[{"href":"https:\/\/metart.metropolitan.ac.rs\/2023\/wp-json\/wp\/v2\/pages\/2415"}],"collection":[{"href":"https:\/\/metart.metropolitan.ac.rs\/2023\/wp-json\/wp\/v2\/pages"}],"about":[{"href":"https:\/\/metart.metropolitan.ac.rs\/2023\/wp-json\/wp\/v2\/types\/page"}],"author":[{"embeddable":true,"href":"https:\/\/metart.metropolitan.ac.rs\/2023\/wp-json\/wp\/v2\/users\/2"}],"replies":[{"embeddable":true,"href":"https:\/\/metart.metropolitan.ac.rs\/2023\/wp-json\/wp\/v2\/comments?post=2415"}],"version-history":[{"count":0,"href":"https:\/\/metart.metropolitan.ac.rs\/2023\/wp-json\/wp\/v2\/pages\/2415\/revisions"}],"wp:attachment":[{"href":"https:\/\/metart.metropolitan.ac.rs\/2023\/wp-json\/wp\/v2\/media?parent=2415"}],"curies":[{"name":"wp","href":"https:\/\/api.w.org\/{rel}","templated":true}]}}