{"id":2784,"date":"2021-06-28T15:06:13","date_gmt":"2021-06-28T13:06:13","guid":{"rendered":"https:\/\/metart.metropolitan.ac.rs\/?page_id=2784"},"modified":"2023-06-29T12:09:05","modified_gmt":"2023-06-29T10:09:05","slug":"modne-tehnike","status":"publish","type":"page","link":"https:\/\/metart.metropolitan.ac.rs\/2023\/modne-tehnike\/","title":{"rendered":"Modne tehnike"},"content":{"rendered":"<div id=\"jig1\" class=\"justified-image-grid jig-90e42f816f3d39cfb0669ac0d37c81a3 jig-preset-global\"><div class=\"jig-clearfix\"><\/div><noscript id=\"jig1-html\" class=\"justified-image-grid-html\" data-lazy-src=\"skiplazyload\" data-src=\"skipunveillazyload\"><ul><li><a href=\"https:\/\/metart.metropolitan.ac.rs\/2023\/wp-content\/uploads\/2023\/06\/Emilija-Zdravkovic-AD351-Modne-tehnike-2-683x1024.jpg\"><img loading=\"lazy\" decoding=\"async\" src=\"https:\/\/metart.metropolitan.ac.rs\/2023\/wp-content\/plugins\/justified-image-grid\/timthumb.php?src=https%3A%2F%2Fmetart.metropolitan.ac.rs%2F2023%2Fwp-content%2Fuploads%2F2023%2F06%2FEmilija-Zdravkovic-AD351-Modne-tehnike-2-683x1024.jpg&amp;h=380&amp;q=90&amp;f=.jpg\" alt=\"Emilija Zdravkovi\u0107 - AD351 - Modne tehnike 2\" width=\"253\" height=\"380\" \/><\/a><p class=\"jig-HTMLdescription\">Emilija Zdravkovi\u0107 - AD351 - Modne tehnike 2<br\/><\/p><\/li><li><a href=\"https:\/\/metart.metropolitan.ac.rs\/2023\/wp-content\/uploads\/2023\/06\/Emilija-Zdravkovic-AD351-Modne-tehnike-3-461x1024.jpg\"><img loading=\"lazy\" decoding=\"async\" src=\"https:\/\/metart.metropolitan.ac.rs\/2023\/wp-content\/plugins\/justified-image-grid\/timthumb.php?src=https%3A%2F%2Fmetart.metropolitan.ac.rs%2F2023%2Fwp-content%2Fuploads%2F2023%2F06%2FEmilija-Zdravkovic-AD351-Modne-tehnike-3-461x1024.jpg&amp;h=380&amp;q=90&amp;f=.jpg\" alt=\"Emilija Zdravkovi\u0107 - AD351 - Modne tehnike 3\" width=\"171\" height=\"380\" \/><\/a><p class=\"jig-HTMLdescription\">Emilija Zdravkovi\u0107 - AD351 - Modne tehnike 3<br\/><\/p><\/li><li><a href=\"https:\/\/metart.metropolitan.ac.rs\/2023\/wp-content\/uploads\/2023\/06\/Emilija-Zdravkovic-AD351-Modne-tehnike-1024x683.jpg\"><img loading=\"lazy\" decoding=\"async\" src=\"https:\/\/metart.metropolitan.ac.rs\/2023\/wp-content\/plugins\/justified-image-grid\/timthumb.php?src=https%3A%2F%2Fmetart.metropolitan.ac.rs%2F2023%2Fwp-content%2Fuploads%2F2023%2F06%2FEmilija-Zdravkovic-AD351-Modne-tehnike-1024x683.jpg&amp;h=380&amp;q=90&amp;f=.jpg\" alt=\"Emilija Zdravkovi\u0107 - AD351 - Modne tehnike\" width=\"569\" height=\"380\" \/><\/a><p class=\"jig-HTMLdescription\">Emilija Zdravkovi\u0107 - AD351 - Modne tehnike<br\/><\/p><\/li><li><a href=\"https:\/\/metart.metropolitan.ac.rs\/2023\/wp-content\/uploads\/2023\/06\/Helena-Plecas-AD351-Modne-tehnike-2-683x1024.jpg\"><img loading=\"lazy\" decoding=\"async\" src=\"https:\/\/metart.metropolitan.ac.rs\/2023\/wp-content\/plugins\/justified-image-grid\/timthumb.php?src=https%3A%2F%2Fmetart.metropolitan.ac.rs%2F2023%2Fwp-content%2Fuploads%2F2023%2F06%2FHelena-Plecas-AD351-Modne-tehnike-2-683x1024.jpg&amp;h=380&amp;q=90&amp;f=.jpg\" alt=\"Helena Ple\u0107a\u0161 - AD351 - Modne tehnike 2\" width=\"253\" height=\"380\" \/><\/a><p class=\"jig-HTMLdescription\">Helena Ple\u0107a\u0161 - AD351 - Modne tehnike 2<br\/><\/p><\/li><li><a href=\"https:\/\/metart.metropolitan.ac.rs\/2023\/wp-content\/uploads\/2023\/06\/Helena-Plecas-AD351-Modne-tehnike-1024x678.jpg\"><img loading=\"lazy\" decoding=\"async\" src=\"https:\/\/metart.metropolitan.ac.rs\/2023\/wp-content\/plugins\/justified-image-grid\/timthumb.php?src=https%3A%2F%2Fmetart.metropolitan.ac.rs%2F2023%2Fwp-content%2Fuploads%2F2023%2F06%2FHelena-Plecas-AD351-Modne-tehnike-1024x678.jpg&amp;h=380&amp;q=90&amp;f=.jpg\" alt=\"Helena Ple\u0107a\u0161 - AD351 - Modne tehnike\" width=\"573\" height=\"380\" \/><\/a><p class=\"jig-HTMLdescription\">Helena Ple\u0107a\u0161 - AD351 - Modne tehnike<br\/><\/p><\/li><li><a href=\"https:\/\/metart.metropolitan.ac.rs\/2023\/wp-content\/uploads\/2023\/06\/Marina-KIlust-AD351-Modne-tehnike-2-683x1024.jpg\"><img loading=\"lazy\" decoding=\"async\" src=\"https:\/\/metart.metropolitan.ac.rs\/2023\/wp-content\/plugins\/justified-image-grid\/timthumb.php?src=https%3A%2F%2Fmetart.metropolitan.ac.rs%2F2023%2Fwp-content%2Fuploads%2F2023%2F06%2FMarina-KIlust-AD351-Modne-tehnike-2-683x1024.jpg&amp;h=380&amp;q=90&amp;f=.jpg\" alt=\"Marina KIlust - AD351 - Modne tehnike 2\" width=\"253\" height=\"380\" \/><\/a><p class=\"jig-HTMLdescription\">Marina KIlust - AD351 - Modne tehnike 2<br\/><\/p><\/li><li><a href=\"https:\/\/metart.metropolitan.ac.rs\/2023\/wp-content\/uploads\/2023\/06\/Marina-KIlust-AD351-Modne-tehnike-3-683x1024.jpg\"><img loading=\"lazy\" decoding=\"async\" src=\"https:\/\/metart.metropolitan.ac.rs\/2023\/wp-content\/plugins\/justified-image-grid\/timthumb.php?src=https%3A%2F%2Fmetart.metropolitan.ac.rs%2F2023%2Fwp-content%2Fuploads%2F2023%2F06%2FMarina-KIlust-AD351-Modne-tehnike-3-683x1024.jpg&amp;h=380&amp;q=90&amp;f=.jpg\" alt=\"Marina KIlust - AD351 - Modne tehnike 3\" width=\"253\" height=\"380\" \/><\/a><p class=\"jig-HTMLdescription\">Marina KIlust - AD351 - Modne tehnike 3<br\/><\/p><\/li><li><a href=\"https:\/\/metart.metropolitan.ac.rs\/2023\/wp-content\/uploads\/2023\/06\/Marina-KIlust-AD351-Modne-tehnike-4-683x1024.jpg\"><img loading=\"lazy\" decoding=\"async\" src=\"https:\/\/metart.metropolitan.ac.rs\/2023\/wp-content\/plugins\/justified-image-grid\/timthumb.php?src=https%3A%2F%2Fmetart.metropolitan.ac.rs%2F2023%2Fwp-content%2Fuploads%2F2023%2F06%2FMarina-KIlust-AD351-Modne-tehnike-4-683x1024.jpg&amp;h=380&amp;q=90&amp;f=.jpg\" alt=\"Marina KIlust - AD351 - Modne tehnike 4\" width=\"253\" height=\"380\" \/><\/a><p class=\"jig-HTMLdescription\">Marina KIlust - AD351 - Modne tehnike 4<br\/><\/p><\/li><li><a href=\"https:\/\/metart.metropolitan.ac.rs\/2023\/wp-content\/uploads\/2023\/06\/Marina-KIlust-AD351-Modne-tehnike-683x1024.jpg\"><img loading=\"lazy\" decoding=\"async\" src=\"https:\/\/metart.metropolitan.ac.rs\/2023\/wp-content\/plugins\/justified-image-grid\/timthumb.php?src=https%3A%2F%2Fmetart.metropolitan.ac.rs%2F2023%2Fwp-content%2Fuploads%2F2023%2F06%2FMarina-KIlust-AD351-Modne-tehnike-683x1024.jpg&amp;h=380&amp;q=90&amp;f=.jpg\" alt=\"Marina KIlust - AD351 - Modne tehnike\" width=\"253\" height=\"380\" \/><\/a><p class=\"jig-HTMLdescription\">Marina KIlust - AD351 - Modne tehnike<br\/><\/p><\/li><li><a href=\"https:\/\/metart.metropolitan.ac.rs\/2023\/wp-content\/uploads\/2023\/06\/Milana-Saric-AD351-Modne-tehnike-2-683x1024.jpg\"><img loading=\"lazy\" decoding=\"async\" src=\"https:\/\/metart.metropolitan.ac.rs\/2023\/wp-content\/plugins\/justified-image-grid\/timthumb.php?src=https%3A%2F%2Fmetart.metropolitan.ac.rs%2F2023%2Fwp-content%2Fuploads%2F2023%2F06%2FMilana-Saric-AD351-Modne-tehnike-2-683x1024.jpg&amp;h=380&amp;q=90&amp;f=.jpg\" alt=\"Milana \u0160ari\u0107 - AD351 - Modne tehnike 2\" width=\"253\" height=\"380\" \/><\/a><p class=\"jig-HTMLdescription\">Milana \u0160ari\u0107 - AD351 - Modne tehnike 2<br\/><\/p><\/li><li><a href=\"https:\/\/metart.metropolitan.ac.rs\/2023\/wp-content\/uploads\/2023\/06\/Milana-Saric-AD351-Modne-tehnike-3-1024x768.jpg\"><img loading=\"lazy\" decoding=\"async\" src=\"https:\/\/metart.metropolitan.ac.rs\/2023\/wp-content\/plugins\/justified-image-grid\/timthumb.php?src=https%3A%2F%2Fmetart.metropolitan.ac.rs%2F2023%2Fwp-content%2Fuploads%2F2023%2F06%2FMilana-Saric-AD351-Modne-tehnike-3-1024x768.jpg&amp;h=380&amp;q=90&amp;f=.jpg\" alt=\"Milana \u0160ari\u0107 - AD351 - Modne tehnike 3\" width=\"506\" height=\"380\" \/><\/a><p class=\"jig-HTMLdescription\">Milana \u0160ari\u0107 - AD351 - Modne tehnike 3<br\/><\/p><\/li><li><a href=\"https:\/\/metart.metropolitan.ac.rs\/2023\/wp-content\/uploads\/2023\/06\/Milana-Saric-AD351-Modne-tehnike-4-683x1024.jpg\"><img loading=\"lazy\" decoding=\"async\" src=\"https:\/\/metart.metropolitan.ac.rs\/2023\/wp-content\/plugins\/justified-image-grid\/timthumb.php?src=https%3A%2F%2Fmetart.metropolitan.ac.rs%2F2023%2Fwp-content%2Fuploads%2F2023%2F06%2FMilana-Saric-AD351-Modne-tehnike-4-683x1024.jpg&amp;h=380&amp;q=90&amp;f=.jpg\" alt=\"Milana \u0160ari\u0107 - AD351 - Modne tehnike 4\" width=\"253\" height=\"380\" \/><\/a><p class=\"jig-HTMLdescription\">Milana \u0160ari\u0107 - AD351 - Modne tehnike 4<br\/><\/p><\/li><li><a href=\"https:\/\/metart.metropolitan.ac.rs\/2023\/wp-content\/uploads\/2023\/06\/Milana-Saric-AD351-Modne-tehnike-5-683x1024.jpg\"><img loading=\"lazy\" decoding=\"async\" src=\"https:\/\/metart.metropolitan.ac.rs\/2023\/wp-content\/plugins\/justified-image-grid\/timthumb.php?src=https%3A%2F%2Fmetart.metropolitan.ac.rs%2F2023%2Fwp-content%2Fuploads%2F2023%2F06%2FMilana-Saric-AD351-Modne-tehnike-5-683x1024.jpg&amp;h=380&amp;q=90&amp;f=.jpg\" alt=\"Milana \u0160ari\u0107 - AD351 - Modne tehnike 5\" width=\"253\" height=\"380\" \/><\/a><p class=\"jig-HTMLdescription\">Milana \u0160ari\u0107 - AD351 - Modne tehnike 5<br\/><\/p><\/li><li><a href=\"https:\/\/metart.metropolitan.ac.rs\/2023\/wp-content\/uploads\/2023\/06\/Milana-Saric-AD351-Modne-tehnike-6-683x1024.jpg\"><img loading=\"lazy\" decoding=\"async\" src=\"https:\/\/metart.metropolitan.ac.rs\/2023\/wp-content\/plugins\/justified-image-grid\/timthumb.php?src=https%3A%2F%2Fmetart.metropolitan.ac.rs%2F2023%2Fwp-content%2Fuploads%2F2023%2F06%2FMilana-Saric-AD351-Modne-tehnike-6-683x1024.jpg&amp;h=380&amp;q=90&amp;f=.jpg\" alt=\"Milana \u0160ari\u0107 - AD351 - Modne tehnike 6\" width=\"253\" height=\"380\" \/><\/a><p class=\"jig-HTMLdescription\">Milana \u0160ari\u0107 - AD351 - Modne tehnike 6<br\/><\/p><\/li><li><a href=\"https:\/\/metart.metropolitan.ac.rs\/2023\/wp-content\/uploads\/2023\/06\/Milana-Saric-AD351-Modne-tehnike-7-683x1024.jpg\"><img loading=\"lazy\" decoding=\"async\" src=\"https:\/\/metart.metropolitan.ac.rs\/2023\/wp-content\/plugins\/justified-image-grid\/timthumb.php?src=https%3A%2F%2Fmetart.metropolitan.ac.rs%2F2023%2Fwp-content%2Fuploads%2F2023%2F06%2FMilana-Saric-AD351-Modne-tehnike-7-683x1024.jpg&amp;h=380&amp;q=90&amp;f=.jpg\" alt=\"Milana \u0160ari\u0107 - AD351 - Modne tehnike 7\" width=\"253\" height=\"380\" \/><\/a><p class=\"jig-HTMLdescription\">Milana \u0160ari\u0107 - AD351 - Modne tehnike 7<br\/><\/p><\/li><li><a href=\"https:\/\/metart.metropolitan.ac.rs\/2023\/wp-content\/uploads\/2023\/06\/Milana-Saric-AD351-Modne-tehnike-8-1024x683.jpg\"><img loading=\"lazy\" decoding=\"async\" src=\"https:\/\/metart.metropolitan.ac.rs\/2023\/wp-content\/plugins\/justified-image-grid\/timthumb.php?src=https%3A%2F%2Fmetart.metropolitan.ac.rs%2F2023%2Fwp-content%2Fuploads%2F2023%2F06%2FMilana-Saric-AD351-Modne-tehnike-8-1024x683.jpg&amp;h=380&amp;q=90&amp;f=.jpg\" alt=\"Milana \u0160ari\u0107 - AD351 - Modne tehnike 8\" width=\"569\" height=\"380\" \/><\/a><p class=\"jig-HTMLdescription\">Milana \u0160ari\u0107 - AD351 - Modne tehnike 8<br\/><\/p><\/li><li><a href=\"https:\/\/metart.metropolitan.ac.rs\/2023\/wp-content\/uploads\/2023\/06\/Milana-Saric-AD351-Modne-tehnike-705x1024.jpg\"><img loading=\"lazy\" decoding=\"async\" src=\"https:\/\/metart.metropolitan.ac.rs\/2023\/wp-content\/plugins\/justified-image-grid\/timthumb.php?src=https%3A%2F%2Fmetart.metropolitan.ac.rs%2F2023%2Fwp-content%2Fuploads%2F2023%2F06%2FMilana-Saric-AD351-Modne-tehnike-705x1024.jpg&amp;h=380&amp;q=90&amp;f=.jpg\" alt=\"Milana \u0160ari\u0107 - AD351 - Modne tehnike\" width=\"261\" height=\"380\" \/><\/a><p class=\"jig-HTMLdescription\">Milana \u0160ari\u0107 - AD351 - Modne tehnike<br\/><\/p><\/li><li><a href=\"https:\/\/metart.metropolitan.ac.rs\/2023\/wp-content\/uploads\/2023\/06\/Natalija-Kovacevic-AD351-Modne-tehnike-2-683x1024.jpg\"><img loading=\"lazy\" decoding=\"async\" src=\"https:\/\/metart.metropolitan.ac.rs\/2023\/wp-content\/plugins\/justified-image-grid\/timthumb.php?src=https%3A%2F%2Fmetart.metropolitan.ac.rs%2F2023%2Fwp-content%2Fuploads%2F2023%2F06%2FNatalija-Kovacevic-AD351-Modne-tehnike-2-683x1024.jpg&amp;h=380&amp;q=90&amp;f=.jpg\" alt=\"Natalija Kova\u010devi\u0107 - AD351 - Modne tehnike 2\" width=\"253\" height=\"380\" \/><\/a><p class=\"jig-HTMLdescription\">Natalija Kova\u010devi\u0107 - AD351 - Modne tehnike 2<br\/><\/p><\/li><li><a href=\"https:\/\/metart.metropolitan.ac.rs\/2023\/wp-content\/uploads\/2023\/06\/Natalija-Kovacevic-AD351-Modne-tehnike-3-1024x768.jpg\"><img loading=\"lazy\" decoding=\"async\" src=\"https:\/\/metart.metropolitan.ac.rs\/2023\/wp-content\/plugins\/justified-image-grid\/timthumb.php?src=https%3A%2F%2Fmetart.metropolitan.ac.rs%2F2023%2Fwp-content%2Fuploads%2F2023%2F06%2FNatalija-Kovacevic-AD351-Modne-tehnike-3-1024x768.jpg&amp;h=380&amp;q=90&amp;f=.jpg\" alt=\"Natalija Kova\u010devi\u0107 - AD351 - Modne tehnike 3\" width=\"506\" height=\"380\" \/><\/a><p class=\"jig-HTMLdescription\">Natalija Kova\u010devi\u0107 - AD351 - Modne tehnike 3<br\/><\/p><\/li><li><a href=\"https:\/\/metart.metropolitan.ac.rs\/2023\/wp-content\/uploads\/2023\/06\/Natalija-Kovacevic-AD351-Modne-tehnike-683x1024.jpg\"><img loading=\"lazy\" decoding=\"async\" src=\"https:\/\/metart.metropolitan.ac.rs\/2023\/wp-content\/plugins\/justified-image-grid\/timthumb.php?src=https%3A%2F%2Fmetart.metropolitan.ac.rs%2F2023%2Fwp-content%2Fuploads%2F2023%2F06%2FNatalija-Kovacevic-AD351-Modne-tehnike-683x1024.jpg&amp;h=380&amp;q=90&amp;f=.jpg\" alt=\"Natalija Kova\u010devi\u0107 - AD351 - Modne tehnike\" width=\"253\" height=\"380\" \/><\/a><p class=\"jig-HTMLdescription\">Natalija Kova\u010devi\u0107 - AD351 - Modne tehnike<br\/><\/p><\/li><li><a href=\"https:\/\/metart.metropolitan.ac.rs\/2023\/wp-content\/uploads\/2023\/06\/Sladjana-Colovic-AD351-Modne-tehnike-2-683x1024.jpg\"><img loading=\"lazy\" decoding=\"async\" src=\"https:\/\/metart.metropolitan.ac.rs\/2023\/wp-content\/plugins\/justified-image-grid\/timthumb.php?src=https%3A%2F%2Fmetart.metropolitan.ac.rs%2F2023%2Fwp-content%2Fuploads%2F2023%2F06%2FSladjana-Colovic-AD351-Modne-tehnike-2-683x1024.jpg&amp;h=380&amp;q=90&amp;f=.jpg\" alt=\"Sla\u0111ana \u010colovi\u0107 - AD351 - Modne tehnike 2\" width=\"253\" height=\"380\" \/><\/a><p class=\"jig-HTMLdescription\">Sla\u0111ana \u010colovi\u0107 - AD351 - Modne tehnike 2<br\/><\/p><\/li><li><a href=\"https:\/\/metart.metropolitan.ac.rs\/2023\/wp-content\/uploads\/2023\/06\/Sladjana-Colovic-AD351-Modne-tehnike-3-683x1024.jpg\"><img loading=\"lazy\" decoding=\"async\" src=\"https:\/\/metart.metropolitan.ac.rs\/2023\/wp-content\/plugins\/justified-image-grid\/timthumb.php?src=https%3A%2F%2Fmetart.metropolitan.ac.rs%2F2023%2Fwp-content%2Fuploads%2F2023%2F06%2FSladjana-Colovic-AD351-Modne-tehnike-3-683x1024.jpg&amp;h=380&amp;q=90&amp;f=.jpg\" alt=\"Sla\u0111ana \u010colovi\u0107 - AD351 - Modne tehnike 3\" width=\"253\" height=\"380\" \/><\/a><p class=\"jig-HTMLdescription\">Sla\u0111ana \u010colovi\u0107 - AD351 - Modne tehnike 3<br\/><\/p><\/li><li><a href=\"https:\/\/metart.metropolitan.ac.rs\/2023\/wp-content\/uploads\/2023\/06\/Sladjana-Colovic-AD351-Modne-tehnike-683x1024.jpg\"><img loading=\"lazy\" decoding=\"async\" src=\"https:\/\/metart.metropolitan.ac.rs\/2023\/wp-content\/plugins\/justified-image-grid\/timthumb.php?src=https%3A%2F%2Fmetart.metropolitan.ac.rs%2F2023%2Fwp-content%2Fuploads%2F2023%2F06%2FSladjana-Colovic-AD351-Modne-tehnike-683x1024.jpg&amp;h=380&amp;q=90&amp;f=.jpg\" alt=\"Sla\u0111ana \u010colovi\u0107 - AD351 - Modne tehnike\" width=\"253\" height=\"380\" \/><\/a><p class=\"jig-HTMLdescription\">Sla\u0111ana \u010colovi\u0107 - AD351 - Modne tehnike<br\/><\/p><\/li><li><a href=\"https:\/\/metart.metropolitan.ac.rs\/2023\/wp-content\/uploads\/2023\/06\/Andjela-Boskovic-AD351-Modne-tehnike-2-687x1024.jpg\"><img loading=\"lazy\" decoding=\"async\" src=\"https:\/\/metart.metropolitan.ac.rs\/2023\/wp-content\/plugins\/justified-image-grid\/timthumb.php?src=https%3A%2F%2Fmetart.metropolitan.ac.rs%2F2023%2Fwp-content%2Fuploads%2F2023%2F06%2FAndjela-Boskovic-AD351-Modne-tehnike-2-687x1024.jpg&amp;h=380&amp;q=90&amp;f=.jpg\" alt=\"An\u0111ela Bo\u0161kovi\u0107 - AD351 - Modne tehnike 2\" width=\"254\" height=\"380\" \/><\/a><p class=\"jig-HTMLdescription\">An\u0111ela Bo\u0161kovi\u0107 - AD351 - Modne tehnike 2<br\/><\/p><\/li><li><a href=\"https:\/\/metart.metropolitan.ac.rs\/2023\/wp-content\/uploads\/2023\/06\/Andjela-Boskovic-AD351-Modne-tehnike-3-866x1024.jpg\"><img loading=\"lazy\" decoding=\"async\" src=\"https:\/\/metart.metropolitan.ac.rs\/2023\/wp-content\/plugins\/justified-image-grid\/timthumb.php?src=https%3A%2F%2Fmetart.metropolitan.ac.rs%2F2023%2Fwp-content%2Fuploads%2F2023%2F06%2FAndjela-Boskovic-AD351-Modne-tehnike-3-866x1024.jpg&amp;h=380&amp;q=90&amp;f=.jpg\" alt=\"An\u0111ela Bo\u0161kovi\u0107 - AD351 - Modne tehnike 3\" width=\"321\" height=\"380\" \/><\/a><p class=\"jig-HTMLdescription\">An\u0111ela Bo\u0161kovi\u0107 - AD351 - Modne tehnike 3<br\/><\/p><\/li><li><a href=\"https:\/\/metart.metropolitan.ac.rs\/2023\/wp-content\/uploads\/2023\/06\/Andjela-Boskovic-AD351-Modne-tehnike-683x1024.jpg\"><img loading=\"lazy\" decoding=\"async\" src=\"https:\/\/metart.metropolitan.ac.rs\/2023\/wp-content\/plugins\/justified-image-grid\/timthumb.php?src=https%3A%2F%2Fmetart.metropolitan.ac.rs%2F2023%2Fwp-content%2Fuploads%2F2023%2F06%2FAndjela-Boskovic-AD351-Modne-tehnike-683x1024.jpg&amp;h=380&amp;q=90&amp;f=.jpg\" alt=\"An\u0111ela Bo\u0161kovi\u0107 - AD351 - Modne tehnike\" width=\"253\" height=\"380\" \/><\/a><p class=\"jig-HTMLdescription\">An\u0111ela Bo\u0161kovi\u0107 - AD351 - Modne tehnike<br\/><\/p><\/li><\/ul><\/noscript><\/div>\n","protected":false},"excerpt":{"rendered":"","protected":false},"author":1,"featured_media":0,"parent":0,"menu_order":0,"comment_status":"closed","ping_status":"closed","template":"page-puna.php","meta":{"footnotes":""},"_links":{"self":[{"href":"https:\/\/metart.metropolitan.ac.rs\/2023\/wp-json\/wp\/v2\/pages\/2784"}],"collection":[{"href":"https:\/\/metart.metropolitan.ac.rs\/2023\/wp-json\/wp\/v2\/pages"}],"about":[{"href":"https:\/\/metart.metropolitan.ac.rs\/2023\/wp-json\/wp\/v2\/types\/page"}],"author":[{"embeddable":true,"href":"https:\/\/metart.metropolitan.ac.rs\/2023\/wp-json\/wp\/v2\/users\/1"}],"replies":[{"embeddable":true,"href":"https:\/\/metart.metropolitan.ac.rs\/2023\/wp-json\/wp\/v2\/comments?post=2784"}],"version-history":[{"count":0,"href":"https:\/\/metart.metropolitan.ac.rs\/2023\/wp-json\/wp\/v2\/pages\/2784\/revisions"}],"wp:attachment":[{"href":"https:\/\/metart.metropolitan.ac.rs\/2023\/wp-json\/wp\/v2\/media?parent=2784"}],"curies":[{"name":"wp","href":"https:\/\/api.w.org\/{rel}","templated":true}]}}