{"id":6844,"date":"2024-07-15T00:44:44","date_gmt":"2024-07-14T22:44:44","guid":{"rendered":"https:\/\/metart.metropolitan.ac.rs\/?page_id=6844"},"modified":"2024-07-16T19:09:25","modified_gmt":"2024-07-16T17:09:25","slug":"graficki-dizajn","status":"publish","type":"page","link":"https:\/\/metart.metropolitan.ac.rs\/2024\/graficki-dizajn\/","title":{"rendered":"Grafi\u010dki dizajn"},"content":{"rendered":"<div id=\"jig1\" class=\"justified-image-grid jig-1ed1bc49c9e2863dac2ed7f3f97c0742 jig-preset-global\"><div class=\"jig-clearfix\"><\/div><noscript id=\"jig1-html\" class=\"justified-image-grid-html\" data-lazy-src=\"skiplazyload\" data-src=\"skipunveillazyload\"><ul><li><a href=\"https:\/\/metart.metropolitan.ac.rs\/2024\/files\/2024\/07\/Mila-Vukovic-AD411-Graficki-dizajn-1024x513.jpg\"><img loading=\"lazy\" decoding=\"async\" src=\"https:\/\/metart.metropolitan.ac.rs\/2024\/wp-content\/plugins\/justified-image-grid\/timthumb.php?src=https%3A%2F%2Fmetart.metropolitan.ac.rs%2F2024%2Ffiles%2F2024%2F07%2FMila-Vukovic-AD411-Graficki-dizajn-1024x513.jpg&amp;h=380&amp;q=90&amp;f=.jpg\" alt=\"Mila Vukovi\u0107 - AD411 - Grafi\u010dki dizajn\" width=\"758\" height=\"380\" \/><\/a><p class=\"jig-HTMLdescription\">Mila Vukovi\u0107 - AD411 - Grafi\u010dki dizajn<br\/><\/p><\/li><li><a href=\"https:\/\/metart.metropolitan.ac.rs\/2024\/files\/2024\/07\/Milica-Nikolic-AD411-Graficki-dizajn-2-1024x725.jpg\"><img loading=\"lazy\" decoding=\"async\" src=\"https:\/\/metart.metropolitan.ac.rs\/2024\/wp-content\/plugins\/justified-image-grid\/timthumb.php?src=https%3A%2F%2Fmetart.metropolitan.ac.rs%2F2024%2Ffiles%2F2024%2F07%2FMilica-Nikolic-AD411-Graficki-dizajn-2-1024x725.jpg&amp;h=380&amp;q=90&amp;f=.jpg\" alt=\"Milica Nikoli\u0107 - AD411 - Grafi\u010dki dizajn 2\" width=\"536\" height=\"380\" \/><\/a><p class=\"jig-HTMLdescription\">Milica Nikoli\u0107 - AD411 - Grafi\u010dki dizajn 2<br\/><\/p><\/li><li><a href=\"https:\/\/metart.metropolitan.ac.rs\/2024\/files\/2024\/07\/Milica-Nikolic-AD411-Graficki-dizajn-1024x725.jpg\"><img loading=\"lazy\" decoding=\"async\" src=\"https:\/\/metart.metropolitan.ac.rs\/2024\/wp-content\/plugins\/justified-image-grid\/timthumb.php?src=https%3A%2F%2Fmetart.metropolitan.ac.rs%2F2024%2Ffiles%2F2024%2F07%2FMilica-Nikolic-AD411-Graficki-dizajn-1024x725.jpg&amp;h=380&amp;q=90&amp;f=.jpg\" alt=\"Milica Nikoli\u0107 - AD411 - Grafi\u010dki dizajn\" width=\"536\" height=\"380\" \/><\/a><p class=\"jig-HTMLdescription\">Milica Nikoli\u0107 - AD411 - Grafi\u010dki dizajn<br\/><\/p><\/li><li><a href=\"https:\/\/metart.metropolitan.ac.rs\/2024\/files\/2024\/07\/Natalija-Ivic-AD411-Graficki-dizajn-2-731x1024.jpg\"><img loading=\"lazy\" decoding=\"async\" src=\"https:\/\/metart.metropolitan.ac.rs\/2024\/wp-content\/plugins\/justified-image-grid\/timthumb.php?src=https%3A%2F%2Fmetart.metropolitan.ac.rs%2F2024%2Ffiles%2F2024%2F07%2FNatalija-Ivic-AD411-Graficki-dizajn-2-731x1024.jpg&amp;h=380&amp;q=90&amp;f=.jpg\" alt=\"Natalija Ivi\u0107 - AD411 - Grafi\u010dki dizajn 2\" width=\"271\" height=\"380\" \/><\/a><p class=\"jig-HTMLdescription\">Natalija Ivi\u0107 - AD411 - Grafi\u010dki dizajn 2<br\/><\/p><\/li><li><a href=\"https:\/\/metart.metropolitan.ac.rs\/2024\/files\/2024\/07\/Natalija-Ivic-AD411-Graficki-dizajn-3-721x1024.jpg\"><img loading=\"lazy\" decoding=\"async\" src=\"https:\/\/metart.metropolitan.ac.rs\/2024\/wp-content\/plugins\/justified-image-grid\/timthumb.php?src=https%3A%2F%2Fmetart.metropolitan.ac.rs%2F2024%2Ffiles%2F2024%2F07%2FNatalija-Ivic-AD411-Graficki-dizajn-3-721x1024.jpg&amp;h=380&amp;q=90&amp;f=.jpg\" alt=\"Natalija Ivi\u0107 - AD411 - Grafi\u010dki dizajn 3\" width=\"267\" height=\"380\" \/><\/a><p class=\"jig-HTMLdescription\">Natalija Ivi\u0107 - AD411 - Grafi\u010dki dizajn 3<br\/><\/p><\/li><li><a href=\"https:\/\/metart.metropolitan.ac.rs\/2024\/files\/2024\/07\/Natalija-Ivic-AD411-Graficki-dizajn-4-1024x513.jpg\"><img loading=\"lazy\" decoding=\"async\" src=\"https:\/\/metart.metropolitan.ac.rs\/2024\/wp-content\/plugins\/justified-image-grid\/timthumb.php?src=https%3A%2F%2Fmetart.metropolitan.ac.rs%2F2024%2Ffiles%2F2024%2F07%2FNatalija-Ivic-AD411-Graficki-dizajn-4-1024x513.jpg&amp;h=380&amp;q=90&amp;f=.jpg\" alt=\"Natalija Ivi\u0107 - AD411 - Grafi\u010dki dizajn 4\" width=\"758\" height=\"380\" \/><\/a><p class=\"jig-HTMLdescription\">Natalija Ivi\u0107 - AD411 - Grafi\u010dki dizajn 4<br\/><\/p><\/li><li><a href=\"https:\/\/metart.metropolitan.ac.rs\/2024\/files\/2024\/07\/Natalija-Ivic-AD411-Graficki-dizajn-5-1024x513.jpg\"><img loading=\"lazy\" decoding=\"async\" src=\"https:\/\/metart.metropolitan.ac.rs\/2024\/wp-content\/plugins\/justified-image-grid\/timthumb.php?src=https%3A%2F%2Fmetart.metropolitan.ac.rs%2F2024%2Ffiles%2F2024%2F07%2FNatalija-Ivic-AD411-Graficki-dizajn-5-1024x513.jpg&amp;h=380&amp;q=90&amp;f=.jpg\" alt=\"Natalija Ivi\u0107 - AD411 - Grafi\u010dki dizajn 5\" width=\"758\" height=\"380\" \/><\/a><p class=\"jig-HTMLdescription\">Natalija Ivi\u0107 - AD411 - Grafi\u010dki dizajn 5<br\/><\/p><\/li><li><a href=\"https:\/\/metart.metropolitan.ac.rs\/2024\/files\/2024\/07\/Natalija-Ivic-AD411-Graficki-dizajn-1024x731.jpg\"><img loading=\"lazy\" decoding=\"async\" src=\"https:\/\/metart.metropolitan.ac.rs\/2024\/wp-content\/plugins\/justified-image-grid\/timthumb.php?src=https%3A%2F%2Fmetart.metropolitan.ac.rs%2F2024%2Ffiles%2F2024%2F07%2FNatalija-Ivic-AD411-Graficki-dizajn-1024x731.jpg&amp;h=380&amp;q=90&amp;f=.jpg\" alt=\"Natalija Ivi\u0107 - AD411 - Grafi\u010dki dizajn\" width=\"532\" height=\"380\" \/><\/a><p class=\"jig-HTMLdescription\">Natalija Ivi\u0107 - AD411 - Grafi\u010dki dizajn<br\/><\/p><\/li><li><a href=\"https:\/\/metart.metropolitan.ac.rs\/2024\/files\/2024\/07\/Nena-Mircic-AD411-Graficki-dizajn-2-731x1024.jpg\"><img loading=\"lazy\" decoding=\"async\" src=\"https:\/\/metart.metropolitan.ac.rs\/2024\/wp-content\/plugins\/justified-image-grid\/timthumb.php?src=https%3A%2F%2Fmetart.metropolitan.ac.rs%2F2024%2Ffiles%2F2024%2F07%2FNena-Mircic-AD411-Graficki-dizajn-2-731x1024.jpg&amp;h=380&amp;q=90&amp;f=.jpg\" alt=\"Nena Mir\u010di\u0107 - AD411 - Grafi\u010dki dizajn 2\" width=\"271\" height=\"380\" \/><\/a><p class=\"jig-HTMLdescription\">Nena Mir\u010di\u0107 - AD411 - Grafi\u010dki dizajn 2<br\/><\/p><\/li><li><a href=\"https:\/\/metart.metropolitan.ac.rs\/2024\/files\/2024\/07\/Nena-Mircic-AD411-Graficki-dizajn-731x1024.jpg\"><img loading=\"lazy\" decoding=\"async\" src=\"https:\/\/metart.metropolitan.ac.rs\/2024\/wp-content\/plugins\/justified-image-grid\/timthumb.php?src=https%3A%2F%2Fmetart.metropolitan.ac.rs%2F2024%2Ffiles%2F2024%2F07%2FNena-Mircic-AD411-Graficki-dizajn-731x1024.jpg&amp;h=380&amp;q=90&amp;f=.jpg\" alt=\"Nena Mir\u010di\u0107 - AD411 - Grafi\u010dki dizajn\" width=\"271\" height=\"380\" \/><\/a><p class=\"jig-HTMLdescription\">Nena Mir\u010di\u0107 - AD411 - Grafi\u010dki dizajn<br\/><\/p><\/li><li><a href=\"https:\/\/metart.metropolitan.ac.rs\/2024\/files\/2024\/07\/Nina-DJalovic-AD411-Graficki-dizajn-2-731x1024.jpg\"><img loading=\"lazy\" decoding=\"async\" src=\"https:\/\/metart.metropolitan.ac.rs\/2024\/wp-content\/plugins\/justified-image-grid\/timthumb.php?src=https%3A%2F%2Fmetart.metropolitan.ac.rs%2F2024%2Ffiles%2F2024%2F07%2FNina-DJalovic-AD411-Graficki-dizajn-2-731x1024.jpg&amp;h=380&amp;q=90&amp;f=.jpg\" alt=\"Nina \u0110alovi\u0107 - AD411 - Grafi\u010dki dizajn 2\" width=\"271\" height=\"380\" \/><\/a><p class=\"jig-HTMLdescription\">Nina \u0110alovi\u0107 - AD411 - Grafi\u010dki dizajn 2<br\/><\/p><\/li><li><a href=\"https:\/\/metart.metropolitan.ac.rs\/2024\/files\/2024\/07\/Nina-DJalovic-AD411-Graficki-dizajn-731x1024.jpg\"><img loading=\"lazy\" decoding=\"async\" src=\"https:\/\/metart.metropolitan.ac.rs\/2024\/wp-content\/plugins\/justified-image-grid\/timthumb.php?src=https%3A%2F%2Fmetart.metropolitan.ac.rs%2F2024%2Ffiles%2F2024%2F07%2FNina-DJalovic-AD411-Graficki-dizajn-731x1024.jpg&amp;h=380&amp;q=90&amp;f=.jpg\" alt=\"Nina \u0110alovi\u0107 - AD411 - Grafi\u010dki dizajn\" width=\"271\" height=\"380\" \/><\/a><p class=\"jig-HTMLdescription\">Nina \u0110alovi\u0107 - AD411 - Grafi\u010dki dizajn<br\/><\/p><\/li><li><a href=\"https:\/\/metart.metropolitan.ac.rs\/2024\/files\/2024\/07\/Sanja-Stamenkovic-AD411-Graficki-dizajn-2-1024x513.jpg\"><img loading=\"lazy\" decoding=\"async\" src=\"https:\/\/metart.metropolitan.ac.rs\/2024\/wp-content\/plugins\/justified-image-grid\/timthumb.php?src=https%3A%2F%2Fmetart.metropolitan.ac.rs%2F2024%2Ffiles%2F2024%2F07%2FSanja-Stamenkovic-AD411-Graficki-dizajn-2-1024x513.jpg&amp;h=380&amp;q=90&amp;f=.jpg\" alt=\"Sanja Stamenkovi\u0107 - AD411 - Grafi\u010dki dizajn 2\" width=\"758\" height=\"380\" \/><\/a><p class=\"jig-HTMLdescription\">Sanja Stamenkovi\u0107 - AD411 - Grafi\u010dki dizajn 2<br\/><\/p><\/li><li><a href=\"https:\/\/metart.metropolitan.ac.rs\/2024\/files\/2024\/07\/Sanja-Stamenkovic-AD411-Graficki-dizajn-3-1024x731.jpg\"><img loading=\"lazy\" decoding=\"async\" src=\"https:\/\/metart.metropolitan.ac.rs\/2024\/wp-content\/plugins\/justified-image-grid\/timthumb.php?src=https%3A%2F%2Fmetart.metropolitan.ac.rs%2F2024%2Ffiles%2F2024%2F07%2FSanja-Stamenkovic-AD411-Graficki-dizajn-3-1024x731.jpg&amp;h=380&amp;q=90&amp;f=.jpg\" alt=\"Sanja Stamenkovi\u0107 - AD411 - Grafi\u010dki dizajn 3\" width=\"532\" height=\"380\" \/><\/a><p class=\"jig-HTMLdescription\">Sanja Stamenkovi\u0107 - AD411 - Grafi\u010dki dizajn 3<br\/><\/p><\/li><li><a href=\"https:\/\/metart.metropolitan.ac.rs\/2024\/files\/2024\/07\/Sanja-Stamenkovic-AD411-Graficki-dizajn-1024x513.jpg\"><img loading=\"lazy\" decoding=\"async\" src=\"https:\/\/metart.metropolitan.ac.rs\/2024\/wp-content\/plugins\/justified-image-grid\/timthumb.php?src=https%3A%2F%2Fmetart.metropolitan.ac.rs%2F2024%2Ffiles%2F2024%2F07%2FSanja-Stamenkovic-AD411-Graficki-dizajn-1024x513.jpg&amp;h=380&amp;q=90&amp;f=.jpg\" alt=\"Sanja Stamenkovi\u0107 - AD411 - Grafi\u010dki dizajn\" width=\"758\" height=\"380\" \/><\/a><p class=\"jig-HTMLdescription\">Sanja Stamenkovi\u0107 - AD411 - Grafi\u010dki dizajn<br\/><\/p><\/li><li><a href=\"https:\/\/metart.metropolitan.ac.rs\/2024\/files\/2024\/07\/Sofija-Trpeski-AD411-Graficki-dizajn-1024x767.jpg\"><img loading=\"lazy\" decoding=\"async\" src=\"https:\/\/metart.metropolitan.ac.rs\/2024\/wp-content\/plugins\/justified-image-grid\/timthumb.php?src=https%3A%2F%2Fmetart.metropolitan.ac.rs%2F2024%2Ffiles%2F2024%2F07%2FSofija-Trpeski-AD411-Graficki-dizajn-1024x767.jpg&amp;h=380&amp;q=90&amp;f=.jpg\" alt=\"Sofija Trpeski - AD411 - Grafi\u010dki dizajn\" width=\"507\" height=\"380\" \/><\/a><p class=\"jig-HTMLdescription\">Sofija Trpeski - AD411 - Grafi\u010dki dizajn<br\/><\/p><\/li><li><a href=\"https:\/\/metart.metropolitan.ac.rs\/2024\/files\/2024\/07\/Adna-Hasanbegovic-AD411-Graficki-dizajn-731x1024.jpg\"><img loading=\"lazy\" decoding=\"async\" src=\"https:\/\/metart.metropolitan.ac.rs\/2024\/wp-content\/plugins\/justified-image-grid\/timthumb.php?src=https%3A%2F%2Fmetart.metropolitan.ac.rs%2F2024%2Ffiles%2F2024%2F07%2FAdna-Hasanbegovic-AD411-Graficki-dizajn-731x1024.jpg&amp;h=380&amp;q=90&amp;f=.jpg\" alt=\"Adna Hasanbegovi\u0107 - AD411 - Grafi\u010dki dizajn\" width=\"271\" height=\"380\" \/><\/a><p class=\"jig-HTMLdescription\">Adna Hasanbegovi\u0107 - AD411 - Grafi\u010dki dizajn<br\/><\/p><\/li><li><a href=\"https:\/\/metart.metropolitan.ac.rs\/2024\/files\/2024\/07\/Andjela-Ognjenovic-AD411-Graficki-dizajn-2-1024x512.jpg\"><img loading=\"lazy\" decoding=\"async\" src=\"https:\/\/metart.metropolitan.ac.rs\/2024\/wp-content\/plugins\/justified-image-grid\/timthumb.php?src=https%3A%2F%2Fmetart.metropolitan.ac.rs%2F2024%2Ffiles%2F2024%2F07%2FAndjela-Ognjenovic-AD411-Graficki-dizajn-2-1024x512.jpg&amp;h=380&amp;q=90&amp;f=.jpg\" alt=\"An\u0111ela Ognjenovi\u0107 - AD411 - Grafi\u010dki dizajn 2\" width=\"760\" height=\"380\" \/><\/a><p class=\"jig-HTMLdescription\">An\u0111ela Ognjenovi\u0107 - AD411 - Grafi\u010dki dizajn 2<br\/><\/p><\/li><li><a href=\"https:\/\/metart.metropolitan.ac.rs\/2024\/files\/2024\/07\/Andjela-Ognjenovic-AD411-Graficki-dizajn-721x1024.jpg\"><img loading=\"lazy\" decoding=\"async\" src=\"https:\/\/metart.metropolitan.ac.rs\/2024\/wp-content\/plugins\/justified-image-grid\/timthumb.php?src=https%3A%2F%2Fmetart.metropolitan.ac.rs%2F2024%2Ffiles%2F2024%2F07%2FAndjela-Ognjenovic-AD411-Graficki-dizajn-721x1024.jpg&amp;h=380&amp;q=90&amp;f=.jpg\" alt=\"An\u0111ela Ognjenovi\u0107 - AD411 - Grafi\u010dki dizajn\" width=\"267\" height=\"380\" \/><\/a><p class=\"jig-HTMLdescription\">An\u0111ela Ognjenovi\u0107 - AD411 - Grafi\u010dki dizajn<br\/><\/p><\/li><li><a href=\"https:\/\/metart.metropolitan.ac.rs\/2024\/files\/2024\/07\/Dusan-Milesevic-AD411-Graficki-dizajn-1024x512.jpg\"><img loading=\"lazy\" decoding=\"async\" src=\"https:\/\/metart.metropolitan.ac.rs\/2024\/wp-content\/plugins\/justified-image-grid\/timthumb.php?src=https%3A%2F%2Fmetart.metropolitan.ac.rs%2F2024%2Ffiles%2F2024%2F07%2FDusan-Milesevic-AD411-Graficki-dizajn-1024x512.jpg&amp;h=380&amp;q=90&amp;f=.jpg\" alt=\"Du\u0161an Mile\u0161evi\u0107 - AD411 - Grafi\u010dki dizajn\" width=\"760\" height=\"380\" \/><\/a><p class=\"jig-HTMLdescription\">Du\u0161an Mile\u0161evi\u0107 - AD411 - Grafi\u010dki dizajn<br\/><\/p><\/li><li><a href=\"https:\/\/metart.metropolitan.ac.rs\/2024\/files\/2024\/07\/Lenka-Panovic-AD411-Graficki-dizajn-1024x762.jpg\"><img loading=\"lazy\" decoding=\"async\" src=\"https:\/\/metart.metropolitan.ac.rs\/2024\/wp-content\/plugins\/justified-image-grid\/timthumb.php?src=https%3A%2F%2Fmetart.metropolitan.ac.rs%2F2024%2Ffiles%2F2024%2F07%2FLenka-Panovic-AD411-Graficki-dizajn-1024x762.jpg&amp;h=380&amp;q=90&amp;f=.jpg\" alt=\"Lenka Panovi\u0107 - AD411 - Grafi\u010dki dizajn\" width=\"510\" height=\"380\" \/><\/a><p class=\"jig-HTMLdescription\">Lenka Panovi\u0107 - AD411 - Grafi\u010dki dizajn<br\/><\/p><\/li><li><a href=\"https:\/\/metart.metropolitan.ac.rs\/2024\/files\/2024\/07\/Marija-Trajkovic-AD411-Graficki-dizajn-731x1024.jpg\"><img loading=\"lazy\" decoding=\"async\" src=\"https:\/\/metart.metropolitan.ac.rs\/2024\/wp-content\/plugins\/justified-image-grid\/timthumb.php?src=https%3A%2F%2Fmetart.metropolitan.ac.rs%2F2024%2Ffiles%2F2024%2F07%2FMarija-Trajkovic-AD411-Graficki-dizajn-731x1024.jpg&amp;h=380&amp;q=90&amp;f=.jpg\" alt=\"Marija Trajkovi\u0107 - AD411 - Grafi\u010dki dizajn\" width=\"271\" height=\"380\" \/><\/a><p class=\"jig-HTMLdescription\">Marija Trajkovi\u0107 - AD411 - Grafi\u010dki dizajn<br\/><\/p><\/li><li><a href=\"https:\/\/metart.metropolitan.ac.rs\/2024\/files\/2024\/07\/Mila-Vukovic-AD411-Graficki-dizajn-2-1024x513.jpg\"><img loading=\"lazy\" decoding=\"async\" src=\"https:\/\/metart.metropolitan.ac.rs\/2024\/wp-content\/plugins\/justified-image-grid\/timthumb.php?src=https%3A%2F%2Fmetart.metropolitan.ac.rs%2F2024%2Ffiles%2F2024%2F07%2FMila-Vukovic-AD411-Graficki-dizajn-2-1024x513.jpg&amp;h=380&amp;q=90&amp;f=.jpg\" alt=\"Mila Vukovi\u0107 - AD411 - Grafi\u010dki dizajn 2\" width=\"758\" height=\"380\" \/><\/a><p class=\"jig-HTMLdescription\">Mila Vukovi\u0107 - AD411 - Grafi\u010dki dizajn 2<br\/><\/p><\/li><li><a href=\"https:\/\/metart.metropolitan.ac.rs\/2024\/files\/2024\/07\/Mila-Vukovic-AD411-Graficki-dizajn-3-1024x513.jpg\"><img loading=\"lazy\" decoding=\"async\" src=\"https:\/\/metart.metropolitan.ac.rs\/2024\/wp-content\/plugins\/justified-image-grid\/timthumb.php?src=https%3A%2F%2Fmetart.metropolitan.ac.rs%2F2024%2Ffiles%2F2024%2F07%2FMila-Vukovic-AD411-Graficki-dizajn-3-1024x513.jpg&amp;h=380&amp;q=90&amp;f=.jpg\" alt=\"Mila Vukovi\u0107 - AD411 - Grafi\u010dki dizajn 3\" width=\"758\" height=\"380\" \/><\/a><p class=\"jig-HTMLdescription\">Mila Vukovi\u0107 - AD411 - Grafi\u010dki dizajn 3<br\/><\/p><\/li><li><a href=\"https:\/\/metart.metropolitan.ac.rs\/2024\/files\/2024\/07\/Mila-Vukovic-AD411-Graficki-dizajn-4-731x1024.jpg\"><img loading=\"lazy\" decoding=\"async\" src=\"https:\/\/metart.metropolitan.ac.rs\/2024\/wp-content\/plugins\/justified-image-grid\/timthumb.php?src=https%3A%2F%2Fmetart.metropolitan.ac.rs%2F2024%2Ffiles%2F2024%2F07%2FMila-Vukovic-AD411-Graficki-dizajn-4-731x1024.jpg&amp;h=380&amp;q=90&amp;f=.jpg\" alt=\"Mila Vukovi\u0107 - AD411 - Grafi\u010dki dizajn 4\" width=\"271\" height=\"380\" \/><\/a><p class=\"jig-HTMLdescription\">Mila Vukovi\u0107 - AD411 - Grafi\u010dki dizajn 4<br\/><\/p><\/li><li><a href=\"https:\/\/metart.metropolitan.ac.rs\/2024\/files\/2024\/07\/Mila-Vukovic-AD411-Graficki-dizajn-5-731x1024.jpg\"><img loading=\"lazy\" decoding=\"async\" src=\"https:\/\/metart.metropolitan.ac.rs\/2024\/wp-content\/plugins\/justified-image-grid\/timthumb.php?src=https%3A%2F%2Fmetart.metropolitan.ac.rs%2F2024%2Ffiles%2F2024%2F07%2FMila-Vukovic-AD411-Graficki-dizajn-5-731x1024.jpg&amp;h=380&amp;q=90&amp;f=.jpg\" alt=\"Mila Vukovi\u0107 - AD411 - Grafi\u010dki dizajn 5\" width=\"271\" height=\"380\" \/><\/a><p class=\"jig-HTMLdescription\">Mila Vukovi\u0107 - AD411 - Grafi\u010dki dizajn 5<br\/><\/p><\/li><li><a href=\"https:\/\/metart.metropolitan.ac.rs\/2024\/files\/2024\/07\/Mila-Vukovic-AD411-Graficki-dizajn-6-731x1024.jpg\"><img loading=\"lazy\" decoding=\"async\" src=\"https:\/\/metart.metropolitan.ac.rs\/2024\/wp-content\/plugins\/justified-image-grid\/timthumb.php?src=https%3A%2F%2Fmetart.metropolitan.ac.rs%2F2024%2Ffiles%2F2024%2F07%2FMila-Vukovic-AD411-Graficki-dizajn-6-731x1024.jpg&amp;h=380&amp;q=90&amp;f=.jpg\" alt=\"Mila Vukovi\u0107 - AD411 - Grafi\u010dki dizajn 6\" width=\"271\" height=\"380\" \/><\/a><p class=\"jig-HTMLdescription\">Mila Vukovi\u0107 - AD411 - Grafi\u010dki dizajn 6<br\/><\/p><\/li><\/ul><\/noscript><\/div>\n","protected":false},"excerpt":{"rendered":"","protected":false},"author":2,"featured_media":0,"parent":0,"menu_order":0,"comment_status":"closed","ping_status":"closed","template":"page-puna.php","meta":{"footnotes":""},"class_list":["post-6844","page","type-page","status-publish","hentry"],"_links":{"self":[{"href":"https:\/\/metart.metropolitan.ac.rs\/2024\/wp-json\/wp\/v2\/pages\/6844"}],"collection":[{"href":"https:\/\/metart.metropolitan.ac.rs\/2024\/wp-json\/wp\/v2\/pages"}],"about":[{"href":"https:\/\/metart.metropolitan.ac.rs\/2024\/wp-json\/wp\/v2\/types\/page"}],"author":[{"embeddable":true,"href":"https:\/\/metart.metropolitan.ac.rs\/2024\/wp-json\/wp\/v2\/users\/2"}],"replies":[{"embeddable":true,"href":"https:\/\/metart.metropolitan.ac.rs\/2024\/wp-json\/wp\/v2\/comments?post=6844"}],"version-history":[{"count":4,"href":"https:\/\/metart.metropolitan.ac.rs\/2024\/wp-json\/wp\/v2\/pages\/6844\/revisions"}],"predecessor-version":[{"id":7887,"href":"https:\/\/metart.metropolitan.ac.rs\/2024\/wp-json\/wp\/v2\/pages\/6844\/revisions\/7887"}],"wp:attachment":[{"href":"https:\/\/metart.metropolitan.ac.rs\/2024\/wp-json\/wp\/v2\/media?parent=6844"}],"curies":[{"name":"wp","href":"https:\/\/api.w.org\/{rel}","templated":true}]}}