{"id":7287,"date":"2024-07-15T02:19:01","date_gmt":"2024-07-15T00:19:01","guid":{"rendered":"https:\/\/metart.metropolitan.ac.rs\/?page_id=7287"},"modified":"2024-07-16T19:07:09","modified_gmt":"2024-07-16T17:07:09","slug":"uvod-u-modnu-ilustraciju","status":"publish","type":"page","link":"https:\/\/metart.metropolitan.ac.rs\/2024\/uvod-u-modnu-ilustraciju\/","title":{"rendered":"Uvod u modnu ilustraciju"},"content":{"rendered":"<div id=\"jig1\" class=\"justified-image-grid jig-d1055f24506ad16f73e10351b594bc0e jig-preset-global\"><div class=\"jig-clearfix\"><\/div><noscript id=\"jig1-html\" class=\"justified-image-grid-html\" data-lazy-src=\"skiplazyload\" data-src=\"skipunveillazyload\"><ul><li><a href=\"https:\/\/metart.metropolitan.ac.rs\/2024\/files\/2024\/07\/Elena-Raosavljevic-AD301-Uvod-u-modnu-ilustraciju-754x1024.jpg\"><img loading=\"lazy\" decoding=\"async\" src=\"https:\/\/metart.metropolitan.ac.rs\/2024\/wp-content\/plugins\/justified-image-grid\/timthumb.php?src=https%3A%2F%2Fmetart.metropolitan.ac.rs%2F2024%2Ffiles%2F2024%2F07%2FElena-Raosavljevic-AD301-Uvod-u-modnu-ilustraciju-754x1024.jpg&amp;h=380&amp;q=90&amp;f=.jpg\" alt=\"Elena Raosavljevi\u0107 - AD301 - Uvod u modnu ilustraciju\" width=\"279\" height=\"380\" \/><\/a><p class=\"jig-HTMLdescription\">Elena Raosavljevi\u0107 - AD301 - Uvod u modnu ilustraciju<br\/><\/p><\/li><li><a href=\"https:\/\/metart.metropolitan.ac.rs\/2024\/files\/2024\/07\/Emina-Fetahovic-AD301-Uvod-u-modnu-ilustraciju-2-692x1024.jpg\"><img loading=\"lazy\" decoding=\"async\" src=\"https:\/\/metart.metropolitan.ac.rs\/2024\/wp-content\/plugins\/justified-image-grid\/timthumb.php?src=https%3A%2F%2Fmetart.metropolitan.ac.rs%2F2024%2Ffiles%2F2024%2F07%2FEmina-Fetahovic-AD301-Uvod-u-modnu-ilustraciju-2-692x1024.jpg&amp;h=380&amp;q=90&amp;f=.jpg\" alt=\"Emina Fetahovi\u0107 - AD301 - Uvod u modnu ilustraciju 2\" width=\"256\" height=\"380\" \/><\/a><p class=\"jig-HTMLdescription\">Emina Fetahovi\u0107 - AD301 - Uvod u modnu ilustraciju 2<br\/><\/p><\/li><li><a href=\"https:\/\/metart.metropolitan.ac.rs\/2024\/files\/2024\/07\/Emina-Fetahovic-AD301-Uvod-u-modnu-ilustraciju-3-709x1024.jpg\"><img loading=\"lazy\" decoding=\"async\" src=\"https:\/\/metart.metropolitan.ac.rs\/2024\/wp-content\/plugins\/justified-image-grid\/timthumb.php?src=https%3A%2F%2Fmetart.metropolitan.ac.rs%2F2024%2Ffiles%2F2024%2F07%2FEmina-Fetahovic-AD301-Uvod-u-modnu-ilustraciju-3-709x1024.jpg&amp;h=380&amp;q=90&amp;f=.jpg\" alt=\"Emina Fetahovi\u0107 - AD301 - Uvod u modnu ilustraciju 3\" width=\"263\" height=\"380\" \/><\/a><p class=\"jig-HTMLdescription\">Emina Fetahovi\u0107 - AD301 - Uvod u modnu ilustraciju 3<br\/><\/p><\/li><li><a href=\"https:\/\/metart.metropolitan.ac.rs\/2024\/files\/2024\/07\/Emina-Fetahovic-AD301-Uvod-u-modnu-ilustraciju-4-745x1024.jpg\"><img loading=\"lazy\" decoding=\"async\" src=\"https:\/\/metart.metropolitan.ac.rs\/2024\/wp-content\/plugins\/justified-image-grid\/timthumb.php?src=https%3A%2F%2Fmetart.metropolitan.ac.rs%2F2024%2Ffiles%2F2024%2F07%2FEmina-Fetahovic-AD301-Uvod-u-modnu-ilustraciju-4-745x1024.jpg&amp;h=380&amp;q=90&amp;f=.jpg\" alt=\"Emina Fetahovi\u0107 - AD301 - Uvod u modnu ilustraciju 4\" width=\"276\" height=\"380\" \/><\/a><p class=\"jig-HTMLdescription\">Emina Fetahovi\u0107 - AD301 - Uvod u modnu ilustraciju 4<br\/><\/p><\/li><li><a href=\"https:\/\/metart.metropolitan.ac.rs\/2024\/files\/2024\/07\/Emina-Fetahovic-AD301-Uvod-u-modnu-ilustraciju-5-729x1024.jpg\"><img loading=\"lazy\" decoding=\"async\" src=\"https:\/\/metart.metropolitan.ac.rs\/2024\/wp-content\/plugins\/justified-image-grid\/timthumb.php?src=https%3A%2F%2Fmetart.metropolitan.ac.rs%2F2024%2Ffiles%2F2024%2F07%2FEmina-Fetahovic-AD301-Uvod-u-modnu-ilustraciju-5-729x1024.jpg&amp;h=380&amp;q=90&amp;f=.jpg\" alt=\"Emina Fetahovi\u0107 - AD301 - Uvod u modnu ilustraciju 5\" width=\"270\" height=\"380\" \/><\/a><p class=\"jig-HTMLdescription\">Emina Fetahovi\u0107 - AD301 - Uvod u modnu ilustraciju 5<br\/><\/p><\/li><li><a href=\"https:\/\/metart.metropolitan.ac.rs\/2024\/files\/2024\/07\/Emina-Fetahovic-AD301-Uvod-u-modnu-ilustraciju-6-721x1024.jpg\"><img loading=\"lazy\" decoding=\"async\" src=\"https:\/\/metart.metropolitan.ac.rs\/2024\/wp-content\/plugins\/justified-image-grid\/timthumb.php?src=https%3A%2F%2Fmetart.metropolitan.ac.rs%2F2024%2Ffiles%2F2024%2F07%2FEmina-Fetahovic-AD301-Uvod-u-modnu-ilustraciju-6-721x1024.jpg&amp;h=380&amp;q=90&amp;f=.jpg\" alt=\"Emina Fetahovi\u0107 - AD301 - Uvod u modnu ilustraciju 6\" width=\"267\" height=\"380\" \/><\/a><p class=\"jig-HTMLdescription\">Emina Fetahovi\u0107 - AD301 - Uvod u modnu ilustraciju 6<br\/><\/p><\/li><li><a href=\"https:\/\/metart.metropolitan.ac.rs\/2024\/files\/2024\/07\/Emina-Fetahovic-AD301-Uvod-u-modnu-ilustraciju-7-715x1024.jpg\"><img loading=\"lazy\" decoding=\"async\" src=\"https:\/\/metart.metropolitan.ac.rs\/2024\/wp-content\/plugins\/justified-image-grid\/timthumb.php?src=https%3A%2F%2Fmetart.metropolitan.ac.rs%2F2024%2Ffiles%2F2024%2F07%2FEmina-Fetahovic-AD301-Uvod-u-modnu-ilustraciju-7-715x1024.jpg&amp;h=380&amp;q=90&amp;f=.jpg\" alt=\"Emina Fetahovi\u0107 - AD301 - Uvod u modnu ilustraciju 7\" width=\"265\" height=\"380\" \/><\/a><p class=\"jig-HTMLdescription\">Emina Fetahovi\u0107 - AD301 - Uvod u modnu ilustraciju 7<br\/><\/p><\/li><li><a href=\"https:\/\/metart.metropolitan.ac.rs\/2024\/files\/2024\/07\/Emina-Fetahovic-AD301-Uvod-u-modnu-ilustraciju-732x1024.jpg\"><img loading=\"lazy\" decoding=\"async\" src=\"https:\/\/metart.metropolitan.ac.rs\/2024\/wp-content\/plugins\/justified-image-grid\/timthumb.php?src=https%3A%2F%2Fmetart.metropolitan.ac.rs%2F2024%2Ffiles%2F2024%2F07%2FEmina-Fetahovic-AD301-Uvod-u-modnu-ilustraciju-732x1024.jpg&amp;h=380&amp;q=90&amp;f=.jpg\" alt=\"Emina Fetahovi\u0107 - AD301 - Uvod u modnu ilustraciju\" width=\"271\" height=\"380\" \/><\/a><p class=\"jig-HTMLdescription\">Emina Fetahovi\u0107 - AD301 - Uvod u modnu ilustraciju<br\/><\/p><\/li><li><a href=\"https:\/\/metart.metropolitan.ac.rs\/2024\/files\/2024\/07\/Jovana-Gicelanovic-AD301-Uvod-u-modnu-ilustraciju-2-742x1024.jpg\"><img loading=\"lazy\" decoding=\"async\" src=\"https:\/\/metart.metropolitan.ac.rs\/2024\/wp-content\/plugins\/justified-image-grid\/timthumb.php?src=https%3A%2F%2Fmetart.metropolitan.ac.rs%2F2024%2Ffiles%2F2024%2F07%2FJovana-Gicelanovic-AD301-Uvod-u-modnu-ilustraciju-2-742x1024.jpg&amp;h=380&amp;q=90&amp;f=.jpg\" alt=\"Jovana Gicelanovi\u0107 - AD301 - Uvod u modnu ilustraciju 2\" width=\"275\" height=\"380\" \/><\/a><p class=\"jig-HTMLdescription\">Jovana Gicelanovi\u0107 - AD301 - Uvod u modnu ilustraciju 2<br\/><\/p><\/li><li><a href=\"https:\/\/metart.metropolitan.ac.rs\/2024\/files\/2024\/07\/Jovana-Gicelanovic-AD301-Uvod-u-modnu-ilustraciju-3-733x1024.jpg\"><img loading=\"lazy\" decoding=\"async\" src=\"https:\/\/metart.metropolitan.ac.rs\/2024\/wp-content\/plugins\/justified-image-grid\/timthumb.php?src=https%3A%2F%2Fmetart.metropolitan.ac.rs%2F2024%2Ffiles%2F2024%2F07%2FJovana-Gicelanovic-AD301-Uvod-u-modnu-ilustraciju-3-733x1024.jpg&amp;h=380&amp;q=90&amp;f=.jpg\" alt=\"Jovana Gicelanovi\u0107 - AD301 - Uvod u modnu ilustraciju 3\" width=\"272\" height=\"380\" \/><\/a><p class=\"jig-HTMLdescription\">Jovana Gicelanovi\u0107 - AD301 - Uvod u modnu ilustraciju 3<br\/><\/p><\/li><li><a href=\"https:\/\/metart.metropolitan.ac.rs\/2024\/files\/2024\/07\/Jovana-Gicelanovic-AD301-Uvod-u-modnu-ilustraciju-4-724x1024.jpg\"><img loading=\"lazy\" decoding=\"async\" src=\"https:\/\/metart.metropolitan.ac.rs\/2024\/wp-content\/plugins\/justified-image-grid\/timthumb.php?src=https%3A%2F%2Fmetart.metropolitan.ac.rs%2F2024%2Ffiles%2F2024%2F07%2FJovana-Gicelanovic-AD301-Uvod-u-modnu-ilustraciju-4-724x1024.jpg&amp;h=380&amp;q=90&amp;f=.jpg\" alt=\"Jovana Gicelanovi\u0107 - AD301 - Uvod u modnu ilustraciju 4\" width=\"268\" height=\"380\" \/><\/a><p class=\"jig-HTMLdescription\">Jovana Gicelanovi\u0107 - AD301 - Uvod u modnu ilustraciju 4<br\/><\/p><\/li><li><a href=\"https:\/\/metart.metropolitan.ac.rs\/2024\/files\/2024\/07\/Jovana-Gicelanovic-AD301-Uvod-u-modnu-ilustraciju-5-718x1024.jpg\"><img loading=\"lazy\" decoding=\"async\" src=\"https:\/\/metart.metropolitan.ac.rs\/2024\/wp-content\/plugins\/justified-image-grid\/timthumb.php?src=https%3A%2F%2Fmetart.metropolitan.ac.rs%2F2024%2Ffiles%2F2024%2F07%2FJovana-Gicelanovic-AD301-Uvod-u-modnu-ilustraciju-5-718x1024.jpg&amp;h=380&amp;q=90&amp;f=.jpg\" alt=\"Jovana Gicelanovi\u0107 - AD301 - Uvod u modnu ilustraciju 5\" width=\"266\" height=\"380\" \/><\/a><p class=\"jig-HTMLdescription\">Jovana Gicelanovi\u0107 - AD301 - Uvod u modnu ilustraciju 5<br\/><\/p><\/li><li><a href=\"https:\/\/metart.metropolitan.ac.rs\/2024\/files\/2024\/07\/Jovana-Gicelanovic-AD301-Uvod-u-modnu-ilustraciju-6-707x1024.jpg\"><img loading=\"lazy\" decoding=\"async\" src=\"https:\/\/metart.metropolitan.ac.rs\/2024\/wp-content\/plugins\/justified-image-grid\/timthumb.php?src=https%3A%2F%2Fmetart.metropolitan.ac.rs%2F2024%2Ffiles%2F2024%2F07%2FJovana-Gicelanovic-AD301-Uvod-u-modnu-ilustraciju-6-707x1024.jpg&amp;h=380&amp;q=90&amp;f=.jpg\" alt=\"Jovana Gicelanovi\u0107 - AD301 - Uvod u modnu ilustraciju 6\" width=\"262\" height=\"380\" \/><\/a><p class=\"jig-HTMLdescription\">Jovana Gicelanovi\u0107 - AD301 - Uvod u modnu ilustraciju 6<br\/><\/p><\/li><li><a href=\"https:\/\/metart.metropolitan.ac.rs\/2024\/files\/2024\/07\/Jovana-Gicelanovic-AD301-Uvod-u-modnu-ilustraciju-751x1024.jpg\"><img loading=\"lazy\" decoding=\"async\" src=\"https:\/\/metart.metropolitan.ac.rs\/2024\/wp-content\/plugins\/justified-image-grid\/timthumb.php?src=https%3A%2F%2Fmetart.metropolitan.ac.rs%2F2024%2Ffiles%2F2024%2F07%2FJovana-Gicelanovic-AD301-Uvod-u-modnu-ilustraciju-751x1024.jpg&amp;h=380&amp;q=90&amp;f=.jpg\" alt=\"Jovana Gicelanovi\u0107 - AD301 - Uvod u modnu ilustraciju\" width=\"278\" height=\"380\" \/><\/a><p class=\"jig-HTMLdescription\">Jovana Gicelanovi\u0107 - AD301 - Uvod u modnu ilustraciju<br\/><\/p><\/li><li><a href=\"https:\/\/metart.metropolitan.ac.rs\/2024\/files\/2024\/07\/Stefan-DJordjevic-AD301-Uvod-u-modnu-ilustraciju-2-707x1024.jpg\"><img loading=\"lazy\" decoding=\"async\" src=\"https:\/\/metart.metropolitan.ac.rs\/2024\/wp-content\/plugins\/justified-image-grid\/timthumb.php?src=https%3A%2F%2Fmetart.metropolitan.ac.rs%2F2024%2Ffiles%2F2024%2F07%2FStefan-DJordjevic-AD301-Uvod-u-modnu-ilustraciju-2-707x1024.jpg&amp;h=380&amp;q=90&amp;f=.jpg\" alt=\"Stefan \u0110or\u0111evi\u0107 - AD301 - Uvod u modnu ilustraciju 2\" width=\"262\" height=\"380\" \/><\/a><p class=\"jig-HTMLdescription\">Stefan \u0110or\u0111evi\u0107 - AD301 - Uvod u modnu ilustraciju 2<br\/><\/p><\/li><li><a href=\"https:\/\/metart.metropolitan.ac.rs\/2024\/files\/2024\/07\/Stefan-DJordjevic-AD301-Uvod-u-modnu-ilustraciju-3-712x1024.jpg\"><img loading=\"lazy\" decoding=\"async\" src=\"https:\/\/metart.metropolitan.ac.rs\/2024\/wp-content\/plugins\/justified-image-grid\/timthumb.php?src=https%3A%2F%2Fmetart.metropolitan.ac.rs%2F2024%2Ffiles%2F2024%2F07%2FStefan-DJordjevic-AD301-Uvod-u-modnu-ilustraciju-3-712x1024.jpg&amp;h=380&amp;q=90&amp;f=.jpg\" alt=\"Stefan \u0110or\u0111evi\u0107 - AD301 - Uvod u modnu ilustraciju 3\" width=\"264\" height=\"380\" \/><\/a><p class=\"jig-HTMLdescription\">Stefan \u0110or\u0111evi\u0107 - AD301 - Uvod u modnu ilustraciju 3<br\/><\/p><\/li><li><a href=\"https:\/\/metart.metropolitan.ac.rs\/2024\/files\/2024\/07\/Stefan-DJordjevic-AD301-Uvod-u-modnu-ilustraciju-4-712x1024.jpg\"><img loading=\"lazy\" decoding=\"async\" src=\"https:\/\/metart.metropolitan.ac.rs\/2024\/wp-content\/plugins\/justified-image-grid\/timthumb.php?src=https%3A%2F%2Fmetart.metropolitan.ac.rs%2F2024%2Ffiles%2F2024%2F07%2FStefan-DJordjevic-AD301-Uvod-u-modnu-ilustraciju-4-712x1024.jpg&amp;h=380&amp;q=90&amp;f=.jpg\" alt=\"Stefan \u0110or\u0111evi\u0107 - AD301 - Uvod u modnu ilustraciju 4\" width=\"264\" height=\"380\" \/><\/a><p class=\"jig-HTMLdescription\">Stefan \u0110or\u0111evi\u0107 - AD301 - Uvod u modnu ilustraciju 4<br\/><\/p><\/li><li><a href=\"https:\/\/metart.metropolitan.ac.rs\/2024\/files\/2024\/07\/Stefan-DJordjevic-AD301-Uvod-u-modnu-ilustraciju-5-707x1024.jpg\"><img loading=\"lazy\" decoding=\"async\" src=\"https:\/\/metart.metropolitan.ac.rs\/2024\/wp-content\/plugins\/justified-image-grid\/timthumb.php?src=https%3A%2F%2Fmetart.metropolitan.ac.rs%2F2024%2Ffiles%2F2024%2F07%2FStefan-DJordjevic-AD301-Uvod-u-modnu-ilustraciju-5-707x1024.jpg&amp;h=380&amp;q=90&amp;f=.jpg\" alt=\"Stefan \u0110or\u0111evi\u0107 - AD301 - Uvod u modnu ilustraciju 5\" width=\"262\" height=\"380\" \/><\/a><p class=\"jig-HTMLdescription\">Stefan \u0110or\u0111evi\u0107 - AD301 - Uvod u modnu ilustraciju 5<br\/><\/p><\/li><li><a href=\"https:\/\/metart.metropolitan.ac.rs\/2024\/files\/2024\/07\/Stefan-DJordjevic-AD301-Uvod-u-modnu-ilustraciju-715x1024.jpg\"><img loading=\"lazy\" decoding=\"async\" src=\"https:\/\/metart.metropolitan.ac.rs\/2024\/wp-content\/plugins\/justified-image-grid\/timthumb.php?src=https%3A%2F%2Fmetart.metropolitan.ac.rs%2F2024%2Ffiles%2F2024%2F07%2FStefan-DJordjevic-AD301-Uvod-u-modnu-ilustraciju-715x1024.jpg&amp;h=380&amp;q=90&amp;f=.jpg\" alt=\"Stefan \u0110or\u0111evi\u0107 - AD301 - Uvod u modnu ilustraciju\" width=\"265\" height=\"380\" \/><\/a><p class=\"jig-HTMLdescription\">Stefan \u0110or\u0111evi\u0107 - AD301 - Uvod u modnu ilustraciju<br\/><\/p><\/li><li><a href=\"https:\/\/metart.metropolitan.ac.rs\/2024\/files\/2024\/07\/Tara-Vujic-AD301-Uvod-u-modnu-ilustraciju-2-711x1024.jpg\"><img loading=\"lazy\" decoding=\"async\" src=\"https:\/\/metart.metropolitan.ac.rs\/2024\/wp-content\/plugins\/justified-image-grid\/timthumb.php?src=https%3A%2F%2Fmetart.metropolitan.ac.rs%2F2024%2Ffiles%2F2024%2F07%2FTara-Vujic-AD301-Uvod-u-modnu-ilustraciju-2-711x1024.jpg&amp;h=380&amp;q=90&amp;f=.jpg\" alt=\"Tara Vuji\u0107 - AD301 - Uvod u modnu ilustraciju 2\" width=\"263\" height=\"380\" \/><\/a><p class=\"jig-HTMLdescription\">Tara Vuji\u0107 - AD301 - Uvod u modnu ilustraciju 2<br\/><\/p><\/li><li><a href=\"https:\/\/metart.metropolitan.ac.rs\/2024\/files\/2024\/07\/Tara-Vujic-AD301-Uvod-u-modnu-ilustraciju-3-715x1024.jpg\"><img loading=\"lazy\" decoding=\"async\" src=\"https:\/\/metart.metropolitan.ac.rs\/2024\/wp-content\/plugins\/justified-image-grid\/timthumb.php?src=https%3A%2F%2Fmetart.metropolitan.ac.rs%2F2024%2Ffiles%2F2024%2F07%2FTara-Vujic-AD301-Uvod-u-modnu-ilustraciju-3-715x1024.jpg&amp;h=380&amp;q=90&amp;f=.jpg\" alt=\"Tara Vuji\u0107 - AD301 - Uvod u modnu ilustraciju 3\" width=\"265\" height=\"380\" \/><\/a><p class=\"jig-HTMLdescription\">Tara Vuji\u0107 - AD301 - Uvod u modnu ilustraciju 3<br\/><\/p><\/li><li><a href=\"https:\/\/metart.metropolitan.ac.rs\/2024\/files\/2024\/07\/Tara-Vujic-AD301-Uvod-u-modnu-ilustraciju-4-728x1024.jpg\"><img loading=\"lazy\" decoding=\"async\" src=\"https:\/\/metart.metropolitan.ac.rs\/2024\/wp-content\/plugins\/justified-image-grid\/timthumb.php?src=https%3A%2F%2Fmetart.metropolitan.ac.rs%2F2024%2Ffiles%2F2024%2F07%2FTara-Vujic-AD301-Uvod-u-modnu-ilustraciju-4-728x1024.jpg&amp;h=380&amp;q=90&amp;f=.jpg\" alt=\"Tara Vuji\u0107 - AD301 - Uvod u modnu ilustraciju 4\" width=\"270\" height=\"380\" \/><\/a><p class=\"jig-HTMLdescription\">Tara Vuji\u0107 - AD301 - Uvod u modnu ilustraciju 4<br\/><\/p><\/li><li><a href=\"https:\/\/metart.metropolitan.ac.rs\/2024\/files\/2024\/07\/Tara-Vujic-AD301-Uvod-u-modnu-ilustraciju-708x1024.jpg\"><img loading=\"lazy\" decoding=\"async\" src=\"https:\/\/metart.metropolitan.ac.rs\/2024\/wp-content\/plugins\/justified-image-grid\/timthumb.php?src=https%3A%2F%2Fmetart.metropolitan.ac.rs%2F2024%2Ffiles%2F2024%2F07%2FTara-Vujic-AD301-Uvod-u-modnu-ilustraciju-708x1024.jpg&amp;h=380&amp;q=90&amp;f=.jpg\" alt=\"Tara Vuji\u0107 - AD301 - Uvod u modnu ilustraciju\" width=\"262\" height=\"380\" \/><\/a><p class=\"jig-HTMLdescription\">Tara Vuji\u0107 - AD301 - Uvod u modnu ilustraciju<br\/><\/p><\/li><li><a href=\"https:\/\/metart.metropolitan.ac.rs\/2024\/files\/2024\/07\/Dorotea-Susic-AD301-Uvod-u-modnu-ilustraciju-2-713x1024.jpg\"><img loading=\"lazy\" decoding=\"async\" src=\"https:\/\/metart.metropolitan.ac.rs\/2024\/wp-content\/plugins\/justified-image-grid\/timthumb.php?src=https%3A%2F%2Fmetart.metropolitan.ac.rs%2F2024%2Ffiles%2F2024%2F07%2FDorotea-Susic-AD301-Uvod-u-modnu-ilustraciju-2-713x1024.jpg&amp;h=380&amp;q=90&amp;f=.jpg\" alt=\"Dorotea Su\u0161i\u0107 - AD301 - Uvod u modnu ilustraciju 2\" width=\"264\" height=\"380\" \/><\/a><p class=\"jig-HTMLdescription\">Dorotea Su\u0161i\u0107 - AD301 - Uvod u modnu ilustraciju 2<br\/><\/p><\/li><li><a href=\"https:\/\/metart.metropolitan.ac.rs\/2024\/files\/2024\/07\/Dorotea-Susic-AD301-Uvod-u-modnu-ilustraciju-3-711x1024.jpg\"><img loading=\"lazy\" decoding=\"async\" src=\"https:\/\/metart.metropolitan.ac.rs\/2024\/wp-content\/plugins\/justified-image-grid\/timthumb.php?src=https%3A%2F%2Fmetart.metropolitan.ac.rs%2F2024%2Ffiles%2F2024%2F07%2FDorotea-Susic-AD301-Uvod-u-modnu-ilustraciju-3-711x1024.jpg&amp;h=380&amp;q=90&amp;f=.jpg\" alt=\"Dorotea Su\u0161i\u0107 - AD301 - Uvod u modnu ilustraciju 3\" width=\"263\" height=\"380\" \/><\/a><p class=\"jig-HTMLdescription\">Dorotea Su\u0161i\u0107 - AD301 - Uvod u modnu ilustraciju 3<br\/><\/p><\/li><li><a href=\"https:\/\/metart.metropolitan.ac.rs\/2024\/files\/2024\/07\/Dorotea-Susic-AD301-Uvod-u-modnu-ilustraciju-4-704x1024.jpg\"><img loading=\"lazy\" decoding=\"async\" src=\"https:\/\/metart.metropolitan.ac.rs\/2024\/wp-content\/plugins\/justified-image-grid\/timthumb.php?src=https%3A%2F%2Fmetart.metropolitan.ac.rs%2F2024%2Ffiles%2F2024%2F07%2FDorotea-Susic-AD301-Uvod-u-modnu-ilustraciju-4-704x1024.jpg&amp;h=380&amp;q=90&amp;f=.jpg\" alt=\"Dorotea Su\u0161i\u0107 - AD301 - Uvod u modnu ilustraciju 4\" width=\"261\" height=\"380\" \/><\/a><p class=\"jig-HTMLdescription\">Dorotea Su\u0161i\u0107 - AD301 - Uvod u modnu ilustraciju 4<br\/><\/p><\/li><li><a href=\"https:\/\/metart.metropolitan.ac.rs\/2024\/files\/2024\/07\/Dorotea-Susic-AD301-Uvod-u-modnu-ilustraciju-5-719x1024.jpg\"><img loading=\"lazy\" decoding=\"async\" src=\"https:\/\/metart.metropolitan.ac.rs\/2024\/wp-content\/plugins\/justified-image-grid\/timthumb.php?src=https%3A%2F%2Fmetart.metropolitan.ac.rs%2F2024%2Ffiles%2F2024%2F07%2FDorotea-Susic-AD301-Uvod-u-modnu-ilustraciju-5-719x1024.jpg&amp;h=380&amp;q=90&amp;f=.jpg\" alt=\"Dorotea Su\u0161i\u0107 - AD301 - Uvod u modnu ilustraciju 5\" width=\"266\" height=\"380\" \/><\/a><p class=\"jig-HTMLdescription\">Dorotea Su\u0161i\u0107 - AD301 - Uvod u modnu ilustraciju 5<br\/><\/p><\/li><li><a href=\"https:\/\/metart.metropolitan.ac.rs\/2024\/files\/2024\/07\/Dorotea-Susic-AD301-Uvod-u-modnu-ilustraciju-6-1024x911.jpg\"><img loading=\"lazy\" decoding=\"async\" src=\"https:\/\/metart.metropolitan.ac.rs\/2024\/wp-content\/plugins\/justified-image-grid\/timthumb.php?src=https%3A%2F%2Fmetart.metropolitan.ac.rs%2F2024%2Ffiles%2F2024%2F07%2FDorotea-Susic-AD301-Uvod-u-modnu-ilustraciju-6-1024x911.jpg&amp;h=380&amp;q=90&amp;f=.jpg\" alt=\"Dorotea Su\u0161i\u0107 - AD301 - Uvod u modnu ilustraciju 6\" width=\"427\" height=\"380\" \/><\/a><p class=\"jig-HTMLdescription\">Dorotea Su\u0161i\u0107 - AD301 - Uvod u modnu ilustraciju 6<br\/><\/p><\/li><li><a href=\"https:\/\/metart.metropolitan.ac.rs\/2024\/files\/2024\/07\/Dorotea-Susic-AD301-Uvod-u-modnu-ilustraciju-724x1024.jpg\"><img loading=\"lazy\" decoding=\"async\" src=\"https:\/\/metart.metropolitan.ac.rs\/2024\/wp-content\/plugins\/justified-image-grid\/timthumb.php?src=https%3A%2F%2Fmetart.metropolitan.ac.rs%2F2024%2Ffiles%2F2024%2F07%2FDorotea-Susic-AD301-Uvod-u-modnu-ilustraciju-724x1024.jpg&amp;h=380&amp;q=90&amp;f=.jpg\" alt=\"Dorotea Su\u0161i\u0107 - AD301 - Uvod u modnu ilustraciju\" width=\"268\" height=\"380\" \/><\/a><p class=\"jig-HTMLdescription\">Dorotea Su\u0161i\u0107 - AD301 - Uvod u modnu ilustraciju<br\/><\/p><\/li><li><a href=\"https:\/\/metart.metropolitan.ac.rs\/2024\/files\/2024\/07\/Elena-Raosavljevic-AD301-Uvod-u-modnu-ilustraciju-2-777x1024.jpg\"><img loading=\"lazy\" decoding=\"async\" src=\"https:\/\/metart.metropolitan.ac.rs\/2024\/wp-content\/plugins\/justified-image-grid\/timthumb.php?src=https%3A%2F%2Fmetart.metropolitan.ac.rs%2F2024%2Ffiles%2F2024%2F07%2FElena-Raosavljevic-AD301-Uvod-u-modnu-ilustraciju-2-777x1024.jpg&amp;h=380&amp;q=90&amp;f=.jpg\" alt=\"Elena Raosavljevi\u0107 - AD301 - Uvod u modnu ilustraciju 2\" width=\"288\" height=\"380\" \/><\/a><p class=\"jig-HTMLdescription\">Elena Raosavljevi\u0107 - AD301 - Uvod u modnu ilustraciju 2<br\/><\/p><\/li><li><a href=\"https:\/\/metart.metropolitan.ac.rs\/2024\/files\/2024\/07\/Elena-Raosavljevic-AD301-Uvod-u-modnu-ilustraciju-3-790x1024.jpg\"><img loading=\"lazy\" decoding=\"async\" src=\"https:\/\/metart.metropolitan.ac.rs\/2024\/wp-content\/plugins\/justified-image-grid\/timthumb.php?src=https%3A%2F%2Fmetart.metropolitan.ac.rs%2F2024%2Ffiles%2F2024%2F07%2FElena-Raosavljevic-AD301-Uvod-u-modnu-ilustraciju-3-790x1024.jpg&amp;h=380&amp;q=90&amp;f=.jpg\" alt=\"Elena Raosavljevi\u0107 - AD301 - Uvod u modnu ilustraciju 3\" width=\"293\" height=\"380\" \/><\/a><p class=\"jig-HTMLdescription\">Elena Raosavljevi\u0107 - AD301 - Uvod u modnu ilustraciju 3<br\/><\/p><\/li><li><a href=\"https:\/\/metart.metropolitan.ac.rs\/2024\/files\/2024\/07\/Elena-Raosavljevic-AD301-Uvod-u-modnu-ilustraciju-4-730x1024.jpg\"><img loading=\"lazy\" decoding=\"async\" src=\"https:\/\/metart.metropolitan.ac.rs\/2024\/wp-content\/plugins\/justified-image-grid\/timthumb.php?src=https%3A%2F%2Fmetart.metropolitan.ac.rs%2F2024%2Ffiles%2F2024%2F07%2FElena-Raosavljevic-AD301-Uvod-u-modnu-ilustraciju-4-730x1024.jpg&amp;h=380&amp;q=90&amp;f=.jpg\" alt=\"Elena Raosavljevi\u0107 - AD301 - Uvod u modnu ilustraciju 4\" width=\"270\" height=\"380\" \/><\/a><p class=\"jig-HTMLdescription\">Elena Raosavljevi\u0107 - AD301 - Uvod u modnu ilustraciju 4<br\/><\/p><\/li><li><a href=\"https:\/\/metart.metropolitan.ac.rs\/2024\/files\/2024\/07\/Elena-Raosavljevic-AD301-Uvod-u-modnu-ilustraciju-5-733x1024.jpg\"><img loading=\"lazy\" decoding=\"async\" src=\"https:\/\/metart.metropolitan.ac.rs\/2024\/wp-content\/plugins\/justified-image-grid\/timthumb.php?src=https%3A%2F%2Fmetart.metropolitan.ac.rs%2F2024%2Ffiles%2F2024%2F07%2FElena-Raosavljevic-AD301-Uvod-u-modnu-ilustraciju-5-733x1024.jpg&amp;h=380&amp;q=90&amp;f=.jpg\" alt=\"Elena Raosavljevi\u0107 - AD301 - Uvod u modnu ilustraciju 5\" width=\"272\" height=\"380\" \/><\/a><p class=\"jig-HTMLdescription\">Elena Raosavljevi\u0107 - AD301 - Uvod u modnu ilustraciju 5<br\/><\/p><\/li><li><a href=\"https:\/\/metart.metropolitan.ac.rs\/2024\/files\/2024\/07\/Elena-Raosavljevic-AD301-Uvod-u-modnu-ilustraciju-6-681x1024.jpg\"><img loading=\"lazy\" decoding=\"async\" src=\"https:\/\/metart.metropolitan.ac.rs\/2024\/wp-content\/plugins\/justified-image-grid\/timthumb.php?src=https%3A%2F%2Fmetart.metropolitan.ac.rs%2F2024%2Ffiles%2F2024%2F07%2FElena-Raosavljevic-AD301-Uvod-u-modnu-ilustraciju-6-681x1024.jpg&amp;h=380&amp;q=90&amp;f=.jpg\" alt=\"Elena Raosavljevi\u0107 - AD301 - Uvod u modnu ilustraciju 6\" width=\"252\" height=\"380\" \/><\/a><p class=\"jig-HTMLdescription\">Elena Raosavljevi\u0107 - AD301 - Uvod u modnu ilustraciju 6<br\/><\/p><\/li><li><a href=\"https:\/\/metart.metropolitan.ac.rs\/2024\/files\/2024\/07\/Elena-Raosavljevic-AD301-Uvod-u-modnu-ilustraciju-7-748x1024.jpg\"><img loading=\"lazy\" decoding=\"async\" src=\"https:\/\/metart.metropolitan.ac.rs\/2024\/wp-content\/plugins\/justified-image-grid\/timthumb.php?src=https%3A%2F%2Fmetart.metropolitan.ac.rs%2F2024%2Ffiles%2F2024%2F07%2FElena-Raosavljevic-AD301-Uvod-u-modnu-ilustraciju-7-748x1024.jpg&amp;h=380&amp;q=90&amp;f=.jpg\" alt=\"Elena Raosavljevi\u0107 - AD301 - Uvod u modnu ilustraciju 7\" width=\"277\" height=\"380\" \/><\/a><p class=\"jig-HTMLdescription\">Elena Raosavljevi\u0107 - AD301 - Uvod u modnu ilustraciju 7<br\/><\/p><\/li><li><a href=\"https:\/\/metart.metropolitan.ac.rs\/2024\/files\/2024\/07\/Elena-Raosavljevic-AD301-Uvod-u-modnu-ilustraciju-8-722x1024.jpg\"><img loading=\"lazy\" decoding=\"async\" src=\"https:\/\/metart.metropolitan.ac.rs\/2024\/wp-content\/plugins\/justified-image-grid\/timthumb.php?src=https%3A%2F%2Fmetart.metropolitan.ac.rs%2F2024%2Ffiles%2F2024%2F07%2FElena-Raosavljevic-AD301-Uvod-u-modnu-ilustraciju-8-722x1024.jpg&amp;h=380&amp;q=90&amp;f=.jpg\" alt=\"Elena Raosavljevi\u0107 - AD301 - Uvod u modnu ilustraciju 8\" width=\"267\" height=\"380\" \/><\/a><p class=\"jig-HTMLdescription\">Elena Raosavljevi\u0107 - AD301 - Uvod u modnu ilustraciju 8<br\/><\/p><\/li><\/ul><\/noscript><\/div>\n","protected":false},"excerpt":{"rendered":"","protected":false},"author":2,"featured_media":0,"parent":0,"menu_order":0,"comment_status":"closed","ping_status":"closed","template":"page-puna.php","meta":{"footnotes":""},"class_list":["post-7287","page","type-page","status-publish","hentry"],"_links":{"self":[{"href":"https:\/\/metart.metropolitan.ac.rs\/2024\/wp-json\/wp\/v2\/pages\/7287"}],"collection":[{"href":"https:\/\/metart.metropolitan.ac.rs\/2024\/wp-json\/wp\/v2\/pages"}],"about":[{"href":"https:\/\/metart.metropolitan.ac.rs\/2024\/wp-json\/wp\/v2\/types\/page"}],"author":[{"embeddable":true,"href":"https:\/\/metart.metropolitan.ac.rs\/2024\/wp-json\/wp\/v2\/users\/2"}],"replies":[{"embeddable":true,"href":"https:\/\/metart.metropolitan.ac.rs\/2024\/wp-json\/wp\/v2\/comments?post=7287"}],"version-history":[{"count":3,"href":"https:\/\/metart.metropolitan.ac.rs\/2024\/wp-json\/wp\/v2\/pages\/7287\/revisions"}],"predecessor-version":[{"id":7450,"href":"https:\/\/metart.metropolitan.ac.rs\/2024\/wp-json\/wp\/v2\/pages\/7287\/revisions\/7450"}],"wp:attachment":[{"href":"https:\/\/metart.metropolitan.ac.rs\/2024\/wp-json\/wp\/v2\/media?parent=7287"}],"curies":[{"name":"wp","href":"https:\/\/api.w.org\/{rel}","templated":true}]}}