{"id":7635,"date":"2024-07-15T03:29:59","date_gmt":"2024-07-15T01:29:59","guid":{"rendered":"https:\/\/metart.metropolitan.ac.rs\/?page_id=7635"},"modified":"2024-07-16T19:08:49","modified_gmt":"2024-07-16T17:08:49","slug":"kompoziting-u-grafickom-dizajnu","status":"publish","type":"page","link":"https:\/\/metart.metropolitan.ac.rs\/2024\/kompoziting-u-grafickom-dizajnu\/","title":{"rendered":"Kompoziting u grafi\u010dkom dizajnu"},"content":{"rendered":"<div id=\"jig1\" class=\"justified-image-grid jig-b22e285badf7efe2b135dabdbeb0630e jig-preset-global\"><div class=\"jig-clearfix\"><\/div><noscript id=\"jig1-html\" class=\"justified-image-grid-html\" data-lazy-src=\"skiplazyload\" data-src=\"skipunveillazyload\"><ul><li><a href=\"https:\/\/metart.metropolitan.ac.rs\/2024\/files\/2024\/07\/Aleksandra-Bogojevic-AD372-Kompoziting-u-grafickom-dizajnu-2-1024x575.jpg\"><img loading=\"lazy\" decoding=\"async\" src=\"https:\/\/metart.metropolitan.ac.rs\/2024\/wp-content\/plugins\/justified-image-grid\/timthumb.php?src=https%3A%2F%2Fmetart.metropolitan.ac.rs%2F2024%2Ffiles%2F2024%2F07%2FAleksandra-Bogojevic-AD372-Kompoziting-u-grafickom-dizajnu-2-1024x575.jpg&amp;h=380&amp;q=90&amp;f=.jpg\" alt=\"Aleksandra Bogojevi\u0107 - AD372 - Kompoziting u grafi\u010dkom dizajnu 2\" width=\"676\" height=\"380\" \/><\/a><p class=\"jig-HTMLdescription\">Aleksandra Bogojevi\u0107 - AD372 - Kompoziting u grafi\u010dkom dizajnu 2<br\/><\/p><\/li><li><a href=\"https:\/\/metart.metropolitan.ac.rs\/2024\/files\/2024\/07\/Aleksandra-Bogojevic-AD372-Kompoziting-u-grafickom-dizajnu-1024x575.jpg\"><img loading=\"lazy\" decoding=\"async\" src=\"https:\/\/metart.metropolitan.ac.rs\/2024\/wp-content\/plugins\/justified-image-grid\/timthumb.php?src=https%3A%2F%2Fmetart.metropolitan.ac.rs%2F2024%2Ffiles%2F2024%2F07%2FAleksandra-Bogojevic-AD372-Kompoziting-u-grafickom-dizajnu-1024x575.jpg&amp;h=380&amp;q=90&amp;f=.jpg\" alt=\"Aleksandra Bogojevi\u0107 - AD372 - Kompoziting u grafi\u010dkom dizajnu\" width=\"676\" height=\"380\" \/><\/a><p class=\"jig-HTMLdescription\">Aleksandra Bogojevi\u0107 - AD372 - Kompoziting u grafi\u010dkom dizajnu<br\/><\/p><\/li><li><a href=\"https:\/\/metart.metropolitan.ac.rs\/2024\/files\/2024\/07\/Andjela-Dominik-AD372-Kompoziting-u-grafickom-dizajnu-1024x575.jpg\"><img loading=\"lazy\" decoding=\"async\" src=\"https:\/\/metart.metropolitan.ac.rs\/2024\/wp-content\/plugins\/justified-image-grid\/timthumb.php?src=https%3A%2F%2Fmetart.metropolitan.ac.rs%2F2024%2Ffiles%2F2024%2F07%2FAndjela-Dominik-AD372-Kompoziting-u-grafickom-dizajnu-1024x575.jpg&amp;h=380&amp;q=90&amp;f=.jpg\" alt=\"An\u0111ela Dominik - AD372 - Kompoziting u grafi\u010dkom dizajnu\" width=\"676\" height=\"380\" \/><\/a><p class=\"jig-HTMLdescription\">An\u0111ela Dominik - AD372 - Kompoziting u grafi\u010dkom dizajnu<br\/><\/p><\/li><li><a href=\"https:\/\/metart.metropolitan.ac.rs\/2024\/files\/2024\/07\/Andjela-Ognjenovic-AD372-Kompoziting-u-grafickom-dizajnu-1024x575.jpg\"><img loading=\"lazy\" decoding=\"async\" src=\"https:\/\/metart.metropolitan.ac.rs\/2024\/wp-content\/plugins\/justified-image-grid\/timthumb.php?src=https%3A%2F%2Fmetart.metropolitan.ac.rs%2F2024%2Ffiles%2F2024%2F07%2FAndjela-Ognjenovic-AD372-Kompoziting-u-grafickom-dizajnu-1024x575.jpg&amp;h=380&amp;q=90&amp;f=.jpg\" alt=\"An\u0111ela Ognjenovi\u0107 - AD372 - Kompoziting u grafi\u010dkom dizajnu\" width=\"676\" height=\"380\" \/><\/a><p class=\"jig-HTMLdescription\">An\u0111ela Ognjenovi\u0107 - AD372 - Kompoziting u grafi\u010dkom dizajnu<br\/><\/p><\/li><li><a href=\"https:\/\/metart.metropolitan.ac.rs\/2024\/files\/2024\/07\/Ivana-Stojkovic-AD372-Kompoziting-u-grafickom-dizajnu-1024x575.jpg\"><img loading=\"lazy\" decoding=\"async\" src=\"https:\/\/metart.metropolitan.ac.rs\/2024\/wp-content\/plugins\/justified-image-grid\/timthumb.php?src=https%3A%2F%2Fmetart.metropolitan.ac.rs%2F2024%2Ffiles%2F2024%2F07%2FIvana-Stojkovic-AD372-Kompoziting-u-grafickom-dizajnu-1024x575.jpg&amp;h=380&amp;q=90&amp;f=.jpg\" alt=\"Ivana Stojkovi\u0107 - AD372 - Kompoziting u grafi\u010dkom dizajnu\" width=\"676\" height=\"380\" \/><\/a><p class=\"jig-HTMLdescription\">Ivana Stojkovi\u0107 - AD372 - Kompoziting u grafi\u010dkom dizajnu<br\/><\/p><\/li><li><a href=\"https:\/\/metart.metropolitan.ac.rs\/2024\/files\/2024\/07\/Marija-Trajkovic-AD372-Kompoziting-u-grafickom-dizajnu-1024x575.jpg\"><img loading=\"lazy\" decoding=\"async\" src=\"https:\/\/metart.metropolitan.ac.rs\/2024\/wp-content\/plugins\/justified-image-grid\/timthumb.php?src=https%3A%2F%2Fmetart.metropolitan.ac.rs%2F2024%2Ffiles%2F2024%2F07%2FMarija-Trajkovic-AD372-Kompoziting-u-grafickom-dizajnu-1024x575.jpg&amp;h=380&amp;q=90&amp;f=.jpg\" alt=\"Marija Trajkovi\u0107 - AD372 - Kompoziting u grafi\u010dkom dizajnu\" width=\"676\" height=\"380\" \/><\/a><p class=\"jig-HTMLdescription\">Marija Trajkovi\u0107 - AD372 - Kompoziting u grafi\u010dkom dizajnu<br\/><\/p><\/li><li><a href=\"https:\/\/metart.metropolitan.ac.rs\/2024\/files\/2024\/07\/Mila-Vukovic-AD372-Kompoziting-u-grafickom-dizajnu-1024x575.jpg\"><img loading=\"lazy\" decoding=\"async\" src=\"https:\/\/metart.metropolitan.ac.rs\/2024\/wp-content\/plugins\/justified-image-grid\/timthumb.php?src=https%3A%2F%2Fmetart.metropolitan.ac.rs%2F2024%2Ffiles%2F2024%2F07%2FMila-Vukovic-AD372-Kompoziting-u-grafickom-dizajnu-1024x575.jpg&amp;h=380&amp;q=90&amp;f=.jpg\" alt=\"Mila Vukovi\u0107 - AD372 - Kompoziting u grafi\u010dkom dizajnu\" width=\"676\" height=\"380\" \/><\/a><p class=\"jig-HTMLdescription\">Mila Vukovi\u0107 - AD372 - Kompoziting u grafi\u010dkom dizajnu<br\/><\/p><\/li><li><a href=\"https:\/\/metart.metropolitan.ac.rs\/2024\/files\/2024\/07\/Natalija-Beljic-AD372-Kompoziting-u-grafickom-dizajnu-1024x575.jpg\"><img loading=\"lazy\" decoding=\"async\" src=\"https:\/\/metart.metropolitan.ac.rs\/2024\/wp-content\/plugins\/justified-image-grid\/timthumb.php?src=https%3A%2F%2Fmetart.metropolitan.ac.rs%2F2024%2Ffiles%2F2024%2F07%2FNatalija-Beljic-AD372-Kompoziting-u-grafickom-dizajnu-1024x575.jpg&amp;h=380&amp;q=90&amp;f=.jpg\" alt=\"Natalija Belji\u0107 - AD372 - Kompoziting u grafi\u010dkom dizajnu\" width=\"676\" height=\"380\" \/><\/a><p class=\"jig-HTMLdescription\">Natalija Belji\u0107 - AD372 - Kompoziting u grafi\u010dkom dizajnu<br\/><\/p><\/li><li><a href=\"https:\/\/metart.metropolitan.ac.rs\/2024\/files\/2024\/07\/Nemanja-Jaksic-AD372-Kompoziting-u-grafickom-dizajnu-2-1024x575.jpg\"><img loading=\"lazy\" decoding=\"async\" src=\"https:\/\/metart.metropolitan.ac.rs\/2024\/wp-content\/plugins\/justified-image-grid\/timthumb.php?src=https%3A%2F%2Fmetart.metropolitan.ac.rs%2F2024%2Ffiles%2F2024%2F07%2FNemanja-Jaksic-AD372-Kompoziting-u-grafickom-dizajnu-2-1024x575.jpg&amp;h=380&amp;q=90&amp;f=.jpg\" alt=\"Nemanja Jak\u0161i\u0107 - AD372 - Kompoziting u grafi\u010dkom dizajnu 2\" width=\"676\" height=\"380\" \/><\/a><p class=\"jig-HTMLdescription\">Nemanja Jak\u0161i\u0107 - AD372 - Kompoziting u grafi\u010dkom dizajnu 2<br\/><\/p><\/li><li><a href=\"https:\/\/metart.metropolitan.ac.rs\/2024\/files\/2024\/07\/Nemanja-Jaksic-AD372-Kompoziting-u-grafickom-dizajnu-3-1024x575.jpg\"><img loading=\"lazy\" decoding=\"async\" src=\"https:\/\/metart.metropolitan.ac.rs\/2024\/wp-content\/plugins\/justified-image-grid\/timthumb.php?src=https%3A%2F%2Fmetart.metropolitan.ac.rs%2F2024%2Ffiles%2F2024%2F07%2FNemanja-Jaksic-AD372-Kompoziting-u-grafickom-dizajnu-3-1024x575.jpg&amp;h=380&amp;q=90&amp;f=.jpg\" alt=\"Nemanja Jak\u0161i\u0107 - AD372 - Kompoziting u grafi\u010dkom dizajnu 3\" width=\"676\" height=\"380\" \/><\/a><p class=\"jig-HTMLdescription\">Nemanja Jak\u0161i\u0107 - AD372 - Kompoziting u grafi\u010dkom dizajnu 3<br\/><\/p><\/li><li><a href=\"https:\/\/metart.metropolitan.ac.rs\/2024\/files\/2024\/07\/Nemanja-Jaksic-AD372-Kompoziting-u-grafickom-dizajnu-1024x575.jpg\"><img loading=\"lazy\" decoding=\"async\" src=\"https:\/\/metart.metropolitan.ac.rs\/2024\/wp-content\/plugins\/justified-image-grid\/timthumb.php?src=https%3A%2F%2Fmetart.metropolitan.ac.rs%2F2024%2Ffiles%2F2024%2F07%2FNemanja-Jaksic-AD372-Kompoziting-u-grafickom-dizajnu-1024x575.jpg&amp;h=380&amp;q=90&amp;f=.jpg\" alt=\"Nemanja Jak\u0161i\u0107 - AD372 - Kompoziting u grafi\u010dkom dizajnu\" width=\"676\" height=\"380\" \/><\/a><p class=\"jig-HTMLdescription\">Nemanja Jak\u0161i\u0107 - AD372 - Kompoziting u grafi\u010dkom dizajnu<br\/><\/p><\/li><li><a href=\"https:\/\/metart.metropolitan.ac.rs\/2024\/files\/2024\/07\/Nena-Mircic-AD372-Kompoziting-u-grafickom-dizajnu-2-1024x575.jpg\"><img loading=\"lazy\" decoding=\"async\" src=\"https:\/\/metart.metropolitan.ac.rs\/2024\/wp-content\/plugins\/justified-image-grid\/timthumb.php?src=https%3A%2F%2Fmetart.metropolitan.ac.rs%2F2024%2Ffiles%2F2024%2F07%2FNena-Mircic-AD372-Kompoziting-u-grafickom-dizajnu-2-1024x575.jpg&amp;h=380&amp;q=90&amp;f=.jpg\" alt=\"Nena Mir\u010di\u0107 - AD372 - Kompoziting u grafi\u010dkom dizajnu 2\" width=\"676\" height=\"380\" \/><\/a><p class=\"jig-HTMLdescription\">Nena Mir\u010di\u0107 - AD372 - Kompoziting u grafi\u010dkom dizajnu 2<br\/><\/p><\/li><li><a href=\"https:\/\/metart.metropolitan.ac.rs\/2024\/files\/2024\/07\/Nena-Mircic-AD372-Kompoziting-u-grafickom-dizajnu-1024x575.jpg\"><img loading=\"lazy\" decoding=\"async\" src=\"https:\/\/metart.metropolitan.ac.rs\/2024\/wp-content\/plugins\/justified-image-grid\/timthumb.php?src=https%3A%2F%2Fmetart.metropolitan.ac.rs%2F2024%2Ffiles%2F2024%2F07%2FNena-Mircic-AD372-Kompoziting-u-grafickom-dizajnu-1024x575.jpg&amp;h=380&amp;q=90&amp;f=.jpg\" alt=\"Nena Mir\u010di\u0107 - AD372 - Kompoziting u grafi\u010dkom dizajnu\" width=\"676\" height=\"380\" \/><\/a><p class=\"jig-HTMLdescription\">Nena Mir\u010di\u0107 - AD372 - Kompoziting u grafi\u010dkom dizajnu<br\/><\/p><\/li><li><a href=\"https:\/\/metart.metropolitan.ac.rs\/2024\/files\/2024\/07\/Nora-Sabanovic-AD372-Kompoziting-u-grafickom-dizajnu-1024x575.jpg\"><img loading=\"lazy\" decoding=\"async\" src=\"https:\/\/metart.metropolitan.ac.rs\/2024\/wp-content\/plugins\/justified-image-grid\/timthumb.php?src=https%3A%2F%2Fmetart.metropolitan.ac.rs%2F2024%2Ffiles%2F2024%2F07%2FNora-Sabanovic-AD372-Kompoziting-u-grafickom-dizajnu-1024x575.jpg&amp;h=380&amp;q=90&amp;f=.jpg\" alt=\"Nora \u0160abanovi\u0107 - AD372 - Kompoziting u grafi\u010dkom dizajnu\" width=\"676\" height=\"380\" \/><\/a><p class=\"jig-HTMLdescription\">Nora \u0160abanovi\u0107 - AD372 - Kompoziting u grafi\u010dkom dizajnu<br\/><\/p><\/li><li><a href=\"https:\/\/metart.metropolitan.ac.rs\/2024\/files\/2024\/07\/Sanja-Stamenkovic-AD372-Kompoziting-u-grafickom-dizajnu-2-1024x575.jpg\"><img loading=\"lazy\" decoding=\"async\" src=\"https:\/\/metart.metropolitan.ac.rs\/2024\/wp-content\/plugins\/justified-image-grid\/timthumb.php?src=https%3A%2F%2Fmetart.metropolitan.ac.rs%2F2024%2Ffiles%2F2024%2F07%2FSanja-Stamenkovic-AD372-Kompoziting-u-grafickom-dizajnu-2-1024x575.jpg&amp;h=380&amp;q=90&amp;f=.jpg\" alt=\"Sanja Stamenkovi\u0107 - AD372 - Kompoziting u grafi\u010dkom dizajnu 2\" width=\"676\" height=\"380\" \/><\/a><p class=\"jig-HTMLdescription\">Sanja Stamenkovi\u0107 - AD372 - Kompoziting u grafi\u010dkom dizajnu 2<br\/><\/p><\/li><li><a href=\"https:\/\/metart.metropolitan.ac.rs\/2024\/files\/2024\/07\/Sanja-Stamenkovic-AD372-Kompoziting-u-grafickom-dizajnu-3-1024x575.jpg\"><img loading=\"lazy\" decoding=\"async\" src=\"https:\/\/metart.metropolitan.ac.rs\/2024\/wp-content\/plugins\/justified-image-grid\/timthumb.php?src=https%3A%2F%2Fmetart.metropolitan.ac.rs%2F2024%2Ffiles%2F2024%2F07%2FSanja-Stamenkovic-AD372-Kompoziting-u-grafickom-dizajnu-3-1024x575.jpg&amp;h=380&amp;q=90&amp;f=.jpg\" alt=\"Sanja Stamenkovi\u0107 - AD372 - Kompoziting u grafi\u010dkom dizajnu 3\" width=\"676\" height=\"380\" \/><\/a><p class=\"jig-HTMLdescription\">Sanja Stamenkovi\u0107 - AD372 - Kompoziting u grafi\u010dkom dizajnu 3<br\/><\/p><\/li><li><a href=\"https:\/\/metart.metropolitan.ac.rs\/2024\/files\/2024\/07\/Sanja-Stamenkovic-AD372-Kompoziting-u-grafickom-dizajnu-1024x575.jpg\"><img loading=\"lazy\" decoding=\"async\" src=\"https:\/\/metart.metropolitan.ac.rs\/2024\/wp-content\/plugins\/justified-image-grid\/timthumb.php?src=https%3A%2F%2Fmetart.metropolitan.ac.rs%2F2024%2Ffiles%2F2024%2F07%2FSanja-Stamenkovic-AD372-Kompoziting-u-grafickom-dizajnu-1024x575.jpg&amp;h=380&amp;q=90&amp;f=.jpg\" alt=\"Sanja Stamenkovi\u0107 - AD372 - Kompoziting u grafi\u010dkom dizajnu\" width=\"676\" height=\"380\" \/><\/a><p class=\"jig-HTMLdescription\">Sanja Stamenkovi\u0107 - AD372 - Kompoziting u grafi\u010dkom dizajnu<br\/><\/p><\/li><li><a href=\"https:\/\/metart.metropolitan.ac.rs\/2024\/files\/2024\/07\/Sofija-Trpeski-AD372-Kompoziting-u-grafickom-dizajnu-1024x575.jpg\"><img loading=\"lazy\" decoding=\"async\" src=\"https:\/\/metart.metropolitan.ac.rs\/2024\/wp-content\/plugins\/justified-image-grid\/timthumb.php?src=https%3A%2F%2Fmetart.metropolitan.ac.rs%2F2024%2Ffiles%2F2024%2F07%2FSofija-Trpeski-AD372-Kompoziting-u-grafickom-dizajnu-1024x575.jpg&amp;h=380&amp;q=90&amp;f=.jpg\" alt=\"Sofija Trpeski - AD372 - Kompoziting u grafi\u010dkom dizajnu\" width=\"676\" height=\"380\" \/><\/a><p class=\"jig-HTMLdescription\">Sofija Trpeski - AD372 - Kompoziting u grafi\u010dkom dizajnu<br\/><\/p><\/li><li><a href=\"https:\/\/metart.metropolitan.ac.rs\/2024\/files\/2024\/07\/Teodora-Curovic-AD372-Kompoziting-u-grafickom-dizajnu-2-1024x575.jpg\"><img loading=\"lazy\" decoding=\"async\" src=\"https:\/\/metart.metropolitan.ac.rs\/2024\/wp-content\/plugins\/justified-image-grid\/timthumb.php?src=https%3A%2F%2Fmetart.metropolitan.ac.rs%2F2024%2Ffiles%2F2024%2F07%2FTeodora-Curovic-AD372-Kompoziting-u-grafickom-dizajnu-2-1024x575.jpg&amp;h=380&amp;q=90&amp;f=.jpg\" alt=\"Teodora \u010curovi\u0107 - AD372 - Kompoziting u grafi\u010dkom dizajnu 2\" width=\"676\" height=\"380\" \/><\/a><p class=\"jig-HTMLdescription\">Teodora \u010curovi\u0107 - AD372 - Kompoziting u grafi\u010dkom dizajnu 2<br\/><\/p><\/li><li><a href=\"https:\/\/metart.metropolitan.ac.rs\/2024\/files\/2024\/07\/Teodora-Curovic-AD372-Kompoziting-u-grafickom-dizajnu-1024x575.jpg\"><img loading=\"lazy\" decoding=\"async\" src=\"https:\/\/metart.metropolitan.ac.rs\/2024\/wp-content\/plugins\/justified-image-grid\/timthumb.php?src=https%3A%2F%2Fmetart.metropolitan.ac.rs%2F2024%2Ffiles%2F2024%2F07%2FTeodora-Curovic-AD372-Kompoziting-u-grafickom-dizajnu-1024x575.jpg&amp;h=380&amp;q=90&amp;f=.jpg\" alt=\"Teodora \u010curovi\u0107 - AD372 - Kompoziting u grafi\u010dkom dizajnu\" width=\"676\" height=\"380\" \/><\/a><p class=\"jig-HTMLdescription\">Teodora \u010curovi\u0107 - AD372 - Kompoziting u grafi\u010dkom dizajnu<br\/><\/p><\/li><\/ul><\/noscript><\/div>\n","protected":false},"excerpt":{"rendered":"","protected":false},"author":2,"featured_media":0,"parent":0,"menu_order":0,"comment_status":"closed","ping_status":"closed","template":"page-puna.php","meta":{"footnotes":""},"class_list":["post-7635","page","type-page","status-publish","hentry"],"_links":{"self":[{"href":"https:\/\/metart.metropolitan.ac.rs\/2024\/wp-json\/wp\/v2\/pages\/7635"}],"collection":[{"href":"https:\/\/metart.metropolitan.ac.rs\/2024\/wp-json\/wp\/v2\/pages"}],"about":[{"href":"https:\/\/metart.metropolitan.ac.rs\/2024\/wp-json\/wp\/v2\/types\/page"}],"author":[{"embeddable":true,"href":"https:\/\/metart.metropolitan.ac.rs\/2024\/wp-json\/wp\/v2\/users\/2"}],"replies":[{"embeddable":true,"href":"https:\/\/metart.metropolitan.ac.rs\/2024\/wp-json\/wp\/v2\/comments?post=7635"}],"version-history":[{"count":1,"href":"https:\/\/metart.metropolitan.ac.rs\/2024\/wp-json\/wp\/v2\/pages\/7635\/revisions"}],"predecessor-version":[{"id":7656,"href":"https:\/\/metart.metropolitan.ac.rs\/2024\/wp-json\/wp\/v2\/pages\/7635\/revisions\/7656"}],"wp:attachment":[{"href":"https:\/\/metart.metropolitan.ac.rs\/2024\/wp-json\/wp\/v2\/media?parent=7635"}],"curies":[{"name":"wp","href":"https:\/\/api.w.org\/{rel}","templated":true}]}}