{"id":7893,"date":"2024-07-16T18:40:28","date_gmt":"2024-07-16T16:40:28","guid":{"rendered":"https:\/\/metart.metropolitan.ac.rs\/?page_id=7893"},"modified":"2024-08-07T17:38:23","modified_gmt":"2024-08-07T15:38:23","slug":"naslovna-2","status":"publish","type":"page","link":"https:\/\/metart.metropolitan.ac.rs\/2024\/","title":{"rendered":"Naslovna"},"content":{"rendered":"<p><a href=\"#radovi\"><video autoplay=\"\" muted=\"\" loop=\"\" playsinline=\"\" style=\"width:100%;\"><source src=\"https:\/\/metart.metropolitan.ac.rs\/files\/2024\/07\/bg-video-v2.mp4\" type=\"video\/mp4\"><\/video><\/div>\n<div style=\"display:flex; align-items:center;\"><\/div>\n<div class=\"jas-container mt__50 mb__40\">\n<div class=\"black-b\">\n<div style=\"display:flex; align-items:center;\">\n<\/div>\n<p>Godi\u0161nja izlo\u017eba radova studenata Fakulteta digitalnih umetnosti iz Beograda i Ni\u0161a DizajnUM12, i <a href=\"https:\/\/metart.metropolitan.ac.rs\/\">peta digitalna izlo\u017eba<\/a>, nastala je u sinergiji studenata i profesora interdisciplinarnog dizajna koji se na Univerzitetu Metropolitan neguje ve\u0107 dve decenije.<\/p>\n<p>Originalni i inovativni radovi studenata u kojima oni preispitiuju stavove o svom sopstvenom identitetu i pro\u0161losti definisani su kroz razli\u010dite vizuelne forme.\u00a0 Vi\u0161eslojni identitet, razli\u010diti elementi \u017eivota, dru\u0161tveno prihvatanje i neprihvatanje, u\u010denje iz nesavr\u0161enosti vezuju ovu izlo\u017ebu u kolektivni jedinstveni kvalitetni autorski iskorak u dizajnu.<\/p>\n<p>U vremenu ograni\u010dene pa\u017enje, autenti\u010dna savremena dizajnerska praksa, sa li\u010dnim narativima postaje sve va\u017enija. Dizajneri danas te\u017ee da stvore radove koji ne samo da izgledaju estetski privla\u010dno, ve\u0107 i da prenose suptilnije, dublje poruke i zna\u010denja. Izlo\u017eba <a href=\"https:\/\/metart.metropolitan.ac.rs\/\">DizajnUM12<\/a> pru\u017ea uvid u razmi\u0161ljanja i kreativnost nove generacije dizajnera, ro\u0111enih nakon 2000. godine, sa radovima nastalim u turbulentnom vremenu razli\u010ditosti. Nalaze\u0107i red u dizajnu iz haosa spolja\u0161njeg sveta, oni ponavljaju pitanje kome umetnost i dizajn pripadaju danas.<\/p>\n<p><b>prof. dr Svetlana Smol\u010di\u0107 Makuljevi\u0107<\/b><\/p>\n<\/div>\n<div class=\"jas-row\" id=\"radovi\">\n<div class=\"jas-col-md-4 jas-col-sm-4 jas-col-xs-12\">\n<div class=\"meni\">\n<a href=\"https:\/\/metart.metropolitan.ac.rs\/graficki-dizajn-smer\/\">Grafi\u010dki dizajn<\/a>\n<\/div>\n<\/div>\n<div class=\"jas-col-md-4 jas-col-sm-4 jas-col-xs-12\">\n<div class=\"meni\">\n<a href=\"https:\/\/metart.metropolitan.ac.rs\/dizajn-interaktivnih-medija\/\">Dizajn interaktivnih medija<\/a>\n<\/div>\n<\/div>\n<div class=\"jas-col-md-4 jas-col-sm-4 jas-col-xs-12\">\n<div class=\"meni\">\n<a href=\"https:\/\/metart.metropolitan.ac.rs\/modni-dizajn\/\">Modni dizajn<\/a>\n<\/div>\n<\/div>\n<\/div>\n<div class=\"jas-row\">\n<div class=\"jas-col-md-12 jas-col-sm-12 jas-col-xs-12\">\n<a href=\"https:\/\/www.metropolitan.ac.rs\/upis\/\" target=\"_blank\" rel=\"noopener\" class=\"met-banner\" style=\"background:url(https:\/\/www.metropolitan.ac.rs\/files\/2024\/06\/slider-24-06-24.jpg);\"><\/a><\/p>\n<div class=\"prethodne\">\n<h2>Prethodne izlo\u017ebe<\/h2>\n<div class=\"pre-group\">\n<div class=\"pgc\"><a href=\"https:\/\/metart.metropolitan.ac.rs\/2023\/\" target=\"_blank\" rel=\"noopener\"><img decoding=\"async\" src=\"https:\/\/metart.metropolitan.ac.rs\/files\/2024\/07\/d11.png\" alt=\"Dizajn UM 11\" class=\"dumm11\"><\/a><\/div>\n<div class=\"pgc\"><a href=\"https:\/\/metart.metropolitan.ac.rs\/2022\/\" target=\"_blank\" rel=\"noopener\"><img decoding=\"async\" src=\"https:\/\/metart.metropolitan.ac.rs\/files\/2024\/07\/d10.png\" alt=\"Dizajn UM 10\" class=\"dumm10\"><\/a><\/div>\n<div class=\"pgc\"><a href=\"https:\/\/metart.metropolitan.ac.rs\/2021\/\" target=\"_blank\" rel=\"noopener\"><img decoding=\"async\" src=\"https:\/\/metart.metropolitan.ac.rs\/files\/2024\/07\/d9.png\" alt=\"Dizajn UM 9\" class=\"dumm9\"><\/a><\/div>\n<\/div>\n<\/div>\n<\/div>\n<\/div>\n<style>.povelje.upis a { background: #a70532 !important; color: #FFF !important; overflow: hidden; } .povelje.upis a:hover { background: #d8023d !important; } .vanta-canvas { display: none; } @media only screen and (max-width: 600px) {video { transform: scale(1.7); margin-top: 40px; margin-left:-20px;\" }}<\/style>\n","protected":false},"excerpt":{"rendered":"<p>Godi\u0161nja izlo\u017eba radova studenata Fakulteta digitalnih umetnosti iz Beograda i Ni\u0161a DizajnUM12, i peta digitalna izlo\u017eba, nastala je u sinergiji studenata i profesora interdisciplinarnog dizajna koji se na Univerzitetu Metropolitan neguje ve\u0107 dve decenije. Originalni i inovativni radovi studenata u kojima oni preispitiuju stavove o svom sopstvenom identitetu i pro\u0161losti definisani su kroz razli\u010dite vizuelne [&hellip;]<\/p>\n","protected":false},"author":1,"featured_media":0,"parent":0,"menu_order":0,"comment_status":"closed","ping_status":"closed","template":"page-puna.php","meta":{"footnotes":""},"class_list":["post-7893","page","type-page","status-publish","hentry"],"_links":{"self":[{"href":"https:\/\/metart.metropolitan.ac.rs\/2024\/wp-json\/wp\/v2\/pages\/7893"}],"collection":[{"href":"https:\/\/metart.metropolitan.ac.rs\/2024\/wp-json\/wp\/v2\/pages"}],"about":[{"href":"https:\/\/metart.metropolitan.ac.rs\/2024\/wp-json\/wp\/v2\/types\/page"}],"author":[{"embeddable":true,"href":"https:\/\/metart.metropolitan.ac.rs\/2024\/wp-json\/wp\/v2\/users\/1"}],"replies":[{"embeddable":true,"href":"https:\/\/metart.metropolitan.ac.rs\/2024\/wp-json\/wp\/v2\/comments?post=7893"}],"version-history":[{"count":25,"href":"https:\/\/metart.metropolitan.ac.rs\/2024\/wp-json\/wp\/v2\/pages\/7893\/revisions"}],"predecessor-version":[{"id":8040,"href":"https:\/\/metart.metropolitan.ac.rs\/2024\/wp-json\/wp\/v2\/pages\/7893\/revisions\/8040"}],"wp:attachment":[{"href":"https:\/\/metart.metropolitan.ac.rs\/2024\/wp-json\/wp\/v2\/media?parent=7893"}],"curies":[{"name":"wp","href":"https:\/\/api.w.org\/{rel}","templated":true}]}}