{"id":7904,"date":"2024-07-16T19:35:53","date_gmt":"2024-07-16T17:35:53","guid":{"rendered":"https:\/\/metart.metropolitan.ac.rs\/?page_id=7904"},"modified":"2024-07-16T20:23:40","modified_gmt":"2024-07-16T18:23:40","slug":"graficki-dizajn-smer","status":"publish","type":"page","link":"https:\/\/metart.metropolitan.ac.rs\/2024\/graficki-dizajn-smer\/","title":{"rendered":"Grafi\u010dki dizajn"},"content":{"rendered":"<div class=\"jas-container mt__50 mb__40\">\n<div class=\"black-b\">\n<p>Studijski program <a href=\"https:\/\/www.metropolitan.ac.rs\/fakultet-digitalnih-umetnosti-2\/graficki-dizajn\/\" rel=\"noopener\" target=\"_blank\">Grafi\u010dki dizajn<\/a> namenjen je onima koji \u017eele da svoju kreativnost i talenat preto\u010de odgovaraju\u0107im vizuelnim jezicima u forme koje su umetni\u010dka dela, ali imaju i svoju prakti\u010dnu namenu u savremenom potro\u0161a\u010dkom dru\u0161tvu. Studenti se osposobljavanju za kreativan i umetni\u010dki rad na konkretnim zadacima i poslovima grafi\u010dkog dizajnera kao \u0161to su: vizuelni i korporativni identitet proizvoda ili firme, idejno-grafi\u010dko re\u0161enje loga, oblikovanje fontova, dizajn \u0161tampanih materijala kao \u0161to su plakati, bilobordi, bro\u0161ure, katalozi, knjige, ambala\u017ee, ilustracije. Tako\u0111e, se upoznaju sa likovnim principima komponovanja koja primenjuju ne samo kroz crte\u017e i sliku, ve\u0107 i kroz savremenije vidove vizuelnog izra\u017eavanja koje obuhvata grafi\u010dki dizajn.<\/p>\n<p>Diplomirani studenti su kvalifikovani da se uspe\u0161no bave profesionalnim dizajnerskim re\u0161enjima, u skladu sa o\u010dekivanjima i potrebama tr\u017ei\u0161ta i poslodavaca. Studenti edukovani ovim programom osposobljeni su za samostalno umetni\u010dko delovanje i pru\u017ea im se mogu\u0107nost zaposlenja u dizajn studijima, produkcijskim i medijskim ku\u0107ama, marketin\u0161kim agencijama, modnim ku\u0107ama, institucijama kulture i izdava\u010dkim ku\u0107ama.<\/p>\n<\/div>\n<\/div>\n<div class=\"meni me-ll\"><a href=\"https:\/\/metart.metropolitan.ac.rs\/3d-modelovanje\/\">3D modelovanje<\/a><\/div>\n<div class=\"meni me-ll\"><a href=\"https:\/\/metart.metropolitan.ac.rs\/crtanje\/\">Crtanje<\/a><\/div>\n<div class=\"meni me-ll\"><a href=\"https:\/\/metart.metropolitan.ac.rs\/digitalna-fotografija\/\">Digitalna fotografija<\/a><\/div>\n<div class=\"meni me-ll\"><a href=\"https:\/\/metart.metropolitan.ac.rs\/digitalna-ilustracija\/\">Digitalna ilustracija<\/a><\/div>\n<div class=\"meni me-ll\"><a href=\"https:\/\/metart.metropolitan.ac.rs\/digitalne-komunikacije-2\/\">Digitalne komunikacije<\/a><\/div>\n<div class=\"meni me-ll\"><a href=\"https:\/\/metart.metropolitan.ac.rs\/graficki-dizajn\/\">Grafi\u010dki dizajn<\/a><\/div>\n<div class=\"meni me-ll\"><a href=\"https:\/\/metart.metropolitan.ac.rs\/graficki-dizajn-2\/\">Grafi\u010dki dizajn<\/a><\/div>\n<div class=\"meni me-ll\"><a href=\"https:\/\/metart.metropolitan.ac.rs\/istorija-dizajna\/\">Istorija dizajna<\/a><\/div>\n<div class=\"meni me-ll\"><a href=\"https:\/\/metart.metropolitan.ac.rs\/istorija-moderne-umetnosti\/\">Istorija moderne umetnosti<\/a><\/div>\n<div class=\"meni me-ll\"><a href=\"https:\/\/metart.metropolitan.ac.rs\/istorija-umetnosti-novog-veka\/\">Istorija umetnosti novog veka<\/a><\/div>\n<div class=\"meni me-ll\"><a href=\"https:\/\/metart.metropolitan.ac.rs\/istorija-umetnosti-starog-i-srednjeg-veka\/\">Istorija umetnosti starog i srednjeg veka<\/a><\/div>\n<div class=\"meni me-ll\"><a href=\"https:\/\/metart.metropolitan.ac.rs\/kompoziting-u-grafickom-dizajnu\/\">Kompoziting u grafi\u010dkom dizajnu<\/a><\/div>\n<div class=\"meni me-ll\"><a href=\"https:\/\/metart.metropolitan.ac.rs\/korporativni-identitet\/\">Korporativni identitet<\/a><\/div>\n<div class=\"meni me-ll\"><a href=\"https:\/\/metart.metropolitan.ac.rs\/likovna-forma\/\">Likovna forma<\/a><\/div>\n<div class=\"meni me-ll\"><a href=\"https:\/\/metart.metropolitan.ac.rs\/pismo\/\">Pismo<\/a><\/div>\n<div class=\"meni me-ll\"><a href=\"https:\/\/metart.metropolitan.ac.rs\/svetlo-i-render\/\">Svetlo i render<\/a><\/div>\n<div class=\"meni me-ll\"><a href=\"https:\/\/metart.metropolitan.ac.rs\/tipografija\/\">Tipografija<\/a><\/div>\n<div class=\"meni me-ll\"><a href=\"https:\/\/metart.metropolitan.ac.rs\/vizuelni-identitet\/\">Vizuelni identitet<\/a><\/div>\n","protected":false},"excerpt":{"rendered":"<p>Studijski program Grafi\u010dki dizajn namenjen je onima koji \u017eele da svoju kreativnost i talenat preto\u010de odgovaraju\u0107im vizuelnim jezicima u forme koje su umetni\u010dka dela, ali imaju i svoju prakti\u010dnu namenu u savremenom potro\u0161a\u010dkom dru\u0161tvu. Studenti se osposobljavanju za kreativan i umetni\u010dki rad na konkretnim zadacima i poslovima grafi\u010dkog dizajnera kao \u0161to su: vizuelni i korporativni [&hellip;]<\/p>\n","protected":false},"author":1,"featured_media":0,"parent":0,"menu_order":0,"comment_status":"closed","ping_status":"closed","template":"page-puna.php","meta":{"footnotes":""},"class_list":["post-7904","page","type-page","status-publish","hentry"],"_links":{"self":[{"href":"https:\/\/metart.metropolitan.ac.rs\/2024\/wp-json\/wp\/v2\/pages\/7904"}],"collection":[{"href":"https:\/\/metart.metropolitan.ac.rs\/2024\/wp-json\/wp\/v2\/pages"}],"about":[{"href":"https:\/\/metart.metropolitan.ac.rs\/2024\/wp-json\/wp\/v2\/types\/page"}],"author":[{"embeddable":true,"href":"https:\/\/metart.metropolitan.ac.rs\/2024\/wp-json\/wp\/v2\/users\/1"}],"replies":[{"embeddable":true,"href":"https:\/\/metart.metropolitan.ac.rs\/2024\/wp-json\/wp\/v2\/comments?post=7904"}],"version-history":[{"count":2,"href":"https:\/\/metart.metropolitan.ac.rs\/2024\/wp-json\/wp\/v2\/pages\/7904\/revisions"}],"predecessor-version":[{"id":8005,"href":"https:\/\/metart.metropolitan.ac.rs\/2024\/wp-json\/wp\/v2\/pages\/7904\/revisions\/8005"}],"wp:attachment":[{"href":"https:\/\/metart.metropolitan.ac.rs\/2024\/wp-json\/wp\/v2\/media?parent=7904"}],"curies":[{"name":"wp","href":"https:\/\/api.w.org\/{rel}","templated":true}]}}