{"id":7934,"date":"2024-07-16T20:05:29","date_gmt":"2024-07-16T18:05:29","guid":{"rendered":"https:\/\/metart.metropolitan.ac.rs\/?page_id=7934"},"modified":"2024-07-16T20:25:29","modified_gmt":"2024-07-16T18:25:29","slug":"dizajn-interaktivnih-medija","status":"publish","type":"page","link":"https:\/\/metart.metropolitan.ac.rs\/2024\/dizajn-interaktivnih-medija\/","title":{"rendered":"Dizajn interaktivnih medija"},"content":{"rendered":"<div class=\"jas-container mt__50 mb__40\">\n<div class=\"black-b\">\n<p><a href=\"https:\/\/www.metropolitan.ac.rs\/fakultet-digitalnih-umetnosti-2\/dizajn-interaktivnih-medija\/\" rel=\"noopener\" target=\"_blank\">Diz\u0430jn inter\u0430ktivnih medij\u0430<\/a>, k\u0430o jedn\u0430 od obl\u0430sti primenjenih umetnosti, n\u0430 jedinstven n\u0430\u010din objedinjuje pr\u0430kti\u010dnu i estetsku str\u0430nu umetnosti. Program omogu\u0107ava sticanje teorijskih, stru\u010dnih i prakti\u010dnih znanja iz oblasti digitalnih umetnosti, grafi\u010dkog dizajna i \u0161ireg spektra dru\u0161tveno-humanisti\u010dkih predmeta. Studenti Dizajna interaktivnih medija sti\u010du znanja o tehnolo\u0161kim i estetskim osobinama i mogu\u0107nostima veb dizajna i animacije, kao i dizajna ra\u010dunarskih igara, ali i o svim segmentima procesa kreiranja animiranog filma i kratkih animiranih formi. Tako\u0111e, studenti u\u010de kako da re\u0161avaju kompleksne zadatake u razli\u010ditim novomedijskim okru\u017eenjima, kao \u0161to su napredna upotreba videa, izrada 3D video igara, obrada i primena zvuka, aplikativni interfejs dizajn, korporativni interaktivni interfejs dizajn, dizajn karaktera i okru\u017eenja za video igre.<\/p>\n<\/div>\n<\/div>\n<div class=\"meni me-ll\"><a href=\"https:\/\/metart.metropolitan.ac.rs\/3d-modelovanje-maya\/\">3D modelovanje (maya)<\/a><\/div>\n<div class=\"meni me-ll\"><a href=\"https:\/\/metart.metropolitan.ac.rs\/crtanje\/\">Crtanje<\/a><\/div>\n<div class=\"meni me-ll\"><a href=\"https:\/\/metart.metropolitan.ac.rs\/digitalna-fotografija\/\">Digitalna fotografija<\/a><\/div>\n<div class=\"meni me-ll\"><a href=\"https:\/\/metart.metropolitan.ac.rs\/digitalne-komunikacije\/\">Digitalne komunikacije<\/a><\/div>\n<div class=\"meni me-ll\"><a href=\"https:\/\/metart.metropolitan.ac.rs\/dizajn-interaktivnih-medija\/\">Dizajn interaktivnih medija<\/a><\/div>\n<div class=\"meni me-ll\"><a href=\"https:\/\/metart.metropolitan.ac.rs\/istorija-dizajna\/\">Istorija dizajna<\/a><\/div>\n<div class=\"meni me-ll\"><a href=\"https:\/\/metart.metropolitan.ac.rs\/istorija-moderne-umetnosti\/\">Istorija moderne umetnosti<\/a><\/div>\n<div class=\"meni me-ll\"><a href=\"https:\/\/metart.metropolitan.ac.rs\/istorija-umetnosti-novog-veka\/\">Istorija umetnosti novog veka<\/a><\/div>\n<div class=\"meni me-ll\"><a href=\"https:\/\/metart.metropolitan.ac.rs\/istorija-umetnosti-starog-i-srednjeg-veka\/\">Istorija umetnosti starog i srednjeg veka<\/a><\/div>\n<div class=\"meni me-ll\"><a href=\"https:\/\/metart.metropolitan.ac.rs\/likovna-forma\/\">Likovna forma<\/a><\/div>\n<div class=\"meni me-ll\"><a href=\"https:\/\/metart.metropolitan.ac.rs\/svetlo-i-render\/\">Svetlo i render<\/a><\/div>\n<div class=\"meni me-ll\"><a href=\"https:\/\/metart.metropolitan.ac.rs\/vizuelna-naracija-i-dramaturgija\/\">Vizuelna naracija i dramaturgija<\/a><\/div>\n<div class=\"meni me-ll\"><a href=\"https:\/\/metart.metropolitan.ac.rs\/vizuelni-efekti\/\">Vizuelni efekti<\/a><\/div>\n","protected":false},"excerpt":{"rendered":"<p>Diz\u0430jn inter\u0430ktivnih medij\u0430, k\u0430o jedn\u0430 od obl\u0430sti primenjenih umetnosti, n\u0430 jedinstven n\u0430\u010din objedinjuje pr\u0430kti\u010dnu i estetsku str\u0430nu umetnosti. Program omogu\u0107ava sticanje teorijskih, stru\u010dnih i prakti\u010dnih znanja iz oblasti digitalnih umetnosti, grafi\u010dkog dizajna i \u0161ireg spektra dru\u0161tveno-humanisti\u010dkih predmeta. Studenti Dizajna interaktivnih medija sti\u010du znanja o tehnolo\u0161kim i estetskim osobinama i mogu\u0107nostima veb dizajna i animacije, kao [&hellip;]<\/p>\n","protected":false},"author":1,"featured_media":0,"parent":0,"menu_order":0,"comment_status":"closed","ping_status":"closed","template":"page-puna.php","meta":{"footnotes":""},"class_list":["post-7934","page","type-page","status-publish","hentry"],"_links":{"self":[{"href":"https:\/\/metart.metropolitan.ac.rs\/2024\/wp-json\/wp\/v2\/pages\/7934"}],"collection":[{"href":"https:\/\/metart.metropolitan.ac.rs\/2024\/wp-json\/wp\/v2\/pages"}],"about":[{"href":"https:\/\/metart.metropolitan.ac.rs\/2024\/wp-json\/wp\/v2\/types\/page"}],"author":[{"embeddable":true,"href":"https:\/\/metart.metropolitan.ac.rs\/2024\/wp-json\/wp\/v2\/users\/1"}],"replies":[{"embeddable":true,"href":"https:\/\/metart.metropolitan.ac.rs\/2024\/wp-json\/wp\/v2\/comments?post=7934"}],"version-history":[{"count":2,"href":"https:\/\/metart.metropolitan.ac.rs\/2024\/wp-json\/wp\/v2\/pages\/7934\/revisions"}],"predecessor-version":[{"id":8006,"href":"https:\/\/metart.metropolitan.ac.rs\/2024\/wp-json\/wp\/v2\/pages\/7934\/revisions\/8006"}],"wp:attachment":[{"href":"https:\/\/metart.metropolitan.ac.rs\/2024\/wp-json\/wp\/v2\/media?parent=7934"}],"curies":[{"name":"wp","href":"https:\/\/api.w.org\/{rel}","templated":true}]}}