{"id":7936,"date":"2024-07-16T20:05:56","date_gmt":"2024-07-16T18:05:56","guid":{"rendered":"https:\/\/metart.metropolitan.ac.rs\/?page_id=7936"},"modified":"2024-07-19T17:22:37","modified_gmt":"2024-07-19T15:22:37","slug":"modni-dizajn","status":"publish","type":"page","link":"https:\/\/metart.metropolitan.ac.rs\/2024\/modni-dizajn\/","title":{"rendered":"Modni dizajn"},"content":{"rendered":"<div class=\"jas-container mt__50 mb__40\">\n<div class=\"black-b\">\n<p><a href=\"https:\/\/www.metropolitan.ac.rs\/fakultet-digitalnih-umetnosti-2\/modni-dizajn\/\" rel=\"noopener\" target=\"_blank\">Modni dizajn<\/a> je postao jedan od najatraktivnijih oblasti dizajna, ali i deo veoma zahtevnih grana svetske industrije. U prakti\u010dnom smislu modni dizajn omogu\u0107ava implementaciju i drugih zna\u010dajnih grana primenjene umetnosti. Studenti Modnog dizajna u\u010de se da razumeju zna\u010daj komunikacije i kriti\u010dkog razmi\u0161ljanja globalne industrije. Studije Modnog dizajna na Univerzitetu Metropolitan su istovremeno i izazov i inspiracija, spajaju\u0107i umetni\u010dke, tehni\u010dke i teorijske elemente u realisti\u010dan pristup modnoj industriji. Diplomirani modni dizajneri mogu u individualnom ili timskom radu da demonstriraju znanje iz svih aspekata modnog dizajna &#8211; od modne skice, kako autorske tako i industrijske, kompjuterskih aplikacija, pa sve do realizacije modne kolekcije, samih odevnih komada. Studenti koji zavr\u0161e ovaj smer tako\u0111e su stekli znanja iz oblasti modnog marketinga neophodna u uspe\u0161nom tr\u017ei\u0161nom pozicioniranju.<\/p>\n<\/div>\n<\/div>\n<div class=\"meni me-ll\"><a href=\"https:\/\/metart.metropolitan.ac.rs\/uvod-u-3d-modni-dizajn\/\">3D modni dizajn<\/a><\/div>\n<div class=\"meni me-ll\"><a href=\"https:\/\/metart.metropolitan.ac.rs\/crtanje\/\">Crtanje<\/a><\/div>\n<div class=\"meni me-ll\"><a href=\"https:\/\/metart.metropolitan.ac.rs\/digitalna-fotografija\/\">Digitalna fotografija<\/a><\/div>\n<div class=\"meni me-ll\"><a href=\"https:\/\/metart.metropolitan.ac.rs\/istorija-dizajna\/\">Istorija dizajna<\/a><\/div>\n<div class=\"meni me-ll\"><a href=\"https:\/\/metart.metropolitan.ac.rs\/istorija-moderne-umetnosti\/\">Istorija moderne umetnosti<\/a><\/div>\n<div class=\"meni me-ll\"><a href=\"https:\/\/metart.metropolitan.ac.rs\/istorija-umetnosti-novog-veka\/\">Istorija umetnosti novog veka<\/a><\/div>\n<div class=\"meni me-ll\"><a href=\"https:\/\/metart.metropolitan.ac.rs\/istorija-umetnosti-starog-i-srednjeg-veka\/\">Istorija umetnosti starog i srednjeg veka<\/a><\/div>\n<div class=\"meni me-ll\"><a href=\"https:\/\/metart.metropolitan.ac.rs\/likovna-forma\/\">Likovna forma<\/a><\/div>\n<div class=\"meni me-ll\"><a href=\"https:\/\/metart.metropolitan.ac.rs\/modni-dizajn\/\">Modni dizajn<\/a><\/div>\n<div class=\"meni me-ll\"><a href=\"https:\/\/metart.metropolitan.ac.rs\/osnove-savremenog-odevanja\/\">Osnove savremenog odevanja<\/a><\/div>\n<div class=\"meni me-ll\"><a href=\"https:\/\/metart.metropolitan.ac.rs\/uvod-u-modnu-ilustraciju\/\">Uvod u modnu ilustraciju<\/a><\/div>\n<div class=\"meni me-ll\"><a href=\"https:\/\/metart.metropolitan.ac.rs\/modni-marketing\/\">Modni marketing<\/a><\/div>\n","protected":false},"excerpt":{"rendered":"<p>Modni dizajn je postao jedan od najatraktivnijih oblasti dizajna, ali i deo veoma zahtevnih grana svetske industrije. U prakti\u010dnom smislu modni dizajn omogu\u0107ava implementaciju i drugih zna\u010dajnih grana primenjene umetnosti. Studenti Modnog dizajna u\u010de se da razumeju zna\u010daj komunikacije i kriti\u010dkog razmi\u0161ljanja globalne industrije. Studije Modnog dizajna na Univerzitetu Metropolitan su istovremeno i izazov i [&hellip;]<\/p>\n","protected":false},"author":1,"featured_media":0,"parent":0,"menu_order":0,"comment_status":"closed","ping_status":"closed","template":"page-puna.php","meta":{"footnotes":""},"class_list":["post-7936","page","type-page","status-publish","hentry"],"_links":{"self":[{"href":"https:\/\/metart.metropolitan.ac.rs\/2024\/wp-json\/wp\/v2\/pages\/7936"}],"collection":[{"href":"https:\/\/metart.metropolitan.ac.rs\/2024\/wp-json\/wp\/v2\/pages"}],"about":[{"href":"https:\/\/metart.metropolitan.ac.rs\/2024\/wp-json\/wp\/v2\/types\/page"}],"author":[{"embeddable":true,"href":"https:\/\/metart.metropolitan.ac.rs\/2024\/wp-json\/wp\/v2\/users\/1"}],"replies":[{"embeddable":true,"href":"https:\/\/metart.metropolitan.ac.rs\/2024\/wp-json\/wp\/v2\/comments?post=7936"}],"version-history":[{"count":3,"href":"https:\/\/metart.metropolitan.ac.rs\/2024\/wp-json\/wp\/v2\/pages\/7936\/revisions"}],"predecessor-version":[{"id":8038,"href":"https:\/\/metart.metropolitan.ac.rs\/2024\/wp-json\/wp\/v2\/pages\/7936\/revisions\/8038"}],"wp:attachment":[{"href":"https:\/\/metart.metropolitan.ac.rs\/2024\/wp-json\/wp\/v2\/media?parent=7936"}],"curies":[{"name":"wp","href":"https:\/\/api.w.org\/{rel}","templated":true}]}}